{"id":9596,"date":"2025-09-17T12:38:39","date_gmt":"2025-09-17T10:38:39","guid":{"rendered":"https:\/\/boreait.com\/hu\/?post_type=product&#038;p=9596"},"modified":"2025-10-15T14:12:47","modified_gmt":"2025-10-15T12:12:47","slug":"uj-156-fhd-ips-matt-laptop-kepernyo-30-tus-edp-mb156cs01-8","status":"publish","type":"product","link":"https:\/\/boreait.com\/hu\/termek\/uj-156-fhd-ips-matt-laptop-kepernyo-30-tus-edp-mb156cs01-8\/","title":{"rendered":"\u00daJ 15,6&#8243; FHD IPS matt laptop k\u00e9perny\u0151 30 t\u0171s eDP &#8211; MB156CS01-8"},"content":{"rendered":"<p><strong>T\u00e9nyleges LCD-k\u00e9perny\u0151s modell: B156ZAN03.6 vagy N156HCA-EAB Rev C.4 \u2013 teljesen kompatibilis a k\u00f6vetkez\u0151vel: <span data-sheets-root=\"1\" data-sheets-value=\"{&quot;1&quot;:2,&quot;2&quot;:&quot;MB156CS0}1-8&quot; data-sheets-userformat=\"{&quot;2&quot;:513,&quot;3&quot;:{&quot;1&quot;:0},&quot;12&quot;:0}\">MB156CS01-8<\/span><\/strong><\/p>\n<p><strong>MB156CS01-8 15,6 h\u00fcvelykes FHD IPS laptop k\u00e9perny\u0151<\/strong><\/p>\n<p>Alak\u00edtsa \u00e1t laptopja vizu\u00e1lis \u00e9lm\u00e9ny\u00e9t az <strong>MB156CS01-8<\/strong> LCD-k\u00e9perny\u0151vel. Ez a 15,6 h\u00fcvelykes Full HD kijelz\u0151 1920 x 1080 felbont\u00e1st biztos\u00edt, \u00edgy t\u00f6k\u00e9letes minden feladathoz, a b\u00f6ng\u00e9sz\u00e9st\u0151l \u00e9s az irodai munk\u00e1t\u00f3l a vide\u00f3szerkeszt\u00e9sig \u00e9s a j\u00e1t\u00e9kig. Az IPS (In-Plane Switching) technol\u00f3gia kiv\u00e9teles sz\u00ednpontoss\u00e1got \u00e9s konzisztens f\u00e9nyer\u0151t biztos\u00edt, sz\u00e9les betekint\u00e9si sz\u00f6gekkel, amelyek minden perspekt\u00edv\u00e1b\u00f3l meg\u0151rzik a min\u0151s\u00e9get.<\/p>\n<p>A k\u00e9perny\u0151 matt fel\u00fclettel rendelkezik, amely hat\u00e9konyan cs\u00f6kkenti a t\u00fckr\u00f6z\u0151d\u00e9st, \u00e9s k\u00e9nyelmes megtekint\u00e9si \u00e9lm\u00e9nyt biztos\u00edt b\u00e1rmilyen megvil\u00e1g\u00edt\u00e1s\u00fa k\u00f6rnyezetben. Ak\u00e1r vil\u00e1gos irod\u00e1ban, ak\u00e1r gyeng\u00e9n megvil\u00e1g\u00edtott helyis\u00e9gben tart\u00f3zkodik, a t\u00fckr\u00f6z\u0151d\u00e9smentes bevonat minim\u00e1lisra cs\u00f6kkenti a t\u00fckr\u00f6z\u0151d\u00e9st, cs\u00f6kkenti a szem meger\u0151ltet\u00e9s\u00e9t \u00e9s jav\u00edtja a vizu\u00e1lis k\u00e9nyelmet.<\/p>\n<h4>F\u0151bb jellemz\u0151k:<\/h4>\n<ul>\n<li><strong>Full HD felbont\u00e1s:<\/strong> \u00c9lvezze a nagy felbont\u00e1s\u00fa r\u00e9szleteket az 1920 x 1080-as felbont\u00e1ssal, amely \u00e9l\u00e9nk tisztas\u00e1ggal kelt \u00e9letre k\u00e9peket \u00e9s vide\u00f3kat.<\/li>\n<li><strong>IPS technol\u00f3gia:<\/strong> Konzisztens sz\u00edneket \u00e9s \u00e9les l\u00e1tv\u00e1nyt kap a sz\u00e9les, 178 fokos l\u00e1t\u00f3sz\u00f6gben, \u00edgy a k\u00e9perny\u0151 b\u00e1rmilyen n\u00e9z\u0151pontb\u00f3l nagyszer\u0171en n\u00e9z ki.<\/li>\n<li><strong>Matt fel\u00fclet:<\/strong> A t\u00fckr\u00f6z\u0151d\u00e9smentes fel\u00fclet minim\u00e1lisra cs\u00f6kkenti a visszaver\u0151d\u00e9st, \u00edgy k\u00f6nnyebb\u00e9 teszi a szemet hossz\u00fa haszn\u00e1lat sor\u00e1n \u00e9s er\u0151sen megvil\u00e1g\u00edtott k\u00f6rnyezetben.<\/li>\n<li><strong>30 t\u0171s eDP-csatlakoz\u00f3:<\/strong> ez a k\u00e9perny\u0151 30 t\u0171s be\u00e1gyazott DisplayPort (eDP) csatlakoz\u00f3val rendelkezik, amely sz\u00e9les k\u00f6r\u0171 kompatibilit\u00e1st \u00e9s egyszer\u0171 telep\u00edt\u00e9st biztos\u00edt a k\u00fcl\u00f6nb\u00f6z\u0151 laptopmodellekkel.<\/li>\n<li><strong>Egyszer\u0171 telep\u00edt\u00e9s:<\/strong> K\u00e9toldalas ragaszt\u00f3cs\u00edkokat tartalmaz a probl\u00e9mamentes be\u00e1ll\u00edt\u00e1s \u00e9rdek\u00e9ben.<\/li>\n<\/ul>\n<p>Az <strong>MB156CS01-8<\/strong> LCD-k\u00e9perny\u0151 fantasztikus v\u00e1laszt\u00e1s mindazok sz\u00e1m\u00e1ra, akik kicser\u00e9lik a s\u00e9r\u00fclt k\u00e9perny\u0151t vagy friss\u00edtik laptopjuk kijelz\u0151j\u00e9t. Leny\u0171g\u00f6z\u0151 k\u00e9pmin\u0151s\u00e9g\u00e9vel \u00e9s egyszer\u0171 telep\u00edt\u00e9s\u00e9vel ezt a k\u00e9perny\u0151t \u00fagy tervezt\u00e9k, hogy jav\u00edtsa a sz\u00e1m\u00edt\u00e1stechnikai \u00e9lm\u00e9nyt. V\u00e1s\u00e1rl\u00e1s el\u0151tt gy\u0151z\u0151dj\u00f6n meg arr\u00f3l, hogy a csatlakoz\u00f3 t\u00edpusa, a k\u00e9perny\u0151 m\u00e9rete \u00e9s a felbont\u00e1sa kompatibilis a laptop modellj\u00e9vel.<\/p>\n","protected":false},"excerpt":{"rendered":"<p>Friss\u00edtse laptopj\u00e1t a <strong>MB156CS01-8<\/strong> 15,6 h\u00fcvelykes Full HD IPS k\u00e9perny\u0151vel. \u00c9lvezze az \u00e9l\u00e9nk sz\u00edneket \u00e9s az egyenletes k\u00e9pmin\u0151s\u00e9get az IPS technol\u00f3gi\u00e1val \u00e9s a matt fel\u00fclettel, amely cs\u00f6kkenti a t\u00fckr\u00f6z\u0151d\u00e9st. 30 t\u0171s eDP-csatlakoz\u00f3val \u00e9s k\u00e9toldalas ragaszt\u00f3cs\u00edkokkal rendelkezik az egyszer\u0171 telep\u00edt\u00e9s \u00e9rdek\u00e9ben. V\u00e1s\u00e1rl\u00e1s el\u0151tt ellen\u0151rizze a laptopmodell kompatibilit\u00e1s\u00e1t.<\/p>\n","protected":false},"featured_media":9615,"template":"","meta":[],"product_brand":[],"product_cat":[81,71],"product_tag":[],"class_list":{"0":"post-9596","1":"product","2":"type-product","3":"status-publish","4":"has-post-thumbnail","6":"product_cat-15-6-new-laptop-screens-lcd-panels","7":"product_cat-new-laptop-screens-lcd-panels","9":"first","10":"instock","11":"taxable","12":"shipping-taxable","13":"purchasable","14":"product-type-simple"},"_links":{"self":[{"href":"https:\/\/boreait.com\/hu\/wp-json\/wp\/v2\/product\/9596","targetHints":{"allow":["GET"]}}],"collection":[{"href":"https:\/\/boreait.com\/hu\/wp-json\/wp\/v2\/product"}],"about":[{"href":"https:\/\/boreait.com\/hu\/wp-json\/wp\/v2\/types\/product"}],"wp:featuredmedia":[{"embeddable":true,"href":"https:\/\/boreait.com\/hu\/wp-json\/wp\/v2\/media\/9615"}],"wp:attachment":[{"href":"https:\/\/boreait.com\/hu\/wp-json\/wp\/v2\/media?parent=9596"}],"wp:term":[{"taxonomy":"product_brand","embeddable":true,"href":"https:\/\/boreait.com\/hu\/wp-json\/wp\/v2\/product_brand?post=9596"},{"taxonomy":"product_cat","embeddable":true,"href":"https:\/\/boreait.com\/hu\/wp-json\/wp\/v2\/product_cat?post=9596"},{"taxonomy":"product_tag","embeddable":true,"href":"https:\/\/boreait.com\/hu\/wp-json\/wp\/v2\/product_tag?post=9596"}],"curies":[{"name":"wp","href":"https:\/\/api.w.org\/{rel}","templated":true}]}}