{"id":9595,"date":"2025-09-17T12:38:39","date_gmt":"2025-09-17T10:38:39","guid":{"rendered":"https:\/\/boreait.com\/hu\/?post_type=product&#038;p=9595"},"modified":"2025-10-15T14:12:47","modified_gmt":"2025-10-15T12:12:47","slug":"uj-156-fhd-ips-matt-laptop-kepernyo-lcm156be0015-30-tus-edp","status":"publish","type":"product","link":"https:\/\/boreait.com\/hu\/termek\/uj-156-fhd-ips-matt-laptop-kepernyo-lcm156be0015-30-tus-edp\/","title":{"rendered":"\u00daJ 15,6&#8243; FHD IPS matt laptop k\u00e9perny\u0151 LCM156BE0015 &#8211; 30 t\u0171s eDP"},"content":{"rendered":"<p><strong>T\u00e9nyleges LCD-k\u00e9perny\u0151s modell: B156ZAN03.6 vagy N156HCA-EAB Rev C.4 \u2013 teljes m\u00e9rt\u00e9kben kompatibilis a k\u00f6vetkez\u0151vel: <span data-sheets-root=\"1\" data-sheets-value=\"{&quot;1&quot;:2,&quot;2&quot;:&quot;LCM15\"15&quot; data-sheets-userformat=\"{&quot;2&quot;:513,&quot;3&quot;:{&quot;1&quot;:0},&quot;12&quot;:0}\">LCM156BE0015<\/span><\/strong><\/p>\n<p><strong>LCM156BE0015 15,6 h\u00fcvelykes FHD IPS laptop k\u00e9perny\u0151<\/strong><\/p>\n<p>N\u00f6velje laptopja megjelen\u00edt\u00e9si k\u00e9pess\u00e9geit az <strong>LCM156BE0015<\/strong> LCD-k\u00e9perny\u0151vel, amelyet \u00fagy terveztek, hogy leny\u0171g\u00f6z\u0151 l\u00e1tv\u00e1nyt \u00e9s megb\u00edzhat\u00f3 teljes\u00edtm\u00e9nyt ny\u00fajtson. A 15,6 h\u00fcvelykes Full HD kijelz\u0151vel ez a k\u00e9perny\u0151 \u00e9les, 1920 x 1080 felbont\u00e1st k\u00edn\u00e1l, tiszta \u00e9s \u00e9l\u00e9nk k\u00e9peket biztos\u00edtva, amelyek fokozz\u00e1k a megtekint\u00e9si \u00e9lm\u00e9nyt. Ak\u00e1r filmet n\u00e9z, ak\u00e1r r\u00e9szletes grafik\u00e1n dolgozik, ak\u00e1r j\u00e1t\u00e9kokat j\u00e1tszik, a fejlett IPS (In-Plane Switching) technol\u00f3gia \u00e9leth\u0171 sz\u00ednvisszaad\u00e1st \u00e9s egyenletes f\u00e9nyer\u0151t biztos\u00edt a l\u00e1t\u00f3sz\u00f6gek sz\u00e9les sk\u00e1l\u00e1j\u00e1n.<\/p>\n<p>Ezt a k\u00e9perny\u0151t matt fel\u00fclettel tervezt\u00e9k, amely minim\u00e1lisra cs\u00f6kkenti a t\u00fckr\u00f6z\u0151d\u00e9st, \u00edgy k\u00f6nnyebben b\u00e1ntja a szemet, \u00e9s ide\u00e1lis a k\u00fcl\u00f6nf\u00e9le f\u00e9nyviszonyok melletti haszn\u00e1latra. Ak\u00e1r egy er\u0151sen megvil\u00e1g\u00edtott irod\u00e1ban, ak\u00e1r otthon tart\u00f3zkodik, k\u00e9nyelmes megtekint\u00e9si \u00e9lm\u00e9nyben lesz r\u00e9sze, zavar\u00f3 t\u00fckr\u00f6z\u0151d\u00e9sek n\u00e9lk\u00fcl.<\/p>\n<h4>F\u0151bb jellemz\u0151k:<\/h4>\n<ul>\n<li><strong>Nagy felbont\u00e1s\u00fa kijelz\u0151:<\/strong> Az 1920 x 1080-as Full HD felbont\u00e1s \u00e9les \u00e9s r\u00e9szletgazdag k\u00e9pet biztos\u00edt, amely b\u00e1rmilyen alkalmaz\u00e1shoz t\u00f6k\u00e9letes.<\/li>\n<li><strong>IPS technol\u00f3gia:<\/strong> \u00c9lvezze az \u00e9l\u00e9nk sz\u00edneket \u00e9s a sz\u00e9les, 178 fokos betekint\u00e9si sz\u00f6geket az egyenletes k\u00e9pmin\u0151s\u00e9g \u00e9rdek\u00e9ben, ak\u00e1r egyenesen, ak\u00e1r oldalr\u00f3l n\u00e9z.<\/li>\n<li><strong>Matt fel\u00fclet:<\/strong> A t\u00fckr\u00f6z\u0151d\u00e9smentes bevonat cs\u00f6kkenti a visszaver\u0151d\u00e9st, tiszta k\u00e9pet biztos\u00edt m\u00e9g vil\u00e1gos k\u00f6rnyezetben is, \u00e9s seg\u00edt cs\u00f6kkenteni a szem f\u00e1rad\u00e1s\u00e1t a hosszan tart\u00f3 haszn\u00e1lat sor\u00e1n.<\/li>\n<li><strong>30 t\u0171s eDP-csatlakoz\u00f3:<\/strong> A 30 t\u0171s be\u00e1gyazott DisplayPort (eDP) csatlakoz\u00f3val ez a k\u00e9perny\u0151 sz\u00e1mos laptoppal kompatibilis, z\u00f6kken\u0151mentes integr\u00e1ci\u00f3t \u00e9s egyszer\u0171 be\u00e1ll\u00edt\u00e1st biztos\u00edtva.<\/li>\n<li><strong>Egyszer\u0171 telep\u00edt\u00e9s:<\/strong> K\u00e9toldalas ragaszt\u00f3cs\u00edkokat tartalmaz a gyors \u00e9s biztons\u00e1gos telep\u00edt\u00e9s \u00e9rdek\u00e9ben.<\/li>\n<\/ul>\n<p>Az <strong>LCM156BE0015<\/strong> LCD-k\u00e9perny\u0151 kiv\u00e1l\u00f3 v\u00e1laszt\u00e1s laptopja kijelz\u0151j\u00e9nek friss\u00edt\u00e9s\u00e9hez vagy cser\u00e9j\u00e9hez. Kiv\u00e1l\u00f3 k\u00e9pmin\u0151s\u00e9ge \u00e9s egyszer\u0171 telep\u00edt\u00e9si folyamata praktikus \u00e9s megt\u00e9r\u00fcl\u0151 befektet\u00e9ss\u00e9 teszi laptopja funkcionalit\u00e1s\u00e1nak jav\u00edt\u00e1s\u00e1ra. V\u00e1s\u00e1rl\u00e1s el\u0151tt gy\u0151z\u0151dj\u00f6n meg a kompatibilit\u00e1sr\u00f3l az adott laptopmodellel, figyelembe v\u00e9ve a csatlakoz\u00f3 t\u00edpus\u00e1t, a k\u00e9perny\u0151 m\u00e9ret\u00e9t \u00e9s a felbont\u00e1si k\u00f6vetelm\u00e9nyeket.<\/p>\n","protected":false},"excerpt":{"rendered":"<p>Az <strong>LCM156BE0015<\/strong> 15,6 h\u00fcvelykes Full HD IPS k\u00e9perny\u0151 \u00e9les felbont\u00e1st \u00e9s \u00e9l\u00e9nk sz\u00edneket k\u00edn\u00e1l az IPS technol\u00f3gi\u00e1nak \u00e9s a matt fel\u00fcletnek k\u00f6sz\u00f6nhet\u0151en, amely cs\u00f6kkenti a t\u00fckr\u00f6z\u0151d\u00e9st. 30 t\u0171s eDP csatlakoz\u00f3val felszerelt, \u00e9s k\u00e9toldalas ragaszt\u00f3cs\u00edkokat tartalmaz az egyszer\u0171 telep\u00edt\u00e9s \u00e9rdek\u00e9ben. V\u00e1s\u00e1rl\u00e1s el\u0151tt ellen\u0151rizze a kompatibilit\u00e1st a laptop modellj\u00e9vel.<\/p>\n","protected":false},"featured_media":9615,"template":"","meta":[],"product_brand":[],"product_cat":[81,71],"product_tag":[],"class_list":{"0":"post-9595","1":"product","2":"type-product","3":"status-publish","4":"has-post-thumbnail","6":"product_cat-15-6-new-laptop-screens-lcd-panels","7":"product_cat-new-laptop-screens-lcd-panels","9":"first","10":"instock","11":"taxable","12":"shipping-taxable","13":"purchasable","14":"product-type-simple"},"_links":{"self":[{"href":"https:\/\/boreait.com\/hu\/wp-json\/wp\/v2\/product\/9595","targetHints":{"allow":["GET"]}}],"collection":[{"href":"https:\/\/boreait.com\/hu\/wp-json\/wp\/v2\/product"}],"about":[{"href":"https:\/\/boreait.com\/hu\/wp-json\/wp\/v2\/types\/product"}],"wp:featuredmedia":[{"embeddable":true,"href":"https:\/\/boreait.com\/hu\/wp-json\/wp\/v2\/media\/9615"}],"wp:attachment":[{"href":"https:\/\/boreait.com\/hu\/wp-json\/wp\/v2\/media?parent=9595"}],"wp:term":[{"taxonomy":"product_brand","embeddable":true,"href":"https:\/\/boreait.com\/hu\/wp-json\/wp\/v2\/product_brand?post=9595"},{"taxonomy":"product_cat","embeddable":true,"href":"https:\/\/boreait.com\/hu\/wp-json\/wp\/v2\/product_cat?post=9595"},{"taxonomy":"product_tag","embeddable":true,"href":"https:\/\/boreait.com\/hu\/wp-json\/wp\/v2\/product_tag?post=9595"}],"curies":[{"name":"wp","href":"https:\/\/api.w.org\/{rel}","templated":true}]}}