{"id":9594,"date":"2025-09-17T12:38:39","date_gmt":"2025-09-17T10:38:39","guid":{"rendered":"https:\/\/boreait.com\/hu\/?post_type=product&#038;p=9594"},"modified":"2025-10-15T14:12:47","modified_gmt":"2025-10-15T12:12:47","slug":"uj-n156hca-eba-156-fhd-ips-laptop-kepernyo-matt-30-tus-edp","status":"publish","type":"product","link":"https:\/\/boreait.com\/hu\/termek\/uj-n156hca-eba-156-fhd-ips-laptop-kepernyo-matt-30-tus-edp\/","title":{"rendered":"\u00daJ N156HCA-EBA 15,6&#8243; FHD IPS laptop k\u00e9perny\u0151 matt 30 t\u0171s eDP"},"content":{"rendered":"<p><strong>T\u00e9nyleges LCD-k\u00e9perny\u0151s modell: B156ZAN03.6 vagy N156HCA-EAB Rev C.4 \u2013 teljesen kompatibilis a k\u00f6vetkez\u0151vel: <span data-sheets-root=\"1\" data-sheets-value=\"{&quot;1&quot;:2,&quot;2&quot;:&quot;HCA-N156&quot; data-sheets-userformat=\"{&quot;2&quot;:513,&quot;3&quot;:{&quot;1&quot;:0},&quot;12&quot;:0}\">N156HCA-EBA<\/span><\/strong><\/p>\n<p><strong>N156HCA-EBA 15,6&#8243; FHD IPS laptop k\u00e9perny\u0151<\/strong><\/p>\n<p>Fokozza laptopja teljes\u00edtm\u00e9ny\u00e9t az N156HCA-EBA LCD k\u00e9perny\u0151vel. Ez a 15,6 h\u00fcvelykes kijelz\u0151 Full HD felbont\u00e1st (1920 x 1080) k\u00edn\u00e1l, \u00e9les \u00e9s r\u00e9szletgazdag k\u00e9pet biztos\u00edtva minden feladat\u00e1hoz. Az IPS (In-Plane Switching) technol\u00f3gia \u00e9l\u00e9nk sz\u00edneket \u00e9s egyenletes f\u00e9nyer\u0151t biztos\u00edt sz\u00e9les betekint\u00e9si sz\u00f6gekben, \u00edgy munk\u00e1hoz \u00e9s sz\u00f3rakoz\u00e1shoz egyar\u00e1nt t\u00f6k\u00e9letes. Ak\u00e1r filmeket n\u00e9z, ak\u00e1r f\u00e9nyk\u00e9peket szerkeszt, vagy egyszer\u0171en csak b\u00f6ng\u00e9szik az interneten, ez a k\u00e9perny\u0151 kiv\u00e1l\u00f3 min\u0151s\u00e9g\u0171 megtekint\u00e9si \u00e9lm\u00e9nyt ny\u00fajt.<\/p>\n<h4>F\u0151bb jellemz\u0151k:<\/h4>\n<ul>\n<li><strong>Leny\u0171g\u00f6z\u0151 Full HD tisztas\u00e1g:<\/strong> \u00c9lvezze az \u00e9leth\u0171 r\u00e9szleteket \u00e9s tisztas\u00e1got az 1920 x 1080-as felbont\u00e1ssal, amely ide\u00e1lis a vide\u00f3 streamel\u00e9st\u0151l a r\u00e9szletes grafikai munk\u00e1kig.<\/li>\n<li><strong>Vivid IPS technol\u00f3gia:<\/strong> Tapasztalja meg a megn\u00f6velt sz\u00ednpontoss\u00e1got \u00e9s a sz\u00e9les, 178 fokos betekint\u00e9si sz\u00f6geket, biztos\u00edtva, hogy k\u00e9perny\u0151je b\u00e1rmilyen perspekt\u00edv\u00e1b\u00f3l j\u00f3l n\u00e9zzen ki.<\/li>\n<li><strong>Csillog\u00e1smentes matt fel\u00fclet:<\/strong> A matt fel\u00fclet cs\u00f6kkenti a t\u00fckr\u00f6z\u0151d\u00e9st \u00e9s a t\u00fckr\u00f6z\u0151d\u00e9st, k\u00e9nyelmesebb megtekint\u00e9si \u00e9lm\u00e9nyt biztos\u00edt k\u00fcl\u00f6nf\u00e9le f\u00e9nyviszonyok k\u00f6z\u00f6tt, \u00e9s cs\u00f6kkenti a szem meger\u0151ltet\u00e9s\u00e9t.<\/li>\n<li><strong>30 t\u0171s eDP-csatlakoz\u00f3:<\/strong> A 30 t\u0171s be\u00e1gyazott DisplayPort (eDP) csatlakoz\u00f3val ell\u00e1tott k\u00e9perny\u0151 sz\u00e1mos laptopmodelltel kompatibilis, \u00edgy k\u00f6nnyen telep\u00edthet\u0151 \u00e9s integr\u00e1lhat\u00f3.<\/li>\n<li><strong>Egyszer\u0171 telep\u00edt\u00e9s:<\/strong> K\u00e9toldalas ragaszt\u00f3cs\u00edkokkal sz\u00e1ll\u00edtjuk a gyors \u00e9s biztons\u00e1gos be\u00e1ll\u00edt\u00e1s \u00e9rdek\u00e9ben.<\/li>\n<\/ul>\n<p>Az N156HCA-EBA LCD laptop k\u00e9perny\u0151je t\u00f6k\u00e9letes v\u00e1laszt\u00e1s azoknak a felhaszn\u00e1l\u00f3knak, akik egy t\u00f6r\u00f6tt k\u00e9perny\u0151t szeretn\u00e9nek kicser\u00e9lni vagy friss\u00edteni szeretn\u00e9nek a jobb teljes\u00edtm\u00e9ny \u00e9rdek\u00e9ben. Kiv\u00e1l\u00f3 min\u0151s\u00e9g\u0171 k\u00e9p\u00e9nek \u00e9s egyszer\u0171 telep\u00edt\u00e9si folyamat\u00e1nak k\u00f6sz\u00f6nhet\u0151en megb\u00edzhat\u00f3 megold\u00e1st k\u00edn\u00e1l laptopja kijelz\u0151j\u00e9nek jav\u00edt\u00e1s\u00e1ra. V\u00e1s\u00e1rl\u00e1s el\u0151tt ellen\u0151rizze, hogy a csatlakoz\u00f3 t\u00edpusa, a k\u00e9perny\u0151 m\u00e9rete \u00e9s a felbont\u00e1sa kompatibilis-e laptopj\u00e1val.<\/p>\n","protected":false},"excerpt":{"rendered":"<p>Fokozza fel laptopja kijelz\u0151j\u00e9t az N156HCA-EBA 15,6&#8243; Full HD IPS k\u00e9perny\u0151vel. Az IPS technol\u00f3gi\u00e1nak k\u00f6sz\u00f6nhet\u0151en \u00e9l\u00e9nk sz\u00ednekkel \u00e9s sz\u00e9les betekint\u00e9si sz\u00f6gekkel rendelkez\u0151 matt k\u00e9perny\u0151 cs\u00f6kkenti a t\u00fckr\u00f6z\u0151d\u00e9st a k\u00e9nyelmes megtekint\u00e9s \u00e9rdek\u00e9ben. Tartalmaz egy 30 t\u0171s eDP-csatlakoz\u00f3t \u00e9s k\u00e9toldalas ragaszt\u00f3cs\u00edkokat az egyszer\u0171 telep\u00edt\u00e9s \u00e9rdek\u00e9ben. V\u00e1s\u00e1rl\u00e1s el\u0151tt ellen\u0151rizze a laptopmodell kompatibilit\u00e1s\u00e1t.<\/p>\n","protected":false},"featured_media":9615,"template":"","meta":[],"product_brand":[],"product_cat":[81,71],"product_tag":[],"class_list":{"0":"post-9594","1":"product","2":"type-product","3":"status-publish","4":"has-post-thumbnail","6":"product_cat-15-6-new-laptop-screens-lcd-panels","7":"product_cat-new-laptop-screens-lcd-panels","9":"first","10":"instock","11":"taxable","12":"shipping-taxable","13":"purchasable","14":"product-type-simple"},"_links":{"self":[{"href":"https:\/\/boreait.com\/hu\/wp-json\/wp\/v2\/product\/9594","targetHints":{"allow":["GET"]}}],"collection":[{"href":"https:\/\/boreait.com\/hu\/wp-json\/wp\/v2\/product"}],"about":[{"href":"https:\/\/boreait.com\/hu\/wp-json\/wp\/v2\/types\/product"}],"wp:featuredmedia":[{"embeddable":true,"href":"https:\/\/boreait.com\/hu\/wp-json\/wp\/v2\/media\/9615"}],"wp:attachment":[{"href":"https:\/\/boreait.com\/hu\/wp-json\/wp\/v2\/media?parent=9594"}],"wp:term":[{"taxonomy":"product_brand","embeddable":true,"href":"https:\/\/boreait.com\/hu\/wp-json\/wp\/v2\/product_brand?post=9594"},{"taxonomy":"product_cat","embeddable":true,"href":"https:\/\/boreait.com\/hu\/wp-json\/wp\/v2\/product_cat?post=9594"},{"taxonomy":"product_tag","embeddable":true,"href":"https:\/\/boreait.com\/hu\/wp-json\/wp\/v2\/product_tag?post=9594"}],"curies":[{"name":"wp","href":"https:\/\/api.w.org\/{rel}","templated":true}]}}