{"id":9593,"date":"2025-09-17T12:38:39","date_gmt":"2025-09-17T10:38:39","guid":{"rendered":"https:\/\/boreait.com\/hu\/?post_type=product&#038;p=9593"},"modified":"2025-10-15T14:12:47","modified_gmt":"2025-10-15T12:12:47","slug":"uj-156-os-lp156wf9-spc1-fhd-ips-laptop-kepernyo-matt-30-tus-edp","status":"publish","type":"product","link":"https:\/\/boreait.com\/hu\/termek\/uj-156-os-lp156wf9-spc1-fhd-ips-laptop-kepernyo-matt-30-tus-edp\/","title":{"rendered":"\u00daJ 15,6&#8243;-os LP156WF9-SPC1 FHD IPS laptop k\u00e9perny\u0151 matt 30 t\u0171s eDP"},"content":{"rendered":"<p><strong>T\u00e9nyleges LCD-k\u00e9perny\u0151s modell: B156ZAN03.6 vagy N156HCA-EAB Rev C.4 \u2013 teljesen kompatibilis a k\u00f6vetkez\u0151vel: <span data-sheets-root=\"1\" data-sheets-value=\"{&quot;1&quot;:2,&quot;2&quot;:&quot;SP1516&quot; data-sheets-userformat=\"{&quot;2&quot;:513,&quot;3&quot;:{&quot;1&quot;:0},&quot;12&quot;:0}\">LP156WF9 SPC1<\/span><\/strong><\/p>\n<p><strong>LP156WF9-SPC1 15,6&#8243; FHD IPS laptop k\u00e9perny\u0151<\/strong><\/p>\n<p>Friss\u00edtse laptopja kijelz\u0151j\u00e9t az LP156WF9-SPC1 LCD-k\u00e9perny\u0151vel, amely leny\u0171g\u00f6z\u0151 l\u00e1tv\u00e1nyt \u00e9s kiv\u00e1l\u00f3 teljes\u00edtm\u00e9nyt ny\u00fajt. Ez a 15,6 h\u00fcvelykes k\u00e9perny\u0151 1920 x 1080-as Full HD felbont\u00e1ssal rendelkezik, amely \u00e9les \u00e9s \u00e9l\u00e9nk k\u00e9peket biztos\u00edt, amelyek jav\u00edtj\u00e1k a megtekint\u00e9si \u00e9lm\u00e9nyt. Az IPS (In-Plane Switching) technol\u00f3gi\u00e1val ez a k\u00e9perny\u0151 pontos sz\u00ednvisszaad\u00e1st \u00e9s egyenletes f\u00e9nyer\u0151t biztos\u00edt sz\u00e9les l\u00e1t\u00f3sz\u00f6gekben, \u00edgy ide\u00e1lis a professzion\u00e1lis munk\u00e1t\u00f3l a sz\u00f3rakoztat\u00e1sig.<\/p>\n<h4>F\u0151bb jellemz\u0151k:<\/h4>\n<ul>\n<li><strong>Full HD felbont\u00e1s:<\/strong> \u00c9lvezze a kiv\u00e9teles tisztas\u00e1got \u00e9s r\u00e9szletgazdags\u00e1got az 1920 x 1080-as felbont\u00e1ssal, amely t\u00f6k\u00e9letes vide\u00f3k streamel\u00e9s\u00e9hez, j\u00e1t\u00e9khoz \u00e9s termel\u00e9kenys\u00e9gi feladatokhoz.<\/li>\n<li><strong>IPS technol\u00f3gia:<\/strong> \u00c9lvezze az \u00e9leth\u0171 sz\u00edneket \u00e9s a sz\u00e9les, 178 fokos betekint\u00e9si sz\u00f6geket, \u00edgy biztos\u00edtva, hogy a k\u00e9pek b\u00e1rmilyen sz\u00f6gb\u0151l tiszta \u00e9s egyenletes maradjanak.<\/li>\n<li><strong>Matt fel\u00fclet:<\/strong> A matt fel\u00fclet minim\u00e1lisra cs\u00f6kkenti a t\u00fckr\u00f6z\u0151d\u00e9st \u00e9s a t\u00fckr\u00f6z\u0151d\u00e9st, k\u00e9nyelmes megtekint\u00e9si \u00e9lm\u00e9nyt biztos\u00edtva m\u00e9g er\u0151sen megvil\u00e1g\u00edtott k\u00f6rnyezetben is, \u00e9s cs\u00f6kkenti a szem meger\u0151ltet\u00e9s\u00e9t hosszabb haszn\u00e1lat sor\u00e1n.<\/li>\n<li><strong>30 t\u0171s eDP-csatlakoz\u00f3:<\/strong> A 30 t\u0171s Embedded DisplayPort (eDP) csatlakoz\u00f3 sokf\u00e9le laptopmodellel kompatibilis, lehet\u0151v\u00e9 t\u00e9ve a k\u00f6nny\u0171 telep\u00edt\u00e9st.<\/li>\n<li><strong>Egyszer\u0171 telep\u00edt\u00e9s:<\/strong> K\u00e9toldalas ragaszt\u00f3cs\u00edkokkal sz\u00e1ll\u00edtjuk a biztons\u00e1gos \u00e9s egyszer\u0171 telep\u00edt\u00e9s \u00e9rdek\u00e9ben.<\/li>\n<\/ul>\n<p>Az LP156WF9-SPC1 LCD laptop k\u00e9perny\u0151je kiv\u00e1l\u00f3 v\u00e1laszt\u00e1s a s\u00e9r\u00fclt k\u00e9perny\u0151 cser\u00e9j\u00e9hez vagy a kijelz\u0151 friss\u00edt\u00e9s\u00e9hez a jobb k\u00e9pmin\u0151s\u00e9g \u00e9rdek\u00e9ben. Nagy teljes\u00edtm\u00e9ny\u0171 funkci\u00f3inak \u00e9s egyszer\u0171 telep\u00edt\u00e9s\u00e9nek k\u00f6sz\u00f6nhet\u0151en megb\u00edzhat\u00f3 megold\u00e1st ny\u00fajt laptopja kijelz\u0151j\u00e9nek jav\u00edt\u00e1s\u00e1hoz. V\u00e1s\u00e1rl\u00e1s el\u0151tt gy\u0151z\u0151dj\u00f6n meg arr\u00f3l, hogy a csatlakoz\u00f3 t\u00edpusa, a k\u00e9perny\u0151 m\u00e9rete \u00e9s a felbont\u00e1sa kompatibilis laptopja modellj\u00e9vel.<\/p>\n","protected":false},"excerpt":{"rendered":"<p>Fejlessze laptopj\u00e1t az LP156WF9-SPC1 15,6&#8243; Full HD IPS k\u00e9perny\u0151vel. Ez a k\u00e9perny\u0151 \u00e9l\u00e9nk sz\u00edneket \u00e9s sz\u00e9les betekint\u00e9si sz\u00f6geket k\u00edn\u00e1l az IPS technol\u00f3gi\u00e1val, m\u00edg a matt fel\u00fclet cs\u00f6kkenti a t\u00fckr\u00f6z\u0151d\u00e9st a k\u00e9nyelmes megjelen\u00edt\u00e9s \u00e9rdek\u00e9ben. 30 t\u0171s eDP-csatlakoz\u00f3val \u00e9s k\u00e9toldalas ragaszt\u00f3cs\u00edkokkal rendelkezik az egyszer\u0171 telep\u00edt\u00e9s \u00e9rdek\u00e9ben. V\u00e1s\u00e1rl\u00e1s el\u0151tt ellen\u0151rizze a laptopmodell kompatibilit\u00e1s\u00e1t.<\/p>\n","protected":false},"featured_media":9615,"template":"","meta":[],"product_brand":[],"product_cat":[81,71],"product_tag":[],"class_list":{"0":"post-9593","1":"product","2":"type-product","3":"status-publish","4":"has-post-thumbnail","6":"product_cat-15-6-new-laptop-screens-lcd-panels","7":"product_cat-new-laptop-screens-lcd-panels","9":"first","10":"instock","11":"taxable","12":"shipping-taxable","13":"purchasable","14":"product-type-simple"},"_links":{"self":[{"href":"https:\/\/boreait.com\/hu\/wp-json\/wp\/v2\/product\/9593","targetHints":{"allow":["GET"]}}],"collection":[{"href":"https:\/\/boreait.com\/hu\/wp-json\/wp\/v2\/product"}],"about":[{"href":"https:\/\/boreait.com\/hu\/wp-json\/wp\/v2\/types\/product"}],"wp:featuredmedia":[{"embeddable":true,"href":"https:\/\/boreait.com\/hu\/wp-json\/wp\/v2\/media\/9615"}],"wp:attachment":[{"href":"https:\/\/boreait.com\/hu\/wp-json\/wp\/v2\/media?parent=9593"}],"wp:term":[{"taxonomy":"product_brand","embeddable":true,"href":"https:\/\/boreait.com\/hu\/wp-json\/wp\/v2\/product_brand?post=9593"},{"taxonomy":"product_cat","embeddable":true,"href":"https:\/\/boreait.com\/hu\/wp-json\/wp\/v2\/product_cat?post=9593"},{"taxonomy":"product_tag","embeddable":true,"href":"https:\/\/boreait.com\/hu\/wp-json\/wp\/v2\/product_tag?post=9593"}],"curies":[{"name":"wp","href":"https:\/\/api.w.org\/{rel}","templated":true}]}}