{"id":9592,"date":"2025-09-17T12:38:39","date_gmt":"2025-09-17T10:38:39","guid":{"rendered":"https:\/\/boreait.com\/hu\/?post_type=product&#038;p=9592"},"modified":"2025-10-15T14:12:47","modified_gmt":"2025-10-15T12:12:47","slug":"uj-156-fhd-ips-laptop-kepernyo-matt-30-tus-edp-lp156wf9-spm9","status":"publish","type":"product","link":"https:\/\/boreait.com\/hu\/termek\/uj-156-fhd-ips-laptop-kepernyo-matt-30-tus-edp-lp156wf9-spm9\/","title":{"rendered":"\u00daJ 15,6&#8243; FHD IPS laptop k\u00e9perny\u0151 matt 30 t\u0171s eDP &#8211; LP156WF9-SPM9"},"content":{"rendered":"<p><strong>T\u00e9nyleges LCD-k\u00e9perny\u0151s modell: B156ZAN03.6 vagy N156HCA-EAB Rev C.4 \u2013 teljes m\u00e9rt\u00e9kben kompatibilis a k\u00f6vetkez\u0151vel: <span data-sheets-root=\"1\" data-sheets-value=\"{&quot;1&quot;:2,&quot;2&quot;:&quot;LP-15}\"9\" data-sheets-userformat=\"{&quot;2&quot;:513,&quot;3&quot;:{&quot;1&quot;:0},&quot;12&quot;:0}\">LP156WF9-SPM9<\/span><\/strong><\/p>\n<p><strong>LP156WF9-SPM9 15,6 h\u00fcvelykes FHD IPS laptop k\u00e9perny\u0151<\/strong><\/p>\n<p>Fokozza laptopja vizu\u00e1lis \u00e9lm\u00e9ny\u00e9t az LP156WF9-SPM9 LCD-k\u00e9perny\u0151vel, amelyet a kiv\u00e1l\u00f3 k\u00e9pmin\u0151s\u00e9g \u00e9s a felhaszn\u00e1l\u00f3i k\u00e9nyelem \u00e9rdek\u00e9ben terveztek. Ez a 15,6 h\u00fcvelykes Full HD kijelz\u0151 nagy, 1920 x 1080 k\u00e9ppontos felbont\u00e1st k\u00edn\u00e1l, amely \u00e9les \u00e9s tiszta k\u00e9pet biztos\u00edt minden tev\u00e9kenys\u00e9g\u00e9hez. Az \u00e9lvonalbeli IPS (In-Plane Switching) technol\u00f3gi\u00e1val rendelkez\u0151 k\u00e9perny\u0151 pontos sz\u00ednvisszaad\u00e1st \u00e9s egyenletes f\u00e9nyer\u0151t biztos\u00edt, \u00edgy munk\u00e1hoz \u00e9s sz\u00f3rakoz\u00e1shoz egyar\u00e1nt alkalmas.<\/p>\n<h4>F\u0151bb jellemz\u0151k:<\/h4>\n<ul>\n<li><strong>Full HD felbont\u00e1s:<\/strong> \u00c9lvezze a krist\u00e1lytiszta k\u00e9peket \u00e9s az \u00e9les r\u00e9szleteket 1920 x 1080-as felbont\u00e1ssal, amely ide\u00e1lis streamel\u00e9shez, j\u00e1t\u00e9khoz \u00e9s professzion\u00e1lis feladatokhoz.<\/li>\n<li><strong>IPS technol\u00f3gia:<\/strong> \u00c9lvezze az \u00e9l\u00e9nk sz\u00edneket \u00e9s a sz\u00e9les, 178 fokos betekint\u00e9si sz\u00f6geket, \u00edgy b\u00e1rmilyen poz\u00edci\u00f3b\u00f3l egyenletes k\u00e9pmin\u0151s\u00e9get biztos\u00edt.<\/li>\n<li><strong>Matt fel\u00fclet:<\/strong> A t\u00fckr\u00f6z\u0151d\u00e9smentes matt fel\u00fclet cs\u00f6kkenti a visszaver\u0151d\u00e9st, k\u00e9nyelmes megtekint\u00e9si \u00e9lm\u00e9nyt k\u00edn\u00e1l m\u00e9g er\u0151sen megvil\u00e1g\u00edtott k\u00f6rnyezetben is, \u00e9s cs\u00f6kkenti a szem meger\u0151ltet\u00e9s\u00e9t.<\/li>\n<li><strong>30 t\u0171s eDP-csatlakoz\u00f3:<\/strong> A 30 t\u0171s Embedded DisplayPort (eDP) csatlakoz\u00f3 sokf\u00e9le laptoppal kompatibilis, lehet\u0151v\u00e9 t\u00e9ve a k\u00f6nny\u0171 telep\u00edt\u00e9st.<\/li>\n<li><strong>Egyszer\u0171 telep\u00edt\u00e9s:<\/strong> K\u00e9toldalas ragaszt\u00f3cs\u00edkokat tartalmaz az egyszer\u0171 \u00e9s biztons\u00e1gos telep\u00edt\u00e9s \u00e9rdek\u00e9ben.<\/li>\n<\/ul>\n<p>Az LP156WF9-SPM9 LCD laptop k\u00e9perny\u0151je t\u00f6k\u00e9letes v\u00e1laszt\u00e1s azok sz\u00e1m\u00e1ra, akik egy s\u00e9r\u00fclt k\u00e9perny\u0151t szeretn\u00e9nek kicser\u00e9lni, vagy jav\u00edtani szeretn\u00e9nek a kijelz\u0151j\u00fck\u00f6n a nagyobb teljes\u00edtm\u00e9ny \u00e9rdek\u00e9ben. Kiv\u00e1l\u00f3 vizu\u00e1lis tisztas\u00e1g\u00e1val \u00e9s egyszer\u0171 telep\u00edt\u00e9s\u00e9vel ez a k\u00e9perny\u0151 megb\u00edzhat\u00f3 megold\u00e1s laptopja kijelz\u0151j\u00e9nek jav\u00edt\u00e1s\u00e1ra. V\u00e1s\u00e1rl\u00e1s el\u0151tt ellen\u0151rizze, hogy a csatlakoz\u00f3 t\u00edpusa, a k\u00e9perny\u0151 m\u00e9rete \u00e9s a felbont\u00e1sa kompatibilis-e a laptop modellj\u00e9vel.<\/p>\n","protected":false},"excerpt":{"rendered":"<p>B\u0151v\u00edtse laptop kijelz\u0151j\u00e9t az LP156WF9-SPM9 15,6&#8243; Full HD IPS k\u00e9perny\u0151vel. \u00c9lvezze az \u00e9l\u00e9nk sz\u00edneket \u00e9s a sz\u00e9les betekint\u00e9si sz\u00f6geket az IPS technol\u00f3gi\u00e1nak k\u00f6sz\u00f6nhet\u0151en. A matt fel\u00fclet cs\u00f6kkenti a t\u00fckr\u00f6z\u0151d\u00e9st a k\u00e9nyelmes megjelen\u00edt\u00e9s \u00e9rdek\u00e9ben. 30 t\u0171s eDP-csatlakoz\u00f3val \u00e9s k\u00e9toldalas ragaszt\u00f3cs\u00edkokkal rendelkezik a k\u00f6nny\u0171 telep\u00edt\u00e9s \u00e9rdek\u00e9ben. V\u00e1s\u00e1rl\u00e1s el\u0151tt ellen\u0151rizze a laptop kompatibilit\u00e1s\u00e1t.<\/p>\n","protected":false},"featured_media":9615,"template":"","meta":[],"product_brand":[],"product_cat":[81,71],"product_tag":[],"class_list":{"0":"post-9592","1":"product","2":"type-product","3":"status-publish","4":"has-post-thumbnail","6":"product_cat-15-6-new-laptop-screens-lcd-panels","7":"product_cat-new-laptop-screens-lcd-panels","9":"first","10":"instock","11":"taxable","12":"shipping-taxable","13":"purchasable","14":"product-type-simple"},"_links":{"self":[{"href":"https:\/\/boreait.com\/hu\/wp-json\/wp\/v2\/product\/9592","targetHints":{"allow":["GET"]}}],"collection":[{"href":"https:\/\/boreait.com\/hu\/wp-json\/wp\/v2\/product"}],"about":[{"href":"https:\/\/boreait.com\/hu\/wp-json\/wp\/v2\/types\/product"}],"wp:featuredmedia":[{"embeddable":true,"href":"https:\/\/boreait.com\/hu\/wp-json\/wp\/v2\/media\/9615"}],"wp:attachment":[{"href":"https:\/\/boreait.com\/hu\/wp-json\/wp\/v2\/media?parent=9592"}],"wp:term":[{"taxonomy":"product_brand","embeddable":true,"href":"https:\/\/boreait.com\/hu\/wp-json\/wp\/v2\/product_brand?post=9592"},{"taxonomy":"product_cat","embeddable":true,"href":"https:\/\/boreait.com\/hu\/wp-json\/wp\/v2\/product_cat?post=9592"},{"taxonomy":"product_tag","embeddable":true,"href":"https:\/\/boreait.com\/hu\/wp-json\/wp\/v2\/product_tag?post=9592"}],"curies":[{"name":"wp","href":"https:\/\/api.w.org\/{rel}","templated":true}]}}