{"id":9591,"date":"2025-09-17T12:38:39","date_gmt":"2025-09-17T10:38:39","guid":{"rendered":"https:\/\/boreait.com\/hu\/?post_type=product&#038;p=9591"},"modified":"2025-10-15T14:12:47","modified_gmt":"2025-10-15T12:12:47","slug":"uj-156-156-fhd-ips-laptop-kepernyo-matt-30-tus-edp-nv156fhm-n3d","status":"publish","type":"product","link":"https:\/\/boreait.com\/hu\/termek\/uj-156-156-fhd-ips-laptop-kepernyo-matt-30-tus-edp-nv156fhm-n3d\/","title":{"rendered":"\u00daJ 15,6&#8243; 15,6&#8243; FHD IPS laptop k\u00e9perny\u0151 matt 30 t\u0171s eDP &#8211; NV156FHM-N3D"},"content":{"rendered":"<p><strong>T\u00e9nyleges LCD-k\u00e9perny\u0151s modell: B156ZAN03.6 vagy N156HCA-EAB Rev C.4 \u2013 teljes m\u00e9rt\u00e9kben kompatibilis a k\u00f6vetkez\u0151vel: <span data-sheets-root=\"1\" data-sheets-value=\"{&quot;1&quot;:2,&quot;2&quot;:&quot;NV15}3\"HM-N}6\" data-sheets-userformat=\"{&quot;2&quot;:513,&quot;3&quot;:{&quot;1&quot;:0},&quot;12&quot;:0}\">NV156FHM-N3D<\/span><\/strong><\/p>\n<p><strong>NV156FHM-N3D 15,6&#8243; FHD IPS laptop k\u00e9perny\u0151<\/strong><\/p>\n<p>Vitaliz\u00e1lja laptopja kijelz\u0151j\u00e9t az NV156FHM-N3D LCD-k\u00e9perny\u0151vel, amely kiv\u00e9teles tisztas\u00e1got \u00e9s \u00e9l\u00e9nk l\u00e1tv\u00e1nyt ny\u00fajt. Ez a 15,6 h\u00fcvelykes Full HD k\u00e9perny\u0151 1920 x 1080 felbont\u00e1ssal rendelkezik, amely \u00e9les \u00e9s r\u00e9szletgazdag k\u00e9peket biztos\u00edt b\u00e1rmilyen feladathoz. Az IPS (In-Plane Switching) technol\u00f3gi\u00e1val ez a k\u00e9perny\u0151 pontos sz\u00ednvisszaad\u00e1st \u00e9s egyenletes f\u00e9nyer\u0151t biztos\u00edt sz\u00e9les l\u00e1t\u00f3sz\u00f6gekben, \u00edgy t\u00f6k\u00e9letes a profik, a j\u00e1t\u00e9kosok \u00e9s a mindennapi felhaszn\u00e1l\u00f3k sz\u00e1m\u00e1ra.<\/p>\n<h4>F\u0151bb jellemz\u0151k:<\/h4>\n<ul>\n<li><strong>Full HD felbont\u00e1s:<\/strong> \u00c9lvezze a leny\u0171g\u00f6z\u0151en \u00e9les k\u00e9peket \u00e9s az \u00e9l\u00e9nk r\u00e9szleteket 1920 x 1080 felbont\u00e1ssal, amely t\u00f6k\u00e9letes vide\u00f3k megtekint\u00e9s\u00e9hez, j\u00e1t\u00e9khoz \u00e9s r\u00e9szletes feladatok elv\u00e9gz\u00e9s\u00e9hez.<\/li>\n<li><strong>IPS technol\u00f3gia:<\/strong> Tapasztalja meg a kiv\u00e1l\u00f3 sz\u00ednpontoss\u00e1got \u00e9s a sz\u00e9les, 178 fokos betekint\u00e9si sz\u00f6geket, amelyek minden sz\u00f6gb\u0151l egyenletes k\u00e9pmin\u0151s\u00e9get biztos\u00edtanak.<\/li>\n<li><strong>Matt fel\u00fclet:<\/strong> A t\u00fckr\u00f6z\u0151d\u00e9smentes matt fel\u00fclet cs\u00f6kkenti a t\u00fckr\u00f6z\u0151d\u00e9st \u00e9s a szem meger\u0151ltet\u00e9s\u00e9t, \u00edgy m\u00e9g er\u0151s f\u00e9nyviszonyok k\u00f6z\u00f6tt is k\u00e9nyelmes megtekint\u00e9si \u00e9lm\u00e9nyt biztos\u00edt.<\/li>\n<li><strong>30 t\u0171s eDP-csatlakoz\u00f3:<\/strong> A 30 t\u0171s be\u00e1gyazott DisplayPort (eDP) csatlakoz\u00f3val ell\u00e1tott k\u00e9perny\u0151 sz\u00e1mos laptopmodelltel kompatibilis, \u00edgy egyszer\u0171 telep\u00edt\u00e9st tesz lehet\u0151v\u00e9.<\/li>\n<li><strong>Egyszer\u0171 telep\u00edt\u00e9s:<\/strong> K\u00e9toldalas ragaszt\u00f3cs\u00edkokat tartalmaz az egyszer\u0171 \u00e9s biztons\u00e1gos telep\u00edt\u00e9s \u00e9rdek\u00e9ben.<\/li>\n<\/ul>\n<p>Az NV156FHM-N3D LCD laptop k\u00e9perny\u0151 kiv\u00e1l\u00f3 v\u00e1laszt\u00e1s mindazok sz\u00e1m\u00e1ra, akik ki akarj\u00e1k cser\u00e9lni a t\u00f6r\u00f6tt k\u00e9perny\u0151t vagy friss\u00edteni szeretn\u00e9nek a kijelz\u0151j\u00fcket a nagyobb teljes\u00edtm\u00e9ny \u00e9rdek\u00e9ben. Kiv\u00e1l\u00f3 vizu\u00e1lis min\u0151s\u00e9ge \u00e9s egyszer\u0171 telep\u00edt\u00e9se megb\u00edzhat\u00f3 lehet\u0151s\u00e9get k\u00edn\u00e1l laptopja kijelz\u0151j\u00e9nek jav\u00edt\u00e1s\u00e1ra. V\u00e1s\u00e1rl\u00e1s el\u0151tt ellen\u0151rizze, hogy kompatibilis-e a laptop modellj\u00e9vel a csatlakoz\u00f3 t\u00edpusa, a k\u00e9perny\u0151 m\u00e9rete \u00e9s a felbont\u00e1s tekintet\u00e9ben.<\/p>\n","protected":false},"excerpt":{"rendered":"<p>Friss\u00edtse laptopj\u00e1t az NV156FHM-N3D 15,6&#8243; Full HD IPS k\u00e9perny\u0151vel. \u00c9lvezze az \u00e9l\u00e9nk sz\u00edneket \u00e9s a sz\u00e9les betekint\u00e9si sz\u00f6geket az IPS technol\u00f3gi\u00e1val, \u00e9s \u00e9lvezze a matt fel\u00fcletet, amely cs\u00f6kkenti a t\u00fckr\u00f6z\u0151d\u00e9st. Tartalmazza a 30 t\u0171s eDP-csatlakoz\u00f3t \u00e9s a k\u00e9toldalas ragaszt\u00f3cs\u00edkokat az egyszer\u0171 telep\u00edt\u00e9s \u00e9rdek\u00e9ben. V\u00e1s\u00e1rl\u00e1s el\u0151tt ellen\u0151rizze a laptopmodell kompatibilit\u00e1s\u00e1t.<\/p>\n","protected":false},"featured_media":9615,"template":"","meta":[],"product_brand":[],"product_cat":[81,71],"product_tag":[],"class_list":{"0":"post-9591","1":"product","2":"type-product","3":"status-publish","4":"has-post-thumbnail","6":"product_cat-15-6-new-laptop-screens-lcd-panels","7":"product_cat-new-laptop-screens-lcd-panels","9":"first","10":"instock","11":"taxable","12":"shipping-taxable","13":"purchasable","14":"product-type-simple"},"_links":{"self":[{"href":"https:\/\/boreait.com\/hu\/wp-json\/wp\/v2\/product\/9591","targetHints":{"allow":["GET"]}}],"collection":[{"href":"https:\/\/boreait.com\/hu\/wp-json\/wp\/v2\/product"}],"about":[{"href":"https:\/\/boreait.com\/hu\/wp-json\/wp\/v2\/types\/product"}],"wp:featuredmedia":[{"embeddable":true,"href":"https:\/\/boreait.com\/hu\/wp-json\/wp\/v2\/media\/9615"}],"wp:attachment":[{"href":"https:\/\/boreait.com\/hu\/wp-json\/wp\/v2\/media?parent=9591"}],"wp:term":[{"taxonomy":"product_brand","embeddable":true,"href":"https:\/\/boreait.com\/hu\/wp-json\/wp\/v2\/product_brand?post=9591"},{"taxonomy":"product_cat","embeddable":true,"href":"https:\/\/boreait.com\/hu\/wp-json\/wp\/v2\/product_cat?post=9591"},{"taxonomy":"product_tag","embeddable":true,"href":"https:\/\/boreait.com\/hu\/wp-json\/wp\/v2\/product_tag?post=9591"}],"curies":[{"name":"wp","href":"https:\/\/api.w.org\/{rel}","templated":true}]}}