{"id":959,"date":"2025-09-17T09:47:32","date_gmt":"2025-09-17T07:47:32","guid":{"rendered":"https:\/\/boreait.com\/hu\/?post_type=product&#038;p=959"},"modified":"2026-01-07T10:07:37","modified_gmt":"2026-01-07T09:07:37","slug":"dell-optiplex-9010-alvaz-utasitas-kapcsolo-0gw5hk-gw5hk","status":"publish","type":"product","link":"https:\/\/boreait.com\/hu\/termek\/dell-optiplex-9010-alvaz-utasitas-kapcsolo-0gw5hk-gw5hk\/","title":{"rendered":"Dell OptiPlex 9010 alv\u00e1z utas\u00edt\u00e1s kapcsol\u00f3 0GW5HK GW5HK"},"content":{"rendered":"<p>A Dell OptiPlex 9010 Chassis Instruction Switch (0GW5HK) egy kritikus \u00f6sszetev\u0151, amelyet a Dell OptiPlex 9010 asztali sz\u00e1m\u00edt\u00f3g\u00e9p\u00e9nek biztons\u00e1g\u00e1nak fokoz\u00e1s\u00e1ra terveztek. Az alv\u00e1z behatol\u00e1s\u00e9rz\u00e9kel\u0151 rendszer\u00e9nek r\u00e9sze, amely seg\u00edt megv\u00e9deni a sz\u00e1m\u00edt\u00f3g\u00e9p bels\u0151 alkatr\u00e9szeit az illet\u00e9ktelen hozz\u00e1f\u00e9r\u00e9st\u0151l.<\/p>\n<p>A sz\u00e1m\u00edt\u00f3g\u00e9ph\u00e1z-behatol\u00e1s-\u00e9szlel\u00e9s funkci\u00f3t \u00fagy tervezt\u00e9k, hogy \u00e9szlelje, ha a sz\u00e1m\u00edt\u00f3g\u00e9p h\u00e1z\u00e1t felnyitott\u00e1k vagy manipul\u00e1lt\u00e1k. Amikor a kapcsol\u00f3 ilyen tev\u00e9kenys\u00e9get \u00e9szlel, riaszt\u00e1st vagy figyelmeztet\u00e9st k\u00fcld a rendszergazd\u00e1nak vagy a felhaszn\u00e1l\u00f3nak, jelezve egy lehets\u00e9ges biztons\u00e1gi r\u00e9st. Ez a funkci\u00f3 k\u00fcl\u00f6n\u00f6sen fontos olyan k\u00f6rnyezetekben, ahol az adatbiztons\u00e1g \u00e9s a rendszerintegrit\u00e1s a legfontosabb.<\/p>\n<p>A Dell OptiPlex 9010 Chassis Instruction Switch (0GW5HK) gy\u00e1rilag telep\u00edtve van, \u00e9s pontosan \u00fagy tervezt\u00e9k, hogy z\u00f6kken\u0151mentesen integr\u00e1lhat\u00f3 legyen az OptiPlex 9010 asztali sz\u00e1m\u00edt\u00f3g\u00e9ppel. Ez egy eredeti Dell-komponens, amely biztos\u00edtja a kompatibilit\u00e1st \u00e9s a megb\u00edzhat\u00f3 teljes\u00edtm\u00e9nyt.<\/p>\n<p>A v\u00e1zbehatol\u00e1s-\u00e9rz\u00e9kel\u0151 rendszer \u00e1ltal biztos\u00edtott biztons\u00e1gi funkci\u00f3k kihaszn\u00e1l\u00e1s\u00e1hoz gy\u0151z\u0151dj\u00f6n meg arr\u00f3l, hogy az alv\u00e1z utas\u00edt\u00e1s kapcsol\u00f3 megfelel\u0151en van csatlakoztatva, \u00e9s megfelel\u0151en m\u0171k\u00f6dik. A megfelel\u0151 telep\u00edt\u00e9s \u00e9rdek\u00e9ben felt\u00e9tlen\u00fcl k\u00f6vesse a gy\u00e1rt\u00f3 \u00fatmutat\u00e1sait, vagy k\u00e9rjen seg\u00edts\u00e9get szakk\u00e9pzett technikust\u00f3l.<\/p>\n<p>Ha a Dell OptiPlex 9010 Chassis Instruction Switch (0GW5HK) a hely\u00e9n van, nyugodt lehet, hiszen a rendszer azonnal \u00e9szleli \u00e9s megakad\u00e1lyozza a Dell OptiPlex 9010 asztali sz\u00e1m\u00edt\u00f3g\u00e9p bels\u0151 \u00f6sszetev\u0151ihez val\u00f3 jogosulatlan hozz\u00e1f\u00e9r\u00e9st. V\u00e9dje \u00e9rt\u00e9kes adatait, \u00e9s \u0151rizze meg rendszere integrit\u00e1s\u00e1t ezzel az alapvet\u0151 biztons\u00e1gi \u00f6sszetev\u0151vel.<\/p>\n","protected":false},"excerpt":{"rendered":"<p>A Dell OptiPlex 9010 Chassis Instruction Switch (0GW5HK) alapvet\u0151 \u00f6sszetev\u0151, amely lehet\u0151v\u00e9 teszi a sz\u00e1m\u00edt\u00f3g\u00e9p v\u00e1zbehatol\u00e1s-\u00e9szlel\u00e9si funkci\u00f3j\u00e1t. Seg\u00edt \u00e9szlelni \u00e9s megakad\u00e1lyozni a Dell OptiPlex 9010 asztali sz\u00e1m\u00edt\u00f3g\u00e9p bels\u0151 \u00f6sszetev\u0151ihez val\u00f3 jogosulatlan hozz\u00e1f\u00e9r\u00e9st.<\/p>\n","protected":false},"featured_media":1028,"template":"","meta":[],"product_brand":[],"product_cat":[27],"product_tag":[17],"class_list":{"0":"post-959","1":"product","2":"type-product","3":"status-publish","4":"has-post-thumbnail","6":"product_cat-motherboards-board-parts","7":"product_tag-dell","9":"first","10":"instock","11":"taxable","12":"shipping-taxable","13":"purchasable","14":"product-type-simple"},"_links":{"self":[{"href":"https:\/\/boreait.com\/hu\/wp-json\/wp\/v2\/product\/959","targetHints":{"allow":["GET"]}}],"collection":[{"href":"https:\/\/boreait.com\/hu\/wp-json\/wp\/v2\/product"}],"about":[{"href":"https:\/\/boreait.com\/hu\/wp-json\/wp\/v2\/types\/product"}],"wp:featuredmedia":[{"embeddable":true,"href":"https:\/\/boreait.com\/hu\/wp-json\/wp\/v2\/media\/1028"}],"wp:attachment":[{"href":"https:\/\/boreait.com\/hu\/wp-json\/wp\/v2\/media?parent=959"}],"wp:term":[{"taxonomy":"product_brand","embeddable":true,"href":"https:\/\/boreait.com\/hu\/wp-json\/wp\/v2\/product_brand?post=959"},{"taxonomy":"product_cat","embeddable":true,"href":"https:\/\/boreait.com\/hu\/wp-json\/wp\/v2\/product_cat?post=959"},{"taxonomy":"product_tag","embeddable":true,"href":"https:\/\/boreait.com\/hu\/wp-json\/wp\/v2\/product_tag?post=959"}],"curies":[{"name":"wp","href":"https:\/\/api.w.org\/{rel}","templated":true}]}}