{"id":9577,"date":"2025-09-17T12:38:16","date_gmt":"2025-09-17T10:38:16","guid":{"rendered":"https:\/\/boreait.com\/hu\/?post_type=product&#038;p=9577"},"modified":"2025-10-15T14:12:48","modified_gmt":"2025-10-15T12:12:48","slug":"uj-156-fhd-ips-laptop-kepernyo-matt-30-tus-edp-nt156fhm-n62","status":"publish","type":"product","link":"https:\/\/boreait.com\/hu\/termek\/uj-156-fhd-ips-laptop-kepernyo-matt-30-tus-edp-nt156fhm-n62\/","title":{"rendered":"\u00daJ 15,6&#8243; FHD IPS laptop k\u00e9perny\u0151 matt 30 t\u0171s eDP &#8211; NT156FHM-N62"},"content":{"rendered":"<p><strong>T\u00e9nyleges LCD-k\u00e9perny\u0151s modell: B156ZAN03.6 vagy N156HCA-EAB Rev C.4 \u2013 teljes m\u00e9rt\u00e9kben kompatibilis a k\u00f6vetkez\u0151vel: <span data-sheets-root=\"1\" data-sheets-value=\"{&quot;1&quot;:2,&quot;2&quot;:&quot;NT156\"HM-N6\" data-sheets-userformat=\"{&quot;2&quot;:513,&quot;3&quot;:{&quot;1&quot;:0},&quot;12&quot;:0}\">NT156FHM-N62<\/span><\/strong><\/p>\n<p><strong>NT156FHM-N62 15,6&#8243; FHD IPS laptop k\u00e9perny\u0151<\/strong><\/p>\n<p>Fokozza laptopja kijelz\u0151j\u00e9t az NT156FHM-N62 LCD-k\u00e9perny\u0151vel, amelyet \u00fagy terveztek, hogy kiv\u00e9teles vizu\u00e1lis min\u0151s\u00e9get \u00e9s k\u00e9nyelmet biztos\u00edtson. Ez a 15,6 h\u00fcvelykes Full HD k\u00e9perny\u0151 1920 x 1080-as felbont\u00e1ssal b\u00fcszk\u00e9lkedhet, amely \u00e9les \u00e9s tiszta k\u00e9pet k\u00edn\u00e1l minden sz\u00e1m\u00edt\u00e1stechnikai ig\u00e9ny\u00e9hez. A fejlett IPS (In-Plane Switching) technol\u00f3gi\u00e1nak k\u00f6sz\u00f6nhet\u0151en ez a k\u00e9perny\u0151 pontos sz\u00edneket \u00e9s egyenletes f\u00e9nyer\u0151t biztos\u00edt sz\u00e9les betekint\u00e9si sz\u00f6gekben, \u00edgy a professzion\u00e1lis munk\u00e1t\u00f3l a sz\u00f3rakoztat\u00e1sig mindenhez ide\u00e1lis.<\/p>\n<h4>F\u0151bb jellemz\u0151k:<\/h4>\n<ul>\n<li><strong>Full HD felbont\u00e1s:<\/strong> Tapasztalja meg a leny\u0171g\u00f6z\u0151 tisztas\u00e1got \u00e9s r\u00e9szletgazdags\u00e1got az 1920 x 1080-as felbont\u00e1ssal, amely t\u00f6k\u00e9letes a nagyfelbont\u00e1s\u00fa m\u00e9di\u00e1hoz, j\u00e1t\u00e9khoz \u00e9s professzion\u00e1lis feladatokhoz.<\/li>\n<li><strong>IPS technol\u00f3gia:<\/strong> \u00c9lvezze az \u00e9l\u00e9nk sz\u00ednvisszaad\u00e1st \u00e9s a sz\u00e9les, 178 fokos betekint\u00e9si sz\u00f6geket, \u00edgy minden poz\u00edci\u00f3b\u00f3l egyenletes k\u00e9pmin\u0151s\u00e9get biztos\u00edt.<\/li>\n<li><strong>Matt fel\u00fclet:<\/strong> A t\u00fckr\u00f6z\u0151d\u00e9smentes matt fel\u00fclet minim\u00e1lisra cs\u00f6kkenti a t\u00fckr\u00f6z\u0151d\u00e9st \u00e9s a szem meger\u0151ltet\u00e9s\u00e9t, \u00edgy m\u00e9g er\u0151sen megvil\u00e1g\u00edtott k\u00f6rnyezetben is k\u00e9nyelmes megtekint\u00e9si \u00e9lm\u00e9nyt ny\u00fajt.<\/li>\n<li><strong>30 t\u0171s eDP-csatlakoz\u00f3:<\/strong> A 30 t\u0171s Embedded DisplayPort (eDP) csatlakoz\u00f3 sokf\u00e9le laptoppal kompatibilis, lehet\u0151v\u00e9 t\u00e9ve a k\u00f6nny\u0171 telep\u00edt\u00e9st \u00e9s be\u00e1ll\u00edt\u00e1st.<\/li>\n<li><strong>Egyszer\u0171 telep\u00edt\u00e9s:<\/strong> A biztons\u00e1gos telep\u00edt\u00e9s \u00e9rdek\u00e9ben k\u00e9toldalas ragaszt\u00f3cs\u00edkokkal sz\u00e1ll\u00edtjuk.<\/li>\n<\/ul>\n<p>Az NT156FHM-N62 LCD laptop k\u00e9perny\u0151 kiv\u00e1l\u00f3 v\u00e1laszt\u00e1s azok sz\u00e1m\u00e1ra, akik kicser\u00e9lik a s\u00e9r\u00fclt k\u00e9perny\u0151t vagy friss\u00edtik a jobb teljes\u00edtm\u00e9ny \u00e9rdek\u00e9ben. Kiv\u00e1l\u00f3 vizu\u00e1lis tisztas\u00e1got \u00e9s egyszer\u0171 telep\u00edt\u00e9st k\u00edn\u00e1l, \u00edgy megb\u00edzhat\u00f3 megold\u00e1st jelent laptopja kijelz\u0151j\u00e9nek jav\u00edt\u00e1s\u00e1ra. V\u00e1s\u00e1rl\u00e1s el\u0151tt gy\u0151z\u0151dj\u00f6n meg a kompatibilit\u00e1sr\u00f3l a laptop modellj\u00e9vel a csatlakoz\u00f3 t\u00edpusa, a k\u00e9perny\u0151 m\u00e9rete \u00e9s a felbont\u00e1s tekintet\u00e9ben.<\/p>\n","protected":false},"excerpt":{"rendered":"<p>Friss\u00edtse laptopj\u00e1t az NT156FHM-N62 15,6&#8243; Full HD IPS k\u00e9perny\u0151vel. \u00c9lvezze az \u00e9l\u00e9nk sz\u00edneket \u00e9s a sz\u00e9les betekint\u00e9si sz\u00f6geket az IPS technol\u00f3gi\u00e1val, m\u00edg a matt fel\u00fclet cs\u00f6kkenti a t\u00fckr\u00f6z\u0151d\u00e9st a k\u00e9nyelmes megtekint\u00e9s \u00e9rdek\u00e9ben. Tartalmaz egy 30 t\u0171s eDP-csatlakoz\u00f3t \u00e9s k\u00e9toldalas ragaszt\u00f3cs\u00edkokat az egyszer\u0171 telep\u00edt\u00e9s \u00e9rdek\u00e9ben. V\u00e1s\u00e1rl\u00e1s el\u0151tt ellen\u0151rizze a laptop kompatibilit\u00e1s\u00e1t.<\/p>\n","protected":false},"featured_media":9615,"template":"","meta":[],"product_brand":[],"product_cat":[81,71],"product_tag":[],"class_list":{"0":"post-9577","1":"product","2":"type-product","3":"status-publish","4":"has-post-thumbnail","6":"product_cat-15-6-new-laptop-screens-lcd-panels","7":"product_cat-new-laptop-screens-lcd-panels","9":"first","10":"instock","11":"taxable","12":"shipping-taxable","13":"purchasable","14":"product-type-simple"},"_links":{"self":[{"href":"https:\/\/boreait.com\/hu\/wp-json\/wp\/v2\/product\/9577","targetHints":{"allow":["GET"]}}],"collection":[{"href":"https:\/\/boreait.com\/hu\/wp-json\/wp\/v2\/product"}],"about":[{"href":"https:\/\/boreait.com\/hu\/wp-json\/wp\/v2\/types\/product"}],"wp:featuredmedia":[{"embeddable":true,"href":"https:\/\/boreait.com\/hu\/wp-json\/wp\/v2\/media\/9615"}],"wp:attachment":[{"href":"https:\/\/boreait.com\/hu\/wp-json\/wp\/v2\/media?parent=9577"}],"wp:term":[{"taxonomy":"product_brand","embeddable":true,"href":"https:\/\/boreait.com\/hu\/wp-json\/wp\/v2\/product_brand?post=9577"},{"taxonomy":"product_cat","embeddable":true,"href":"https:\/\/boreait.com\/hu\/wp-json\/wp\/v2\/product_cat?post=9577"},{"taxonomy":"product_tag","embeddable":true,"href":"https:\/\/boreait.com\/hu\/wp-json\/wp\/v2\/product_tag?post=9577"}],"curies":[{"name":"wp","href":"https:\/\/api.w.org\/{rel}","templated":true}]}}