{"id":9576,"date":"2025-09-17T12:38:15","date_gmt":"2025-09-17T10:38:15","guid":{"rendered":"https:\/\/boreait.com\/hu\/?post_type=product&#038;p=9576"},"modified":"2025-10-15T14:12:48","modified_gmt":"2025-10-15T12:12:48","slug":"uj-156-fhd-ips-laptop-kepernyo-matt-30-tus-edp-lp156wf9-spc1","status":"publish","type":"product","link":"https:\/\/boreait.com\/hu\/termek\/uj-156-fhd-ips-laptop-kepernyo-matt-30-tus-edp-lp156wf9-spc1\/","title":{"rendered":"\u00daJ 15,6&#8243; FHD IPS laptop k\u00e9perny\u0151 matt 30 t\u0171s eDP &#8211; LP156WF9-SPC1"},"content":{"rendered":"<p><strong>T\u00e9nyleges LCD-k\u00e9perny\u0151s modell: B156ZAN03.6 vagy N156HCA-EAB Rev C.4 \u2013 teljes m\u00e9rt\u00e9kben kompatibilis a k\u00f6vetkez\u0151vel: <span data-sheets-root=\"1\" data-sheets-value=\"{&quot;1&quot;:2,&quot;2&quot;:&quot;LP15}\"1&quot;LP9-SPC6\" data-sheets-userformat=\"{&quot;2&quot;:513,&quot;3&quot;:{&quot;1&quot;:0},&quot;12&quot;:0}\">LP156WF9-SPC1<\/span><\/strong><\/p>\n<p><strong>LP156WF9-SPC1 15,6&#8243; FHD IPS laptop k\u00e9perny\u0151<\/strong><\/p>\n<p>Friss\u00edtse laptopja kijelz\u0151j\u00e9t az LP156WF9-SPC1 LCD-k\u00e9perny\u0151vel, amely kiemelked\u0151 k\u00e9pmin\u0151s\u00e9get \u00e9s felhaszn\u00e1l\u00f3i k\u00e9nyelmet biztos\u00edt. Ez a 15,6 h\u00fcvelykes Full HD kijelz\u0151 1920 x 1080 felbont\u00e1ssal b\u00fcszk\u00e9lkedhet, \u00edgy \u00e9les \u00e9s r\u00e9szletgazdag l\u00e1tv\u00e1nyt ny\u00fajt, amely minden sz\u00e1m\u00edt\u00e1stechnikai \u00e9lm\u00e9nyt jav\u00edt. Az IPS (In-Plane Switching) technol\u00f3gi\u00e1val rendelkez\u0151 k\u00e9perny\u0151 \u00e9l\u00e9nk sz\u00edneket \u00e9s egyenletes f\u00e9nyer\u0151t biztos\u00edt sz\u00e9les betekint\u00e9si sz\u00f6gekben, \u00edgy t\u00f6k\u00e9letes a profik, a j\u00e1t\u00e9kosok \u00e9s az \u00e1ltal\u00e1nos felhaszn\u00e1l\u00f3k sz\u00e1m\u00e1ra.<\/p>\n<h4>F\u0151bb jellemz\u0151k:<\/h4>\n<ul>\n<li><strong>Full HD felbont\u00e1s:<\/strong> \u00c9lvezze a leny\u0171g\u00f6z\u0151 tisztas\u00e1got \u00e9s r\u00e9szletgazdags\u00e1got az 1920 x 1080-as felbont\u00e1ssal, amely ide\u00e1lis nagyfelbont\u00e1s\u00fa vide\u00f3k lej\u00e1tsz\u00e1s\u00e1hoz, j\u00e1t\u00e9khoz \u00e9s r\u00e9szletes munkafeladatokhoz.<\/li>\n<li><strong>IPS technol\u00f3gia:<\/strong> Az IPS panelek kiemelked\u0151 sz\u00ednpontoss\u00e1got biztos\u00edtanak, \u00e9s egyenletes k\u00e9pmin\u0151s\u00e9get biztos\u00edtanak 178 fokos sz\u00e9les l\u00e1t\u00f3sz\u00f6gben, \u00edgy ide\u00e1lis a k\u00f6z\u00f6s munk\u00e1hoz \u00e9s a multim\u00e9di\u00e1s megtekint\u00e9shez.<\/li>\n<li><strong>Matt fel\u00fclet:<\/strong> A t\u00fckr\u00f6z\u0151d\u00e9smentes matt fel\u00fclet cs\u00f6kkenti a t\u00fckr\u00f6z\u0151d\u00e9st, k\u00e9nyelmesebb megtekint\u00e9si \u00e9lm\u00e9nyt biztos\u00edt er\u0151sen megvil\u00e1g\u00edtott k\u00f6rnyezetben, \u00e9s cs\u00f6kkenti a szem meger\u0151ltet\u00e9s\u00e9t.<\/li>\n<li><strong>30 t\u0171s eDP-csatlakoz\u00f3:<\/strong> A 30 t\u0171s be\u00e1gyazott DisplayPort (eDP) csatlakoz\u00f3val ell\u00e1tott k\u00e9perny\u0151 sz\u00e1mos laptopmodellel kompatibilis, \u00edgy biztos\u00edtva az egyszer\u0171 telep\u00edt\u00e9st.<\/li>\n<li><strong>Egyszer\u0171 telep\u00edt\u00e9s:<\/strong> A csomag k\u00e9toldalas ragaszt\u00f3cs\u00edkokat tartalmaz az egyszer\u0171 telep\u00edt\u00e9s \u00e9rdek\u00e9ben.<\/li>\n<\/ul>\n<p>Az LP156WF9-SPC1 LCD laptop k\u00e9perny\u0151 ide\u00e1lis v\u00e1laszt\u00e1s mindazok sz\u00e1m\u00e1ra, akik jav\u00edtani szeretn\u00e9k laptopjuk megjelen\u00edt\u00e9si min\u0151s\u00e9g\u00e9n. Ak\u00e1r egy t\u00f6r\u00f6tt k\u00e9perny\u0151 cser\u00e9j\u00e9r\u0151l, ak\u00e1r a jobb teljes\u00edtm\u00e9ny \u00e9rdek\u00e9ben t\u00f6rt\u00e9n\u0151 friss\u00edt\u00e9sr\u0151l van sz\u00f3, ez a k\u00e9perny\u0151 kiv\u00e9teles vizu\u00e1lis tisztas\u00e1got \u00e9s egyszer\u0171 telep\u00edt\u00e9st k\u00edn\u00e1l. V\u00e1s\u00e1rl\u00e1s el\u0151tt ellen\u0151rizze a kompatibilit\u00e1st a laptop modellj\u00e9vel a csatlakoz\u00f3 t\u00edpusa, a k\u00e9perny\u0151 m\u00e9rete \u00e9s a felbont\u00e1s tekintet\u00e9ben.<\/p>\n","protected":false},"excerpt":{"rendered":"<p>N\u00f6velje laptop \u00e9lm\u00e9ny\u00e9t az LP156WF9-SPC1 15,6&#8243; Full HD IPS k\u00e9perny\u0151vel. \u00c9l\u00e9nk sz\u00ednpontoss\u00e1got \u00e9s sz\u00e9les betekint\u00e9si sz\u00f6geket k\u00edn\u00e1l az IPS technol\u00f3gi\u00e1nak k\u00f6sz\u00f6nhet\u0151en, m\u00edg a matt fel\u00fclet cs\u00f6kkenti a t\u00fckr\u00f6z\u0151d\u00e9st. Ez a k\u00e9perny\u0151 30 t\u0171s eDP-csatlakoz\u00f3val \u00e9s k\u00e9toldalas ragaszt\u00f3cs\u00edkokkal rendelkezik a k\u00f6nny\u0171 telep\u00edt\u00e9s \u00e9rdek\u00e9ben. V\u00e1s\u00e1rl\u00e1s el\u0151tt kompatibilis a laptoppal.<\/p>\n","protected":false},"featured_media":9615,"template":"","meta":[],"product_brand":[],"product_cat":[81,71],"product_tag":[],"class_list":{"0":"post-9576","1":"product","2":"type-product","3":"status-publish","4":"has-post-thumbnail","6":"product_cat-15-6-new-laptop-screens-lcd-panels","7":"product_cat-new-laptop-screens-lcd-panels","9":"first","10":"instock","11":"taxable","12":"shipping-taxable","13":"purchasable","14":"product-type-simple"},"_links":{"self":[{"href":"https:\/\/boreait.com\/hu\/wp-json\/wp\/v2\/product\/9576","targetHints":{"allow":["GET"]}}],"collection":[{"href":"https:\/\/boreait.com\/hu\/wp-json\/wp\/v2\/product"}],"about":[{"href":"https:\/\/boreait.com\/hu\/wp-json\/wp\/v2\/types\/product"}],"wp:featuredmedia":[{"embeddable":true,"href":"https:\/\/boreait.com\/hu\/wp-json\/wp\/v2\/media\/9615"}],"wp:attachment":[{"href":"https:\/\/boreait.com\/hu\/wp-json\/wp\/v2\/media?parent=9576"}],"wp:term":[{"taxonomy":"product_brand","embeddable":true,"href":"https:\/\/boreait.com\/hu\/wp-json\/wp\/v2\/product_brand?post=9576"},{"taxonomy":"product_cat","embeddable":true,"href":"https:\/\/boreait.com\/hu\/wp-json\/wp\/v2\/product_cat?post=9576"},{"taxonomy":"product_tag","embeddable":true,"href":"https:\/\/boreait.com\/hu\/wp-json\/wp\/v2\/product_tag?post=9576"}],"curies":[{"name":"wp","href":"https:\/\/api.w.org\/{rel}","templated":true}]}}