{"id":9575,"date":"2025-09-17T12:38:13","date_gmt":"2025-09-17T10:38:13","guid":{"rendered":"https:\/\/boreait.com\/hu\/?post_type=product&#038;p=9575"},"modified":"2025-10-15T14:12:48","modified_gmt":"2025-10-15T12:12:48","slug":"uj-156-fhd-ips-laptop-kepernyo-matt-30-tus-edp-nv156fhm-n35","status":"publish","type":"product","link":"https:\/\/boreait.com\/hu\/termek\/uj-156-fhd-ips-laptop-kepernyo-matt-30-tus-edp-nv156fhm-n35\/","title":{"rendered":"\u00daJ 15,6&#8243; FHD IPS laptop k\u00e9perny\u0151 matt 30 t\u0171s eDP &#8211; NV156FHM-N35"},"content":{"rendered":"<p><strong>T\u00e9nyleges LCD-k\u00e9perny\u0151s modell: B156ZAN03.6 vagy N156HCA-EAB Rev C.4 \u2013 teljes m\u00e9rt\u00e9kben kompatibilis az NV156FHM-N35-tel<\/strong><\/p>\n<p><strong>NV156FHM-N35 15,6&#8243; FHD IPS laptop k\u00e9perny\u0151<\/strong><\/p>\n<p>Jav\u00edtsa ki laptopja kijelz\u0151j\u00e9t az NV156FHM-N35 LCD-k\u00e9perny\u0151vel, amely leny\u0171g\u00f6z\u0151 l\u00e1tv\u00e1nyt \u00e9s kiv\u00e1l\u00f3 teljes\u00edtm\u00e9nyt ny\u00fajt. Ez a 15,6 h\u00fcvelykes Full HD k\u00e9perny\u0151 nagy, 1920 x 1080 felbont\u00e1st k\u00edn\u00e1l, \u00edgy \u00e9les \u00e9s \u00e9l\u00e9nk k\u00e9peket biztos\u00edt minden megtekint\u00e9si ig\u00e9ny\u00e9hez. Az IPS (In-Plane Switching) technol\u00f3gi\u00e1val ez a k\u00e9perny\u0151 kiv\u00e1l\u00f3 sz\u00ednpontoss\u00e1got \u00e9s sz\u00e9les betekint\u00e9si sz\u00f6get biztos\u00edt, \u00edgy ide\u00e1lis kreat\u00edv szakemberek, j\u00e1t\u00e9kosok \u00e9s h\u00e9tk\u00f6znapi felhaszn\u00e1l\u00f3k sz\u00e1m\u00e1ra.<\/p>\n<h4>F\u0151bb jellemz\u0151k:<\/h4>\n<ul>\n<li><strong>Full HD felbont\u00e1s:<\/strong> \u00c9lvezze a tiszta \u00e9s r\u00e9szletgazdag k\u00e9pet az 1920 x 1080-as felbont\u00e1ssal, amely ide\u00e1lis vide\u00f3k streamel\u00e9s\u00e9hez, j\u00e1t\u00e9kokhoz \u00e9s professzion\u00e1lis alkalmaz\u00e1sokhoz.<\/li>\n<li><strong>IPS technol\u00f3gia:<\/strong> Haszn\u00e1lja ki az \u00e9l\u00e9nk sz\u00ednvisszaad\u00e1st \u00e9s az egyenletes f\u00e9nyer\u0151t a 178 fokos sz\u00e9les betekint\u00e9si sz\u00f6gben, \u00edgy minden perspekt\u00edv\u00e1b\u00f3l kiv\u00e1l\u00f3 min\u0151s\u00e9g\u0171 k\u00e9pet biztos\u00edt.<\/li>\n<li><strong>Matt fel\u00fclet:<\/strong> A matt k\u00e9perny\u0151 cs\u00f6kkenti a t\u00fckr\u00f6z\u0151d\u00e9st \u00e9s a t\u00fckr\u00f6z\u0151d\u00e9st, k\u00e9nyelmes megtekint\u00e9si \u00e9lm\u00e9nyt biztos\u00edtva m\u00e9g er\u0151s f\u00e9nyben is, \u00e9s cs\u00f6kkenti a szem f\u00e1rad\u00e1s\u00e1t.<\/li>\n<li><strong>30 t\u0171s eDP-csatlakoz\u00f3:<\/strong> A 30 t\u0171s Embedded DisplayPort (eDP) csatlakoz\u00f3 laptopok sz\u00e9les v\u00e1laszt\u00e9k\u00e1val kompatibilis, lehet\u0151v\u00e9 t\u00e9ve az egyszer\u0171 integr\u00e1ci\u00f3t \u00e9s telep\u00edt\u00e9st.<\/li>\n<li><strong>Egyszer\u0171 telep\u00edt\u00e9s:<\/strong> K\u00e9toldalas ragaszt\u00f3cs\u00edkokat tartalmaz a probl\u00e9mamentes telep\u00edt\u00e9s \u00e9rdek\u00e9ben.<\/li>\n<\/ul>\n<p>Az NV156FHM-N35 LCD laptop k\u00e9perny\u0151 t\u00f6k\u00e9letes azok sz\u00e1m\u00e1ra, akik a jobb vizu\u00e1lis teljes\u00edtm\u00e9ny \u00e9rdek\u00e9ben friss\u00edteni szeretn\u00e9k laptopjuk kijelz\u0151j\u00e9t. Ak\u00e1r ki kell cser\u00e9lnie egy s\u00e9r\u00fclt k\u00e9perny\u0151t, ak\u00e1r egyszer\u0171en tiszt\u00e1bb, \u00e9l\u00e9nkebb kijelz\u0151t szeretne \u00e9lvezni, ez a k\u00e9perny\u0151 kiv\u00e9teles min\u0151s\u00e9get \u00e9s egyszer\u0171 telep\u00edt\u00e9st k\u00edn\u00e1l. V\u00e1s\u00e1rl\u00e1s el\u0151tt felt\u00e9tlen\u00fcl ellen\u0151rizze a laptop modellj\u00e9vel val\u00f3 kompatibilit\u00e1st a csatlakoz\u00f3 t\u00edpusa, a k\u00e9perny\u0151 m\u00e9rete \u00e9s a felbont\u00e1s tekintet\u00e9ben.<\/p>\n","protected":false},"excerpt":{"rendered":"<p>B\u0151v\u00edtse laptop kijelz\u0151j\u00e9t az NV156FHM-N35 15,6&#8243; Full HD IPS k\u00e9perny\u0151vel. Ez a k\u00e9perny\u0151 \u00e9l\u00e9nk sz\u00edneket \u00e9s sz\u00e9les betekint\u00e9si sz\u00f6geket biztos\u00edt az IPS technol\u00f3gi\u00e1nak k\u00f6sz\u00f6nhet\u0151en, m\u00edg a matt fel\u00fclet minim\u00e1lisra cs\u00f6kkenti a t\u00fckr\u00f6z\u0151d\u00e9st a k\u00e9nyelmes megtekint\u00e9s \u00e9rdek\u00e9ben. 30 t\u0171s eDP-csatlakoz\u00f3val \u00e9s k\u00e9toldalas ragaszt\u00f3cs\u00edkokkal rendelkezik a k\u00f6nny\u0171 telep\u00edt\u00e9s \u00e9rdek\u00e9ben. V\u00e1s\u00e1rl\u00e1s el\u0151tt er\u0151s\u00edtse meg a laptopmodell kompatibilit\u00e1s\u00e1t.<\/p>\n","protected":false},"featured_media":9615,"template":"","meta":[],"product_brand":[],"product_cat":[81,71],"product_tag":[],"class_list":{"0":"post-9575","1":"product","2":"type-product","3":"status-publish","4":"has-post-thumbnail","6":"product_cat-15-6-new-laptop-screens-lcd-panels","7":"product_cat-new-laptop-screens-lcd-panels","9":"first","10":"instock","11":"taxable","12":"shipping-taxable","13":"purchasable","14":"product-type-simple"},"_links":{"self":[{"href":"https:\/\/boreait.com\/hu\/wp-json\/wp\/v2\/product\/9575","targetHints":{"allow":["GET"]}}],"collection":[{"href":"https:\/\/boreait.com\/hu\/wp-json\/wp\/v2\/product"}],"about":[{"href":"https:\/\/boreait.com\/hu\/wp-json\/wp\/v2\/types\/product"}],"wp:featuredmedia":[{"embeddable":true,"href":"https:\/\/boreait.com\/hu\/wp-json\/wp\/v2\/media\/9615"}],"wp:attachment":[{"href":"https:\/\/boreait.com\/hu\/wp-json\/wp\/v2\/media?parent=9575"}],"wp:term":[{"taxonomy":"product_brand","embeddable":true,"href":"https:\/\/boreait.com\/hu\/wp-json\/wp\/v2\/product_brand?post=9575"},{"taxonomy":"product_cat","embeddable":true,"href":"https:\/\/boreait.com\/hu\/wp-json\/wp\/v2\/product_cat?post=9575"},{"taxonomy":"product_tag","embeddable":true,"href":"https:\/\/boreait.com\/hu\/wp-json\/wp\/v2\/product_tag?post=9575"}],"curies":[{"name":"wp","href":"https:\/\/api.w.org\/{rel}","templated":true}]}}