{"id":9573,"date":"2025-09-17T12:38:11","date_gmt":"2025-09-17T10:38:11","guid":{"rendered":"https:\/\/boreait.com\/hu\/?post_type=product&#038;p=9573"},"modified":"2025-10-15T14:12:48","modified_gmt":"2025-10-15T12:12:48","slug":"uj-156-fhd-ips-laptop-kepernyo-matt-30-tus-edp-nv156fhm-n63-v8-0-csere","status":"publish","type":"product","link":"https:\/\/boreait.com\/hu\/termek\/uj-156-fhd-ips-laptop-kepernyo-matt-30-tus-edp-nv156fhm-n63-v8-0-csere\/","title":{"rendered":"\u00daJ 15,6&#8243; FHD IPS laptop k\u00e9perny\u0151 matt 30 t\u0171s eDP &#8211; NV156FHM-N63 V8.0 csere"},"content":{"rendered":"<p><strong>T\u00e9nyleges LCD-k\u00e9perny\u0151s modell: B156ZAN03.6 vagy N156HCA-EAB Rev C.4 \u2013 teljes m\u00e9rt\u00e9kben kompatibilis az NV156FHM-N63 V8.0-val<\/strong><\/p>\n<p>Friss\u00edtse laptopja kijelz\u0151j\u00e9t az NV156FHM-N63 V8.0 LCD-k\u00e9perny\u0151vel, amelyet a kiv\u00e1l\u00f3 vizu\u00e1lis teljes\u00edtm\u00e9ny \u00e9s a felhaszn\u00e1l\u00f3i k\u00e9nyelem \u00e9rdek\u00e9ben terveztek. Ez a 15,6 h\u00fcvelykes Full HD k\u00e9perny\u0151 1920 x 1080 felbont\u00e1st k\u00edn\u00e1l, krist\u00e1lytiszta k\u00e9peket \u00e9s \u00e9l\u00e9nk sz\u00edneket biztos\u00edtva. A fejlett IPS technol\u00f3gi\u00e1val rendelkez\u0151 k\u00e9perny\u0151 egyenletes sz\u00ednpontoss\u00e1got \u00e9s sz\u00e9les betekint\u00e9si sz\u00f6get biztos\u00edt, \u00edgy t\u00f6k\u00e9letes professzion\u00e1lis \u00e9s sz\u00f3rakoztat\u00f3 haszn\u00e1latra egyar\u00e1nt.<\/p>\n<h4>F\u0151bb jellemz\u0151k:<\/h4>\n<ul>\n<li><strong>Full HD felbont\u00e1s:<\/strong> \u00c9lvezze a r\u00e9szletgazdag \u00e9s \u00e9les k\u00e9pet az 1920 x 1080 felbont\u00e1ssal, amely ide\u00e1lis streamel\u00e9shez, j\u00e1t\u00e9khoz \u00e9s professzion\u00e1lis munk\u00e1hoz.<\/li>\n<li><strong>IPS technol\u00f3gia:<\/strong> Haszn\u00e1lja ki a gazdag sz\u00ednek \u00e9s a sz\u00e9les, 178 fokos l\u00e1t\u00f3sz\u00f6g el\u0151nyeit, \u00edgy a kijelz\u0151 b\u00e1rmilyen poz\u00edci\u00f3b\u00f3l nagyszer\u0171en n\u00e9z ki.<\/li>\n<li><strong>Matt fel\u00fclet:<\/strong> A t\u00fckr\u00f6z\u0151d\u00e9smentes matt fel\u00fclet cs\u00f6kkenti a t\u00fckr\u00f6z\u0151d\u00e9st \u00e9s a szem meger\u0151ltet\u00e9s\u00e9t, \u00edgy m\u00e9g er\u0151s f\u00e9nyviszonyok k\u00f6z\u00f6tt is k\u00e9nyelmes megtekint\u00e9si \u00e9lm\u00e9nyt biztos\u00edt.<\/li>\n<li><strong>30 t\u0171s eDP-csatlakoz\u00f3:<\/strong> A 30 t\u0171s Embedded DisplayPort (eDP) csatlakoz\u00f3 biztos\u00edtja a kompatibilit\u00e1st sz\u00e1mos laptoppal, lehet\u0151v\u00e9 t\u00e9ve az egyszer\u0171 integr\u00e1ci\u00f3t.<\/li>\n<li><strong>Egyszer\u0171 telep\u00edt\u00e9s:<\/strong> K\u00e9toldalas ragaszt\u00f3cs\u00edkokkal sz\u00e1ll\u00edtjuk az egyszer\u0171 telep\u00edt\u00e9s \u00e9rdek\u00e9ben.<\/li>\n<\/ul>\n<p>Az NV156FHM-N63 V8.0 LCD laptop k\u00e9perny\u0151 a t\u00f6k\u00e9letes megold\u00e1s laptopja kijelz\u0151j\u00e9nek friss\u00edt\u00e9s\u00e9hez. Ak\u00e1r egy t\u00f6r\u00f6tt k\u00e9perny\u0151t cser\u00e9l, ak\u00e1r jobb k\u00e9pmin\u0151s\u00e9get keres, ez a modell leny\u0171g\u00f6z\u0151 teljes\u00edtm\u00e9nyt \u00e9s megb\u00edzhat\u00f3s\u00e1got ny\u00fajt. V\u00e1s\u00e1rl\u00e1s el\u0151tt gy\u0151z\u0151dj\u00f6n meg arr\u00f3l, hogy kompatibilis a laptop modellj\u00e9vel, csatlakoz\u00f3t\u00edpus\u00e1val \u00e9s felbont\u00e1s\u00e1val.<\/p>\n","protected":false},"excerpt":{"rendered":"<p>Fejlessze laptopj\u00e1t az NV156FHM-N63 V8.0 15,6&#8243; Full HD IPS k\u00e9perny\u0151vel. \u00c9l\u00e9nk sz\u00ednpontoss\u00e1ggal \u00e9s IPS technol\u00f3gi\u00e1val sz\u00e9les betekint\u00e9si sz\u00f6gekkel rendelkez\u0151 matt kijelz\u0151 minim\u00e1lisra cs\u00f6kkenti a t\u00fckr\u00f6z\u0151d\u00e9st, \u00edgy b\u00e1rmilyen f\u00e9nyviszonyok mellett is k\u00e9nyelmesen n\u00e9zheti. v\u00e1s\u00e1rl\u00e1s.<\/p>\n","protected":false},"featured_media":9615,"template":"","meta":[],"product_brand":[],"product_cat":[81,71],"product_tag":[],"class_list":{"0":"post-9573","1":"product","2":"type-product","3":"status-publish","4":"has-post-thumbnail","6":"product_cat-15-6-new-laptop-screens-lcd-panels","7":"product_cat-new-laptop-screens-lcd-panels","9":"first","10":"instock","11":"taxable","12":"shipping-taxable","13":"purchasable","14":"product-type-simple"},"_links":{"self":[{"href":"https:\/\/boreait.com\/hu\/wp-json\/wp\/v2\/product\/9573","targetHints":{"allow":["GET"]}}],"collection":[{"href":"https:\/\/boreait.com\/hu\/wp-json\/wp\/v2\/product"}],"about":[{"href":"https:\/\/boreait.com\/hu\/wp-json\/wp\/v2\/types\/product"}],"wp:featuredmedia":[{"embeddable":true,"href":"https:\/\/boreait.com\/hu\/wp-json\/wp\/v2\/media\/9615"}],"wp:attachment":[{"href":"https:\/\/boreait.com\/hu\/wp-json\/wp\/v2\/media?parent=9573"}],"wp:term":[{"taxonomy":"product_brand","embeddable":true,"href":"https:\/\/boreait.com\/hu\/wp-json\/wp\/v2\/product_brand?post=9573"},{"taxonomy":"product_cat","embeddable":true,"href":"https:\/\/boreait.com\/hu\/wp-json\/wp\/v2\/product_cat?post=9573"},{"taxonomy":"product_tag","embeddable":true,"href":"https:\/\/boreait.com\/hu\/wp-json\/wp\/v2\/product_tag?post=9573"}],"curies":[{"name":"wp","href":"https:\/\/api.w.org\/{rel}","templated":true}]}}