{"id":9563,"date":"2025-09-17T12:37:44","date_gmt":"2025-09-17T10:37:44","guid":{"rendered":"https:\/\/boreait.com\/hu\/?post_type=product&#038;p=9563"},"modified":"2025-09-17T12:39:15","modified_gmt":"2025-09-17T10:39:15","slug":"uj-156-fhd-ips-kepernyo-asus-tuf-fx504g-hez-matt-30-tus-edp-csatlakozo","status":"publish","type":"product","link":"https:\/\/boreait.com\/hu\/termek\/uj-156-fhd-ips-kepernyo-asus-tuf-fx504g-hez-matt-30-tus-edp-csatlakozo\/","title":{"rendered":"\u00daJ 15,6&#8243; FHD IPS k\u00e9perny\u0151 ASUS TUF FX504G-hez &#8211; matt, 30 t\u0171s eDP csatlakoz\u00f3"},"content":{"rendered":"<p><strong>T\u00e9nyleges k\u00e9perny\u0151s modell: NV156FHM-N46 \/ B156HAN02.1 \/ LP156WF6-SPB1-SPK1-SPA1 \u2013 teljes m\u00e9rt\u00e9kben kompatibilis az ASUS TUF FX504G-vel<\/strong><\/p>\n<p><strong>Friss\u00edtse ASUS TUF FX504G k\u00e9sz\u00fcl\u00e9k\u00e9t egy 15,6 h\u00fcvelykes FHD IPS laptop k\u00e9perny\u0151vel<\/strong><\/p>\n<p>Fokozza j\u00e1t\u00e9k\u00e9lm\u00e9ny\u00e9t \u00e9s multim\u00e9di\u00e1s \u00e9lm\u00e9ny\u00e9t ezzel a pr\u00e9mium 15,6 h\u00fcvelykes Full HD IPS laptopk\u00e9perny\u0151vel, amelyet kifejezetten az ASUS TUF FX504G-hez terveztek. Krist\u00e1lytiszta l\u00e1tv\u00e1nyt \u00e9s \u00e9l\u00e9nk sz\u00edneket k\u00edn\u00e1lva ez a k\u00e9perny\u0151 t\u00f6k\u00e9letes friss\u00edt\u00e9st k\u00edn\u00e1l a kiemelked\u0151 teljes\u00edtm\u00e9nyt keres\u0151 j\u00e1t\u00e9kosok, alkot\u00f3k \u00e9s szakemberek sz\u00e1m\u00e1ra.<\/p>\n<p><strong>F\u0151bb jellemz\u0151k:<\/strong><\/p>\n<ul>\n<li><strong>15,6 h\u00fcvelykes Full HD kijelz\u0151:<\/strong> \u00c9lvezze a leny\u0171g\u00f6z\u0151 l\u00e1tv\u00e1nyt az 1920 x 1080 felbont\u00e1ssal, \u00e9les \u00e9s r\u00e9szletes k\u00e9peket biztos\u00edtva, amelyek \u00e9letre keltik j\u00e1t\u00e9kait \u00e9s multim\u00e9di\u00e1s tartalmait.<\/li>\n<li><strong>IPS technol\u00f3gia:<\/strong> Az In-Plane Switching (IPS) panel sz\u00e9les, 178 fokos l\u00e1t\u00f3sz\u00f6get \u00e9s egyenletes sz\u00ednpontoss\u00e1got k\u00edn\u00e1l, \u00edgy b\u00e1rmilyen sz\u00f6gb\u0151l \u00e9l\u00e9nk sz\u00edneket \u00e9s tiszta k\u00e9peket tapasztalhat.<\/li>\n<li><strong>Matt fel\u00fclet:<\/strong> A t\u00fckr\u00f6z\u0151d\u00e9smentes matt fel\u00fclet minim\u00e1lisra cs\u00f6kkenti a visszaver\u0151d\u00e9seket, \u00edgy k\u00e9nyelmes haszn\u00e1latot tesz lehet\u0151v\u00e9 k\u00fcl\u00f6nf\u00e9le f\u00e9nyviszonyok k\u00f6z\u00f6tt, \u00e9s cs\u00f6kkenti a szem meger\u0151ltet\u00e9s\u00e9t hossz\u00fa j\u00e1t\u00e9k vagy munka sor\u00e1n.<\/li>\n<li><strong>30 t\u0171s eDP-csatlakoz\u00f3:<\/strong> ez a k\u00e9perny\u0151 30 t\u0171s be\u00e1gyazott DisplayPort-csatlakoz\u00f3val rendelkezik, amely biztos\u00edtja a kompatibilit\u00e1st az ASUS TUF FX504G-vel. A z\u00f6kken\u0151mentes illeszked\u00e9s \u00e9rdek\u00e9ben ellen\u0151rizze \u00fajra a laptopmodell kompatibilit\u00e1s\u00e1t.<\/li>\n<li><strong>LED h\u00e1tt\u00e9rvil\u00e1g\u00edt\u00e1s:<\/strong> \u00c9lvezze az energiahat\u00e9kony LED-es h\u00e1tt\u00e9rvil\u00e1g\u00edt\u00e1st, amely kiv\u00e1l\u00f3 f\u00e9nyer\u0151t \u00e9s kontrasztot biztos\u00edt, mik\u00f6zben seg\u00edt meghosszabb\u00edtani laptopja akkumul\u00e1tor\u00e1nak \u00e9lettartam\u00e1t.<\/li>\n<\/ul>\n<p><strong>Mi\u00e9rt v\u00e1lassza ezt a k\u00e9perny\u0151t ASUS TUF FX504G k\u00e9sz\u00fcl\u00e9k\u00e9hez?<\/strong><\/p>\n<p>Ez a k\u00e9perny\u0151 ide\u00e1lis azoknak a felhaszn\u00e1l\u00f3knak, akik kiv\u00e1l\u00f3 min\u0151s\u00e9g\u0171 l\u00e1tv\u00e1nyt \u00e9s megb\u00edzhat\u00f3s\u00e1got k\u00f6vetelnek laptopjaik kijelz\u0151j\u00e9t\u0151l. Ak\u00e1r kedvenc j\u00e1t\u00e9kaiban k\u00fczd, ak\u00e1r nagyfelbont\u00e1s\u00fa vide\u00f3kat n\u00e9z, ak\u00e1r grafikai tervez\u00e9si projekteken dolgozik, ez a k\u00e9perny\u0151 biztos\u00edtja a sz\u00fcks\u00e9ges tisztas\u00e1got \u00e9s teljes\u00edtm\u00e9nyt. A tart\u00f3ss\u00e1got szem el\u0151tt tartva k\u00e9sz\u00fclt, \u00edgy biztos\u00edtja a hosszan tart\u00f3 haszn\u00e1latot \u00e9s az el\u00e9gedetts\u00e9get.<\/p>\n<p><strong>Egyszer\u0171 telep\u00edt\u00e9s<\/strong><\/p>\n<p>Az ASUS TUF FX504G k\u00e9perny\u0151j\u00e9nek cser\u00e9je egyszer\u0171. K\u00f6vesse laptopja szervizel\u00e9si \u00fatmutat\u00f3j\u00e1t a telep\u00edt\u00e9si utas\u00edt\u00e1sok\u00e9rt, vagy k\u00e9rjen szak\u00e9rt\u0151i seg\u00edts\u00e9get a t\u00f6k\u00e9letes illeszked\u00e9s \u00e9s az optim\u00e1lis teljes\u00edtm\u00e9ny biztos\u00edt\u00e1sa \u00e9rdek\u00e9ben.<\/p>\n<p><strong>N\u00f6velje vizu\u00e1lis \u00e9lm\u00e9ny\u00e9t m\u00e9g ma<\/strong><\/p>\n<p>Friss\u00edtsen erre a 15,6 h\u00fcvelykes FHD IPS k\u00e9perny\u0151re, \u00e9s \u00e9lvezze a tov\u00e1bbfejlesztett megtekint\u00e9si \u00e9lm\u00e9nyt, amely feldobja j\u00e1t\u00e9k- \u00e9s sz\u00e1m\u00edt\u00e1stechnikai tev\u00e9kenys\u00e9geit. Kiv\u00e1l\u00f3 sz\u00ednpontoss\u00e1g\u00e1nak \u00e9s r\u00e9szletgazdags\u00e1g\u00e1nak k\u00f6sz\u00f6nhet\u0151en ez a k\u00e9perny\u0151 t\u00f6k\u00e9letes kieg\u00e9sz\u00edt\u0151je ASUS TUF FX504G k\u00e9sz\u00fcl\u00e9k\u00e9nek.<\/p>\n","protected":false},"excerpt":{"rendered":"<p>Friss\u00edtse ASUS TUF FX504G k\u00e9sz\u00fcl\u00e9k\u00e9t egy 15,6 h\u00fcvelykes FHD IPS k\u00e9perny\u0151vel. Az 1920 x 1080 felbont\u00e1s\u00fa IPS technol\u00f3gi\u00e1val \u00e9s matt fel\u00fclettel rendelkez\u0151 k\u00e9perny\u0151 \u00e9l\u00e9nk sz\u00edneket \u00e9s sz\u00e9les betekint\u00e9si sz\u00f6geket biztos\u00edt. A 30 t\u0171s eDP csatlakoz\u00f3 biztos\u00edtja a kompatibilit\u00e1st ASUS laptopj\u00e1val.<\/p>\n","protected":false},"featured_media":9614,"template":"","meta":[],"product_brand":[],"product_cat":[81,71],"product_tag":[30],"class_list":{"0":"post-9563","1":"product","2":"type-product","3":"status-publish","4":"has-post-thumbnail","6":"product_cat-15-6-new-laptop-screens-lcd-panels","7":"product_cat-new-laptop-screens-lcd-panels","8":"product_tag-asus","10":"first","11":"instock","12":"taxable","13":"shipping-taxable","14":"purchasable","15":"product-type-simple"},"_links":{"self":[{"href":"https:\/\/boreait.com\/hu\/wp-json\/wp\/v2\/product\/9563","targetHints":{"allow":["GET"]}}],"collection":[{"href":"https:\/\/boreait.com\/hu\/wp-json\/wp\/v2\/product"}],"about":[{"href":"https:\/\/boreait.com\/hu\/wp-json\/wp\/v2\/types\/product"}],"wp:featuredmedia":[{"embeddable":true,"href":"https:\/\/boreait.com\/hu\/wp-json\/wp\/v2\/media\/9614"}],"wp:attachment":[{"href":"https:\/\/boreait.com\/hu\/wp-json\/wp\/v2\/media?parent=9563"}],"wp:term":[{"taxonomy":"product_brand","embeddable":true,"href":"https:\/\/boreait.com\/hu\/wp-json\/wp\/v2\/product_brand?post=9563"},{"taxonomy":"product_cat","embeddable":true,"href":"https:\/\/boreait.com\/hu\/wp-json\/wp\/v2\/product_cat?post=9563"},{"taxonomy":"product_tag","embeddable":true,"href":"https:\/\/boreait.com\/hu\/wp-json\/wp\/v2\/product_tag?post=9563"}],"curies":[{"name":"wp","href":"https:\/\/api.w.org\/{rel}","templated":true}]}}