{"id":9547,"date":"2025-09-17T12:36:49","date_gmt":"2025-09-17T10:36:49","guid":{"rendered":"https:\/\/boreait.com\/hu\/?post_type=product&#038;p=9547"},"modified":"2025-09-17T12:39:13","modified_gmt":"2025-09-17T10:39:13","slug":"156-lp156wf6-spb1-fhd-ips-laptop-kepernyo-matt-30-tus-edp-csatlakozo","status":"publish","type":"product","link":"https:\/\/boreait.com\/hu\/termek\/156-lp156wf6-spb1-fhd-ips-laptop-kepernyo-matt-30-tus-edp-csatlakozo\/","title":{"rendered":"15,6&#8243; LP156WF6-SPB1 FHD IPS laptop k\u00e9perny\u0151 &#8211; matt, 30 t\u0171s eDP csatlakoz\u00f3"},"content":{"rendered":"<p><strong>T\u00e9nyleges k\u00e9perny\u0151modell: NV156FHM-T\u00e9nyleges k\u00e9perny\u0151modell: NV156FHM-N46 \/ B156HAN02.1 \/ LP156WF6-SPB1-SPK1-SPA1 \u2013 teljes m\u00e9rt\u00e9kben kompatibilis az LP156WF6-SPB1-el<\/strong><\/p>\n<p><strong>Friss\u00edtse laptop kijelz\u0151j\u00e9t az LP156WF6-SPB1 15,6 h\u00fcvelykes FHD IPS k\u00e9perny\u0151vel<\/strong><\/p>\n<p>Tapasztalja meg a kiv\u00e9teles tisztas\u00e1got \u00e9s az \u00e9l\u00e9nk sz\u00edneket az LP156WF6-SPB1 15,6 h\u00fcvelykes FHD IPS laptop k\u00e9perny\u0151vel. A kiv\u00e1l\u00f3 min\u0151s\u00e9g\u0171 vizu\u00e1lis megjelen\u00edt\u00e9sre tervezett k\u00e9perny\u0151 t\u00f6k\u00e9letes a tov\u00e1bbfejlesztett megjelen\u00edt\u00e9si \u00e9lm\u00e9nyt keres\u0151 szakemberek, di\u00e1kok \u00e9s sz\u00f3rakoz\u00e1s ir\u00e1nt \u00e9rdekl\u0151d\u0151k sz\u00e1m\u00e1ra.<\/p>\n<p><strong>F\u0151bb jellemz\u0151k:<\/strong><\/p>\n<ul>\n<li><strong>15,6 h\u00fcvelykes Full HD felbont\u00e1s:<\/strong> \u00c9lvezze a leny\u0171g\u00f6z\u0151 l\u00e1tv\u00e1nyt az 1920 x 1080-as felbont\u00e1ssal, amely \u00e9les \u00e9s r\u00e9szletes k\u00e9peket biztos\u00edt, \u00edgy ide\u00e1lis multim\u00e9di\u00e1s \u00e9s termel\u00e9kenys\u00e9gi feladatokhoz.<\/li>\n<li><strong>IPS technol\u00f3gia:<\/strong> Az In-Plane Switching (IPS) panel sz\u00e9les, 178 fokos l\u00e1t\u00f3sz\u00f6get \u00e9s pontos sz\u00ednvisszaad\u00e1st k\u00edn\u00e1l, \u00edgy a kijelz\u0151 b\u00e1rmilyen sz\u00f6gb\u0151l j\u00f3l n\u00e9z ki.<\/li>\n<li><strong>Matt fel\u00fclet:<\/strong> Cs\u00f6kkentse a t\u00fckr\u00f6z\u0151d\u00e9st \u00e9s a t\u00fckr\u00f6z\u0151d\u00e9st a matt fel\u00fclettel, amely lehet\u0151v\u00e9 teszi a k\u00e9nyelmes megtekint\u00e9st m\u00e9g vil\u00e1gos k\u00f6rnyezetben is, \u00e9s minim\u00e1lisra cs\u00f6kkenti a szem meger\u0151ltet\u00e9s\u00e9t.<\/li>\n<li><strong>30 t\u0171s eDP-csatlakoz\u00f3:<\/strong> Az LP156WF6-SPB1 30 t\u0171s be\u00e1gyazott DisplayPort csatlakoz\u00f3val rendelkezik, \u00edgy sz\u00e1mos laptoppal kompatibilis. V\u00e1s\u00e1rl\u00e1s el\u0151tt mindig ellen\u0151rizze a laptop kompatibilit\u00e1s\u00e1t.<\/li>\n<li><strong>LED h\u00e1tt\u00e9rvil\u00e1g\u00edt\u00e1s:<\/strong> Haszn\u00e1lja ki az energiatakar\u00e9kos LED-es h\u00e1tt\u00e9rvil\u00e1g\u00edt\u00e1s el\u0151nyeit, amely cs\u00f6kkenti az energiafogyaszt\u00e1st \u00e9s meghosszabb\u00edtja laptopja akkumul\u00e1tor\u00e1nak \u00e9lettartam\u00e1t.<\/li>\n<\/ul>\n<p><strong>Mi\u00e9rt v\u00e1lassza az LP156WF6-SPB1 k\u00e9perny\u0151t?<\/strong><\/p>\n<p>Az LP156WF6-SPB1 k\u00e9perny\u0151 kiv\u00e1l\u00f3 v\u00e1laszt\u00e1s azoknak a felhaszn\u00e1l\u00f3knak, akik nagy teljes\u00edtm\u00e9ny\u0171, \u00e9l\u00e9nk sz\u00ednekkel \u00e9s tiszta k\u00e9pekkel rendelkez\u0151 kijelz\u0151t ig\u00e9nyelnek. Ak\u00e1r grafikai tervez\u00e9si projekteken dolgozik, ak\u00e1r filmeket n\u00e9z, ak\u00e1r az interneten b\u00f6ng\u00e9szik, ez a k\u00e9perny\u0151 kiemelked\u0151 vizu\u00e1lis min\u0151s\u00e9get ny\u00fajt. Strapab\u00edr\u00f3 fel\u00e9p\u00edt\u00e9se hosszan tart\u00f3 teljes\u00edtm\u00e9nyt biztos\u00edt, \u00edgy okos befektet\u00e9s a laptop sz\u00e1m\u00e1ra.<\/p>\n<p><strong>Egyszer\u0171 telep\u00edt\u00e9s<\/strong><\/p>\n<p>A megl\u00e9v\u0151 k\u00e9perny\u0151 lecser\u00e9l\u00e9se az LP156WF6-SPB1-re egyszer\u0171 folyamat. K\u00f6vesse laptopja szervizel\u00e9si k\u00e9zik\u00f6nyv\u00e9t a l\u00e9p\u00e9senk\u00e9nti utas\u00edt\u00e1sok\u00e9rt, vagy k\u00e9rjen seg\u00edts\u00e9get egy technikust\u00f3l.<\/p>\n<p><strong>Fokozza vizu\u00e1lis \u00e9lm\u00e9ny\u00e9t m\u00e9g ma<\/strong><\/p>\n<p>Friss\u00edtsen az LP156WF6-SPB1 15,6 h\u00fcvelykes FHD IPS k\u00e9perny\u0151re, \u00e9s \u00e9lvezze a kiv\u00e1l\u00f3 megtekint\u00e9si \u00e9lm\u00e9nyt, amely fokozza napi sz\u00e1m\u00edt\u00e1stechnikai tev\u00e9kenys\u00e9geit. Ez a k\u00e9perny\u0151 biztos\u00edtja a tisztas\u00e1got, sz\u00ednt \u00e9s k\u00e9nyelmet, amelyre b\u00e1rmilyen alkalmaz\u00e1shoz sz\u00fcks\u00e9ge van.<\/p>\n","protected":false},"excerpt":{"rendered":"<p>B\u0151v\u00edtse laptopj\u00e1t az LP156WF6-SPB1 15,6&#8243;-es FHD IPS k\u00e9perny\u0151vel. Az 1920 x 1080 felbont\u00e1s\u00fa IPS technol\u00f3gi\u00e1val \u00e9s matt fel\u00fclettel rendelkez\u0151 k\u00e9perny\u0151 \u00e9l\u00e9nk sz\u00edneket \u00e9s sz\u00e9les betekint\u00e9si sz\u00f6geket k\u00edn\u00e1l. 30 t\u0171s eDP-csatlakoz\u00f3ja biztos\u00edtja a kompatibilit\u00e1st a k\u00fcl\u00f6nb\u00f6z\u0151 laptopmodellekkel.<\/p>\n","protected":false},"featured_media":9614,"template":"","meta":[],"product_brand":[],"product_cat":[81,71],"product_tag":[],"class_list":{"0":"post-9547","1":"product","2":"type-product","3":"status-publish","4":"has-post-thumbnail","6":"product_cat-15-6-new-laptop-screens-lcd-panels","7":"product_cat-new-laptop-screens-lcd-panels","9":"first","10":"instock","11":"taxable","12":"shipping-taxable","13":"purchasable","14":"product-type-simple"},"_links":{"self":[{"href":"https:\/\/boreait.com\/hu\/wp-json\/wp\/v2\/product\/9547","targetHints":{"allow":["GET"]}}],"collection":[{"href":"https:\/\/boreait.com\/hu\/wp-json\/wp\/v2\/product"}],"about":[{"href":"https:\/\/boreait.com\/hu\/wp-json\/wp\/v2\/types\/product"}],"wp:featuredmedia":[{"embeddable":true,"href":"https:\/\/boreait.com\/hu\/wp-json\/wp\/v2\/media\/9614"}],"wp:attachment":[{"href":"https:\/\/boreait.com\/hu\/wp-json\/wp\/v2\/media?parent=9547"}],"wp:term":[{"taxonomy":"product_brand","embeddable":true,"href":"https:\/\/boreait.com\/hu\/wp-json\/wp\/v2\/product_brand?post=9547"},{"taxonomy":"product_cat","embeddable":true,"href":"https:\/\/boreait.com\/hu\/wp-json\/wp\/v2\/product_cat?post=9547"},{"taxonomy":"product_tag","embeddable":true,"href":"https:\/\/boreait.com\/hu\/wp-json\/wp\/v2\/product_tag?post=9547"}],"curies":[{"name":"wp","href":"https:\/\/api.w.org\/{rel}","templated":true}]}}