{"id":9505,"date":"2025-09-17T12:34:41","date_gmt":"2025-09-17T10:34:41","guid":{"rendered":"https:\/\/boreait.com\/hu\/?post_type=product&#038;p=9505"},"modified":"2026-02-06T12:01:21","modified_gmt":"2026-02-06T11:01:21","slug":"fujitsu-siemens-esprimo-mobile-d9500-rj11-kabel-eredeti-cserealkatresz","status":"publish","type":"product","link":"https:\/\/boreait.com\/hu\/termek\/fujitsu-siemens-esprimo-mobile-d9500-rj11-kabel-eredeti-cserealkatresz\/","title":{"rendered":"Fujitsu Siemens Esprimo Mobile D9500 RJ11 k\u00e1bel \u2013 Eredeti cserealkatr\u00e9sz"},"content":{"rendered":"<p>Fujitsu Siemens Esprimo Mobile D9500 RJ11 k\u00e1bel<\/p>\n<p>Cser\u00e9lje ki vagy friss\u00edtse Fujitsu Siemens Esprimo Mobile D9500 laptopj\u00e1t ezzel az eredeti RJ11 k\u00e1bellel. A pontos specifik\u00e1ci\u00f3knak megfelel\u0151en tervezett k\u00e1bel megb\u00edzhat\u00f3 csatlakoz\u00e1st biztos\u00edt az \u00d6n t\u00e1vk\u00f6zl\u00e9si ig\u00e9nyeihez.<\/p>\n<p>**A term\u00e9k jellemz\u0151i:**<\/p>\n<p>&#8211; **Kompatibilit\u00e1s:** Kifejezetten a Fujitsu Siemens Esprimo Mobile D9500 laptop modellhez tervezve.<\/p>\n<p>&#8211; **Min\u0151s\u00e9g:** Eredeti cserealkatr\u00e9sz a megb\u00edzhat\u00f3 teljes\u00edtm\u00e9ny \u00e9rdek\u00e9ben.<\/p>\n<p>&#8211; **\u00c1llapot:** Haszn\u00e1lt, mint az \u00faj, val\u00f3di f\u00e9nyk\u00e9pekkel adjuk meg, hogy pontosan milyen k\u00e1belt kapunk.<\/p>\n<p>**Mi\u00e9rt v\u00e1lassza ezt az RJ11 k\u00e1belt?**<\/p>\n<p>&#8211; **K\u00f6zvetlen csere:** Nincs sz\u00fcks\u00e9g m\u00f3dos\u00edt\u00e1sra \u2013 egyszer\u0171en csatlakoztatd \u00e9s j\u00e1tssz.<\/p>\n<p>&#8211; ** Biztos\u00edtja a csatlakoz\u00e1st:** T\u00f6k\u00e9letes a laptop telekommunik\u00e1ci\u00f3s ig\u00e9nyeihez.<\/p>\n<p>&#8211; **Glob\u00e1lis sz\u00e1ll\u00edt\u00e1s:** Megv\u00e1s\u00e1rolhat\u00f3 \u00e9s sz\u00e1ll\u00edthat\u00f3 vil\u00e1gszerte.<\/p>\n<p>K\u00e9rj\u00fck, vegye figyelembe, hogy a telep\u00edt\u00e9si utas\u00edt\u00e1sokat nem tartalmazza. Ha seg\u00edts\u00e9gre van sz\u00fcks\u00e9ge a telep\u00edt\u00e9shez, tov\u00e1bbi t\u00e1mogat\u00e1s\u00e9rt forduljon hozz\u00e1nk bizalommal. Elk\u00f6telezett csapatunk seg\u00edt a z\u00f6kken\u0151mentes cserefolyamat biztos\u00edt\u00e1s\u00e1ban.<\/p>\n<p>**Fontos:** Az ezen a list\u00e1n szerepl\u0151 fot\u00f3k a pontos RJ11-es k\u00e1belt mutatj\u00e1k. Minden alkatr\u00e9sz min\u0151s\u00e9g\u00e9t megvizsg\u00e1lj\u00e1k, hogy biztos\u00edts\u00e1k az \u00d6n teljes el\u00e9gedetts\u00e9g\u00e9t.<\/p>\n","protected":false},"excerpt":{"rendered":"<p>Fujitsu Siemens Esprimo Mobile D9500 RJ11 k\u00e1bel \u2013 Eredeti csere. Cser\u00e9lje ki s\u00e9r\u00fclt vagy hib\u00e1san m\u0171k\u00f6d\u0151 RJ11 k\u00e1bel\u00e9t erre az eredeti alkatr\u00e9szre, amelyet kifejezetten a Fujitsu Siemens Esprimo Mobile D9500 laptophoz terveztek.<\/p>\n","protected":false},"featured_media":9572,"template":"","meta":[],"product_brand":[],"product_cat":[27],"product_tag":[28],"class_list":{"0":"post-9505","1":"product","2":"type-product","3":"status-publish","4":"has-post-thumbnail","6":"product_cat-motherboards-board-parts","7":"product_tag-fujitsu","9":"first","10":"instock","11":"taxable","12":"shipping-taxable","13":"purchasable","14":"product-type-simple"},"_links":{"self":[{"href":"https:\/\/boreait.com\/hu\/wp-json\/wp\/v2\/product\/9505","targetHints":{"allow":["GET"]}}],"collection":[{"href":"https:\/\/boreait.com\/hu\/wp-json\/wp\/v2\/product"}],"about":[{"href":"https:\/\/boreait.com\/hu\/wp-json\/wp\/v2\/types\/product"}],"wp:featuredmedia":[{"embeddable":true,"href":"https:\/\/boreait.com\/hu\/wp-json\/wp\/v2\/media\/9572"}],"wp:attachment":[{"href":"https:\/\/boreait.com\/hu\/wp-json\/wp\/v2\/media?parent=9505"}],"wp:term":[{"taxonomy":"product_brand","embeddable":true,"href":"https:\/\/boreait.com\/hu\/wp-json\/wp\/v2\/product_brand?post=9505"},{"taxonomy":"product_cat","embeddable":true,"href":"https:\/\/boreait.com\/hu\/wp-json\/wp\/v2\/product_cat?post=9505"},{"taxonomy":"product_tag","embeddable":true,"href":"https:\/\/boreait.com\/hu\/wp-json\/wp\/v2\/product_tag?post=9505"}],"curies":[{"name":"wp","href":"https:\/\/api.w.org\/{rel}","templated":true}]}}