{"id":9495,"date":"2025-09-17T12:34:13","date_gmt":"2025-09-17T10:34:13","guid":{"rendered":"https:\/\/boreait.com\/hu\/?post_type=product&#038;p=9495"},"modified":"2026-02-06T12:00:29","modified_gmt":"2026-02-06T11:00:29","slug":"fujitsu-siemens-esprimo-mobile-d9500-zsanerok-eredeti-cserealkatreszek","status":"publish","type":"product","link":"https:\/\/boreait.com\/hu\/termek\/fujitsu-siemens-esprimo-mobile-d9500-zsanerok-eredeti-cserealkatreszek\/","title":{"rendered":"Fujitsu Siemens Esprimo Mobile D9500 zsan\u00e9rok \u2013 Eredeti cserealkatr\u00e9szek"},"content":{"rendered":"<p>Fujitsu Siemens Esprimo Mobile D9500 csukl\u00f3p\u00e1ntok<\/p>\n<p>Vissza\u00e1ll\u00edthatja Fujitsu Siemens Esprimo Mobile D9500 funkcionalit\u00e1s\u00e1t, \u00e9s meghosszabb\u00edthatja \u00e9lettartam\u00e1t ezzel az eredeti cserep\u00e1nt-k\u00e9szlettel. A kifejezetten az Esprimo Mobile D9500-hoz tervezett zsan\u00e9rok biztos\u00edtj\u00e1k, hogy laptopja k\u00e9perny\u0151je biztons\u00e1gosan r\u00f6gz\u00edtve maradjon, biztos\u00edtva a sz\u00fcks\u00e9ges stabilit\u00e1st \u00e9s tart\u00f3ss\u00e1got.<\/p>\n<p>**A term\u00e9k jellemz\u0151i:**<\/p>\n<p>&#8211; **Kompatibilit\u00e1s:** Egyedi illeszked\u00e9s a Fujitsu Siemens Esprimo Mobile D9500 laptop modellhez.<\/p>\n<p>&#8211; **Min\u0151s\u00e9g:** Kiv\u00e1l\u00f3 min\u0151s\u00e9g\u0171, eredeti cserealkatr\u00e9szek, amelyeket az eredeti zsan\u00e9rokhoz terveztek.<\/p>\n<p>&#8211; **\u00c1llapot:** \u00dajk\u00e9nt haszn\u00e1lt, megb\u00edzhat\u00f3 teljes\u00edtm\u00e9nyt \u00e9s hossz\u00fa \u00e9lettartamot biztos\u00edtva.<\/p>\n<p>**Mi\u00e9rt v\u00e1lassza ezeket a zsan\u00e9rokat?**<\/p>\n<p>&#8211; **Kijav\u00edtja a meglazult vagy elt\u00f6rt zsan\u00e9rokat:** T\u00f6k\u00e9letes megold\u00e1s a meglazult vagy t\u00f6r\u00f6tt zsan\u00e9rok jav\u00edt\u00e1s\u00e1ra, \u00edgy a laptop k\u00e9perny\u0151je a hely\u00e9n marad.<\/p>\n<p>&#8211; **K\u00f6zvetlen csere:** K\u00f6nnyen telep\u00edthet\u0151, nincs sz\u00fcks\u00e9g m\u00f3dos\u00edt\u00e1sra. Egyszer\u0171en cser\u00e9lje ki a r\u00e9gi zsan\u00e9rokat ezekkel az \u00fajakkal.<\/p>\n<p>&#8211; **Glob\u00e1lis sz\u00e1ll\u00edt\u00e1s:** Megv\u00e1s\u00e1rolhat\u00f3 \u00e9s sz\u00e1ll\u00edthat\u00f3 vil\u00e1gszerte, Eur\u00f3p\u00e1ra \u00f6sszpontos\u00edtva.<\/p>\n<p>K\u00e9rj\u00fck, vegye figyelembe, hogy a telep\u00edt\u00e9si utas\u00edt\u00e1sokat nem tartalmazza. Ha seg\u00edts\u00e9gre van sz\u00fcks\u00e9ge a telep\u00edt\u00e9shez, tov\u00e1bbi t\u00e1mogat\u00e1s\u00e9rt forduljon hozz\u00e1nk bizalommal. Elk\u00f6telezett csapatunk seg\u00edt a z\u00f6kken\u0151mentes cserefolyamat biztos\u00edt\u00e1s\u00e1ban.<\/p>\n<p>**Fontos:** Az adatlapon szerepl\u0151 fot\u00f3k pontosan azt mutatj\u00e1k, hogy milyen zsan\u00e9rokat fog kapni. Minden alkatr\u00e9sz min\u0151s\u00e9g\u00e9t megvizsg\u00e1lj\u00e1k, hogy biztos\u00edts\u00e1k az \u00d6n teljes el\u00e9gedetts\u00e9g\u00e9t.<\/p>\n","protected":false},"excerpt":{"rendered":"<p>Fujitsu Siemens Esprimo Mobile D9500 zsan\u00e9rok \u2013 Eredeti cserep\u00e1ntok a laptop funkcionalit\u00e1s\u00e1nak helyre\u00e1ll\u00edt\u00e1s\u00e1hoz. T\u00f6k\u00e9letes a meglazult vagy t\u00f6r\u00f6tt zsan\u00e9rok r\u00f6gz\u00edt\u00e9s\u00e9re, \u00edgy biztos\u00edtva, hogy a k\u00e9perny\u0151 biztons\u00e1gosan a hely\u00e9n maradjon.<\/p>\n","protected":false},"featured_media":9567,"template":"","meta":[],"product_brand":[],"product_cat":[19],"product_tag":[28],"class_list":{"0":"post-9495","1":"product","2":"type-product","3":"status-publish","4":"has-post-thumbnail","6":"product_cat-screen-hinge","7":"product_tag-fujitsu","9":"first","10":"instock","11":"taxable","12":"shipping-taxable","13":"purchasable","14":"product-type-simple"},"_links":{"self":[{"href":"https:\/\/boreait.com\/hu\/wp-json\/wp\/v2\/product\/9495","targetHints":{"allow":["GET"]}}],"collection":[{"href":"https:\/\/boreait.com\/hu\/wp-json\/wp\/v2\/product"}],"about":[{"href":"https:\/\/boreait.com\/hu\/wp-json\/wp\/v2\/types\/product"}],"wp:featuredmedia":[{"embeddable":true,"href":"https:\/\/boreait.com\/hu\/wp-json\/wp\/v2\/media\/9567"}],"wp:attachment":[{"href":"https:\/\/boreait.com\/hu\/wp-json\/wp\/v2\/media?parent=9495"}],"wp:term":[{"taxonomy":"product_brand","embeddable":true,"href":"https:\/\/boreait.com\/hu\/wp-json\/wp\/v2\/product_brand?post=9495"},{"taxonomy":"product_cat","embeddable":true,"href":"https:\/\/boreait.com\/hu\/wp-json\/wp\/v2\/product_cat?post=9495"},{"taxonomy":"product_tag","embeddable":true,"href":"https:\/\/boreait.com\/hu\/wp-json\/wp\/v2\/product_tag?post=9495"}],"curies":[{"name":"wp","href":"https:\/\/api.w.org\/{rel}","templated":true}]}}