{"id":9472,"date":"2025-09-17T12:32:59","date_gmt":"2025-09-17T10:32:59","guid":{"rendered":"https:\/\/boreait.com\/hu\/?post_type=product&#038;p=9472"},"modified":"2026-02-06T11:08:27","modified_gmt":"2026-02-06T10:08:27","slug":"lenovo-thinkpad-x40-93p3471-ibm-thinkpad-56k-modem-csere-eredeti-oem-alkatresz","status":"publish","type":"product","link":"https:\/\/boreait.com\/hu\/termek\/lenovo-thinkpad-x40-93p3471-ibm-thinkpad-56k-modem-csere-eredeti-oem-alkatresz\/","title":{"rendered":"Lenovo Thinkpad X40 93P3471 \u2013 IBM ThinkPad 56k modem csere \u2013 Eredeti OEM alkatr\u00e9sz"},"content":{"rendered":"<p>Lenovo Thinkpad X40 93P3471 &#8211; IBM ThinkPad 56k modem<\/p>\n<p>Cser\u00e9lje ki vagy friss\u00edtse Lenovo Thinkpad X40 k\u00e9sz\u00fcl\u00e9k\u00e9t ezzel az eredeti IBM ThinkPad 56k modemmel. \u00dagy tervezt\u00e9k, hogy t\u00f6k\u00e9letesen illeszkedjen \u00e9s helyre\u00e1ll\u00edtsa a megb\u00edzhat\u00f3 internetkapcsolatot, ez a modem k\u00f6zvetlen\u00fcl helyettes\u00edti a megl\u00e9v\u0151 alkatr\u00e9szt.<\/p>\n<p>**A term\u00e9k jellemz\u0151i:**<\/p>\n<p>&#8211; **Kompatibilit\u00e1s:** Kifejezetten a Lenovo Thinkpad X40 modellhez tervezt\u00e9k.<\/p>\n<p>&#8211; **Alkatr\u00e9szsz\u00e1m:** 93P3471.<\/p>\n<p>&#8211; **T\u00edpus:** 56k modem.<\/p>\n<p>&#8211; **Min\u0151s\u00e9g:** Eredeti OEM alkatr\u00e9sz a megb\u00edzhat\u00f3 teljes\u00edtm\u00e9ny \u00e9s kompatibilit\u00e1s \u00e9rdek\u00e9ben.<\/p>\n<p>&#8211; **\u00c1llapot:** Haszn\u00e1lt, mint az \u00faj, val\u00f3di f\u00e9nyk\u00e9pekkel adjuk meg, hogy pontosan milyen modemet kapunk.<\/p>\n<p>**Mi\u00e9rt v\u00e1lassza ezt a modemet?**<\/p>\n<p>&#8211; **Vissza\u00e1ll\u00edtja a kapcsolatot:** T\u00f6k\u00e9letes a hib\u00e1s vagy elavult modemek cser\u00e9j\u00e9re, stabil \u00e9s hat\u00e9kony internet-hozz\u00e1f\u00e9r\u00e9st biztos\u00edtva.<\/p>\n<p>&#8211; **K\u00f6zvetlen csere:** Nincs sz\u00fcks\u00e9g m\u00f3dos\u00edt\u00e1sra \u2013 egyszer\u0171en telep\u00edtse, \u00e9s \u00e9lvezze a tov\u00e1bbfejlesztett csatlakoz\u00e1st.<\/p>\n<p>&#8211; **Glob\u00e1lis sz\u00e1ll\u00edt\u00e1s:** Megv\u00e1s\u00e1rolhat\u00f3 \u00e9s sz\u00e1ll\u00edthat\u00f3 vil\u00e1gszerte.<\/p>\n<p>K\u00e9rj\u00fck, vegye figyelembe, hogy a telep\u00edt\u00e9si utas\u00edt\u00e1sokat nem tartalmazza. Ha seg\u00edts\u00e9gre van sz\u00fcks\u00e9ge a telep\u00edt\u00e9shez, tov\u00e1bbi t\u00e1mogat\u00e1s\u00e9rt forduljon hozz\u00e1nk bizalommal. Elk\u00f6telezett csapatunk seg\u00edt a z\u00f6kken\u0151mentes cserefolyamat biztos\u00edt\u00e1s\u00e1ban.<\/p>\n<p>**Fontos:** A list\u00e1ban szerepl\u0151 f\u00e9nyk\u00e9pek pontosan azt a modemet mutatj\u00e1k, amelyet kapni fog. Minden alkatr\u00e9sz min\u0151s\u00e9g\u00e9t megvizsg\u00e1lj\u00e1k, hogy biztos\u00edts\u00e1k az \u00d6n teljes el\u00e9gedetts\u00e9g\u00e9t.<\/p>\n","protected":false},"excerpt":{"rendered":"<p>Lenovo Thinkpad X40 93P3471 \u2013 IBM ThinkPad 56k modem. Eredeti cseremodem a Lenovo Thinkpad X40-hez. Ez a kiv\u00e1l\u00f3 min\u0151s\u00e9g\u0171 56k-s modem megb\u00edzhat\u00f3 csatlakoz\u00e1st biztos\u00edt, \u00e9s k\u00f6zvetlen\u00fcl helyettes\u00edti a megl\u00e9v\u0151 alkatr\u00e9szt. Ide\u00e1lis az internet funkci\u00f3inak helyre\u00e1ll\u00edt\u00e1s\u00e1hoz.<\/p>\n","protected":false},"featured_media":9534,"template":"","meta":[],"product_brand":[],"product_cat":[27],"product_tag":[26],"class_list":{"0":"post-9472","1":"product","2":"type-product","3":"status-publish","4":"has-post-thumbnail","6":"product_cat-motherboards-board-parts","7":"product_tag-lenovo","9":"first","10":"instock","11":"taxable","12":"shipping-taxable","13":"purchasable","14":"product-type-simple"},"_links":{"self":[{"href":"https:\/\/boreait.com\/hu\/wp-json\/wp\/v2\/product\/9472","targetHints":{"allow":["GET"]}}],"collection":[{"href":"https:\/\/boreait.com\/hu\/wp-json\/wp\/v2\/product"}],"about":[{"href":"https:\/\/boreait.com\/hu\/wp-json\/wp\/v2\/types\/product"}],"wp:featuredmedia":[{"embeddable":true,"href":"https:\/\/boreait.com\/hu\/wp-json\/wp\/v2\/media\/9534"}],"wp:attachment":[{"href":"https:\/\/boreait.com\/hu\/wp-json\/wp\/v2\/media?parent=9472"}],"wp:term":[{"taxonomy":"product_brand","embeddable":true,"href":"https:\/\/boreait.com\/hu\/wp-json\/wp\/v2\/product_brand?post=9472"},{"taxonomy":"product_cat","embeddable":true,"href":"https:\/\/boreait.com\/hu\/wp-json\/wp\/v2\/product_cat?post=9472"},{"taxonomy":"product_tag","embeddable":true,"href":"https:\/\/boreait.com\/hu\/wp-json\/wp\/v2\/product_tag?post=9472"}],"curies":[{"name":"wp","href":"https:\/\/api.w.org\/{rel}","templated":true}]}}