{"id":9471,"date":"2025-09-17T12:32:57","date_gmt":"2025-09-17T10:32:57","guid":{"rendered":"https:\/\/boreait.com\/hu\/?post_type=product&#038;p=9471"},"modified":"2026-02-06T11:08:12","modified_gmt":"2026-02-06T10:08:12","slug":"lenovo-thinkpad-x40-93p3471-512-mb-ram-modul-eredeti-cserememoria","status":"publish","type":"product","link":"https:\/\/boreait.com\/hu\/termek\/lenovo-thinkpad-x40-93p3471-512-mb-ram-modul-eredeti-cserememoria\/","title":{"rendered":"Lenovo Thinkpad X40 93P3471 512 MB RAM modul \u2013 Eredeti cseremem\u00f3ria"},"content":{"rendered":"<p>Lenovo Thinkpad X40 93P3471 512MB RAM modul<\/p>\n<p>Fokozza Lenovo Thinkpad X40 teljes\u00edtm\u00e9ny\u00e9t ezzel az eredeti 512 MB RAM modullal. Ide\u00e1lis a megl\u00e9v\u0151 mem\u00f3ria b\u0151v\u00edt\u00e9s\u00e9hez vagy cser\u00e9j\u00e9hez, ezt a modult \u00fagy tervezt\u00e9k, hogy megfeleljen a Thinkpad X40 speci\u00e1lis ig\u00e9nyeinek, optim\u00e1lis funkcionalit\u00e1st \u00e9s megb\u00edzhat\u00f3s\u00e1got biztos\u00edtva.<\/p>\n<p>**A term\u00e9k jellemz\u0151i:**<\/p>\n<p>&#8211; **Kompatibilit\u00e1s:** Kifejezetten a Lenovo Thinkpad X40 laptophoz tervezt\u00e9k.<\/p>\n<p>&#8211; **Alkatr\u00e9szsz\u00e1m:** 93P3471.<\/p>\n<p>&#8211; **Mem\u00f3riakapacit\u00e1s:** 512 MB.<\/p>\n<p>&#8211; **\u00c1llapot:** Haszn\u00e1lt, mint az \u00faj, val\u00f3di fot\u00f3kkal, amelyek pontosan bemutatj\u00e1k a kapott RAM-modult.<\/p>\n<p>**Mi\u00e9rt v\u00e1lassza ezt a RAM-modult?**<\/p>\n<p>&#8211; **Teljes\u00edtm\u00e9nyn\u00f6vel\u00e9s:** N\u00f6velje laptopja sebess\u00e9g\u00e9t \u00e9s t\u00f6bbfeladatos k\u00e9pess\u00e9geit.<\/p>\n<p>&#8211; **K\u00f6zvetlen csere:** A megl\u00e9v\u0151 RAM z\u00f6kken\u0151mentes cser\u00e9je kompatibilit\u00e1si probl\u00e9m\u00e1k n\u00e9lk\u00fcl.<\/p>\n<p>&#8211; **Glob\u00e1lis sz\u00e1ll\u00edt\u00e1s:** Megv\u00e1s\u00e1rolhat\u00f3 \u00e9s sz\u00e1ll\u00edthat\u00f3 vil\u00e1gszerte, Eur\u00f3p\u00e1ra \u00f6sszpontos\u00edtva.<\/p>\n<p>K\u00e9rj\u00fck, vegye figyelembe, hogy a telep\u00edt\u00e9si utas\u00edt\u00e1sokat nem tartalmazza. Ha seg\u00edts\u00e9gre van sz\u00fcks\u00e9ge a RAM modul telep\u00edt\u00e9s\u00e9hez, forduljon hozz\u00e1nk t\u00e1mogat\u00e1s\u00e9rt. Az\u00e9rt vagyunk itt, hogy seg\u00edts\u00fcnk biztos\u00edtani a z\u00f6kken\u0151mentes friss\u00edt\u00e9si folyamatot.<\/p>\n<p>**Fontos:** A list\u00e1ban szerepl\u0151 f\u00e9nyk\u00e9pek pontosan azt a RAM-modult mutatj\u00e1k, amelyet kapni fog. Minden alkatr\u00e9sz min\u0151s\u00e9g\u00e9t megvizsg\u00e1lj\u00e1k, hogy biztos\u00edts\u00e1k az \u00d6n teljes el\u00e9gedetts\u00e9g\u00e9t.<\/p>\n","protected":false},"excerpt":{"rendered":"<p>Lenovo Thinkpad X40 93P3471 512 MB RAM modul \u2013 B\u0151v\u00edtse vagy cser\u00e9lje ki laptopja mem\u00f3ri\u00e1j\u00e1t ezzel az eredeti 512 MB RAM modullal. A Thinkpad X40-hez tervezett kiv\u00e1l\u00f3 min\u0151s\u00e9g\u0171 RAM modul egyenletes teljes\u00edtm\u00e9nyt \u00e9s megb\u00edzhat\u00f3 m\u0171k\u00f6d\u00e9st biztos\u00edt.<\/p>\n","protected":false},"featured_media":9533,"template":"","meta":[],"product_brand":[],"product_cat":[36],"product_tag":[26],"class_list":{"0":"post-9471","1":"product","2":"type-product","3":"status-publish","4":"has-post-thumbnail","6":"product_cat-ram-memory","7":"product_tag-lenovo","9":"first","10":"instock","11":"taxable","12":"shipping-taxable","13":"purchasable","14":"product-type-simple"},"_links":{"self":[{"href":"https:\/\/boreait.com\/hu\/wp-json\/wp\/v2\/product\/9471","targetHints":{"allow":["GET"]}}],"collection":[{"href":"https:\/\/boreait.com\/hu\/wp-json\/wp\/v2\/product"}],"about":[{"href":"https:\/\/boreait.com\/hu\/wp-json\/wp\/v2\/types\/product"}],"wp:featuredmedia":[{"embeddable":true,"href":"https:\/\/boreait.com\/hu\/wp-json\/wp\/v2\/media\/9533"}],"wp:attachment":[{"href":"https:\/\/boreait.com\/hu\/wp-json\/wp\/v2\/media?parent=9471"}],"wp:term":[{"taxonomy":"product_brand","embeddable":true,"href":"https:\/\/boreait.com\/hu\/wp-json\/wp\/v2\/product_brand?post=9471"},{"taxonomy":"product_cat","embeddable":true,"href":"https:\/\/boreait.com\/hu\/wp-json\/wp\/v2\/product_cat?post=9471"},{"taxonomy":"product_tag","embeddable":true,"href":"https:\/\/boreait.com\/hu\/wp-json\/wp\/v2\/product_tag?post=9471"}],"curies":[{"name":"wp","href":"https:\/\/api.w.org\/{rel}","templated":true}]}}