{"id":944,"date":"2025-09-17T09:46:54","date_gmt":"2025-09-17T07:46:54","guid":{"rendered":"https:\/\/boreait.com\/hu\/?post_type=product&#038;p=944"},"modified":"2026-01-07T10:07:03","modified_gmt":"2026-01-07T09:07:03","slug":"am1jv000500-nbx0001s910-oem-lenovo-hd-caddy-wc-ideapad-3-15iil05","status":"publish","type":"product","link":"https:\/\/boreait.com\/hu\/termek\/am1jv000500-nbx0001s910-oem-lenovo-hd-caddy-wc-ideapad-3-15iil05\/","title":{"rendered":"AM1JV000500 NBX0001S910 OEM LENOVO HD CADDY WC IDEAPAD 3 15IIL05"},"content":{"rendered":"<p>Az AM1JV000500 NBX0001S910 egy autentikus Lenovo OEM HD caddy, amelyet arra terveztek, hogy tov\u00e1bbi t\u00e1rol\u00e1si megold\u00e1st biztos\u00edtson Ideapad 3 15IIL05 laptopja sz\u00e1m\u00e1ra. Ez a caddy lehet\u0151v\u00e9 teszi egy extra merevlemez vagy szil\u00e1rdtestalap\u00fa meghajt\u00f3 (SSD) telep\u00edt\u00e9s\u00e9t, n\u00f6velve a laptop t\u00e1rol\u00f3kapacit\u00e1s\u00e1t \u00e9s jav\u00edtva az \u00e1ltal\u00e1nos teljes\u00edtm\u00e9nyt.<\/p>\n<p>Ak\u00e1r t\u00f6bb helyre van sz\u00fcks\u00e9ge nagy f\u00e1jlok, multim\u00e9di\u00e1s tartalom t\u00e1rol\u00e1s\u00e1ra vagy ig\u00e9nyes alkalmaz\u00e1sok futtat\u00e1s\u00e1ra, ez a HD Caddy kiv\u00e1l\u00f3 megold\u00e1s a t\u00e1rol\u00e1si ig\u00e9nyeinek kiel\u00e9g\u00edt\u00e9s\u00e9re. Egy tov\u00e1bbi meghajt\u00f3 hozz\u00e1ad\u00e1s\u00e1val az oper\u00e1ci\u00f3s rendszert \u00e9s az alapvet\u0151 szoftvereket az egyik meghajt\u00f3n tarthatja, m\u00edg a m\u00e1sikat adatt\u00e1rol\u00e1sra haszn\u00e1lhatja, ami gyorsabb hozz\u00e1f\u00e9r\u00e9si id\u0151t \u00e9s jobb rendszer reag\u00e1l\u00e1si k\u00e9pess\u00e9get eredm\u00e9nyez.<\/p>\n<p>A tart\u00f3s anyagokb\u00f3l k\u00e9sz\u00fclt AM1JV000500 NBX0001S910 HD caddy biztos\u00edtja a tov\u00e1bbi t\u00e1rol\u00f3meghajt\u00f3 biztons\u00e1gos \u00e9s biztons\u00e1gos telep\u00edt\u00e9s\u00e9t. A caddy szil\u00e1rdan a hely\u00e9n tartja a meghajt\u00f3t, v\u00e9dve azt a mozg\u00e1st\u00f3l \u00e9s az esetleges s\u00e9r\u00fcl\u00e9sekt\u0151l a mindennapi laptophaszn\u00e1lat sor\u00e1n.<\/p>\n<p>A t\u00e1rhely hozz\u00e1ad\u00e1sa az Ideapad 3 15IIL05-h\u00f6z ezzel az eredeti Lenovo HD Caddy-vel egyszer\u0171 \u00e9s felhaszn\u00e1l\u00f3bar\u00e1t. K\u00f6nnyen telep\u00edthet\u0151 kialak\u00edt\u00e1s\u00e1nak k\u00f6sz\u00f6nhet\u0151en a caddy gyorsan integr\u00e1lhat\u00f3 laptopja megl\u00e9v\u0151 t\u00e1rol\u00f3konfigur\u00e1ci\u00f3j\u00e1ba. Ezenk\u00edv\u00fcl a caddy \u00fagy lett kialak\u00edtva, hogy z\u00f6kken\u0151mentesen illeszkedjen a laptop h\u00e1z\u00e1ba, meg\u0151rizve k\u00e9sz\u00fcl\u00e9ke eleg\u00e1ns \u00e9s letisztult megjelen\u00e9s\u00e9t.<\/p>\n<p>Ak\u00e1r di\u00e1k, ak\u00e1r professzion\u00e1lis, ak\u00e1r h\u00e9tk\u00f6znapi felhaszn\u00e1l\u00f3, az AM1JV000500 NBX0001S910 HD caddy rugalmass\u00e1got k\u00edn\u00e1l laptopja t\u00e1rhely\u00e9nek testreszab\u00e1s\u00e1hoz, hogy megfeleljen egyedi ig\u00e9nyeinek. \u00c9lvezze a k\u00e9nyelmet \u00e9s a megn\u00f6velt teljes\u00edtm\u00e9nyt, amelyet a tov\u00e1bbi t\u00e1rhely ny\u00fajthat a sz\u00e1m\u00edt\u00e1stechnikai \u00e9lm\u00e9nyhez.<\/p>\n<p>Fefektessen be az eredeti Lenovo AM1JV000500 NBX0001S910 HD Caddy-be Ideapad 3 15IIL05 k\u00e9sz\u00fcl\u00e9k\u00e9hez, \u00e9s akn\u00e1zza ki a megn\u00f6velt t\u00e1rhely \u00e9s a jobb teljes\u00edtm\u00e9ny lehet\u0151s\u00e9geit. Tapasztalja meg az azzal j\u00e1r\u00f3 nyugalmat, hogy adatait megb\u00edzhat\u00f3 \u00e9s tart\u00f3s t\u00e1rol\u00e1si megold\u00e1s v\u00e9di. B\u0151v\u00edtse laptopja k\u00e9pess\u00e9geit, \u00e9s hozza ki a legt\u00f6bbet sz\u00e1m\u00edt\u00e1stechnikai \u00e9lm\u00e9ny\u00e9b\u0151l ezzel a kiv\u00e1l\u00f3 min\u0151s\u00e9g\u0171 Lenovo HD Caddy-vel.<\/p>\n","protected":false},"excerpt":{"rendered":"<p>Az AM1JV000500 NBX0001S910 egy eredeti Lenovo OEM HD Caddy Ideapad 3 15IIL05 laptopokhoz. Ez a caddy lehet\u0151v\u00e9 teszi, hogy tov\u00e1bbi merevlemezt vagy SSD-t adjon laptopj\u00e1hoz, n\u00f6velve a t\u00e1rol\u00f3kapacit\u00e1st \u00e9s jav\u00edtva a teljes\u00edtm\u00e9nyt. Er\u0151s kialak\u00edt\u00e1sa biztos\u00edtja, hogy a t\u00e1rol\u00f3meghajt\u00f3 biztons\u00e1gosan a hely\u00e9n maradjon, \u00e9s meg\u00f3vja \u00e9rt\u00e9kes adatait a mindennapi haszn\u00e1lat sor\u00e1n.<\/p>\n","protected":false},"featured_media":1009,"template":"","meta":[],"product_brand":[],"product_cat":[16],"product_tag":[26],"class_list":{"0":"post-944","1":"product","2":"type-product","3":"status-publish","4":"has-post-thumbnail","6":"product_cat-laptop-housing","7":"product_tag-lenovo","9":"first","10":"instock","11":"taxable","12":"shipping-taxable","13":"purchasable","14":"product-type-simple"},"_links":{"self":[{"href":"https:\/\/boreait.com\/hu\/wp-json\/wp\/v2\/product\/944","targetHints":{"allow":["GET"]}}],"collection":[{"href":"https:\/\/boreait.com\/hu\/wp-json\/wp\/v2\/product"}],"about":[{"href":"https:\/\/boreait.com\/hu\/wp-json\/wp\/v2\/types\/product"}],"wp:featuredmedia":[{"embeddable":true,"href":"https:\/\/boreait.com\/hu\/wp-json\/wp\/v2\/media\/1009"}],"wp:attachment":[{"href":"https:\/\/boreait.com\/hu\/wp-json\/wp\/v2\/media?parent=944"}],"wp:term":[{"taxonomy":"product_brand","embeddable":true,"href":"https:\/\/boreait.com\/hu\/wp-json\/wp\/v2\/product_brand?post=944"},{"taxonomy":"product_cat","embeddable":true,"href":"https:\/\/boreait.com\/hu\/wp-json\/wp\/v2\/product_cat?post=944"},{"taxonomy":"product_tag","embeddable":true,"href":"https:\/\/boreait.com\/hu\/wp-json\/wp\/v2\/product_tag?post=944"}],"curies":[{"name":"wp","href":"https:\/\/api.w.org\/{rel}","templated":true}]}}