{"id":943,"date":"2025-09-17T09:46:54","date_gmt":"2025-09-17T07:46:54","guid":{"rendered":"https:\/\/boreait.com\/hu\/?post_type=product&#038;p=943"},"modified":"2026-01-07T10:06:42","modified_gmt":"2026-01-07T09:06:42","slug":"pk23000ssv0-eredeti-lenovo-hangszoro-baljobb-ideapad-3-15iil05","status":"publish","type":"product","link":"https:\/\/boreait.com\/hu\/termek\/pk23000ssv0-eredeti-lenovo-hangszoro-baljobb-ideapad-3-15iil05\/","title":{"rendered":"PK23000SSV0 EREDETI LENOVO HANGSZ\u00d3R\u00d3 BAL+JOBB IDEAPAD 3 15IIL05"},"content":{"rendered":"<p>N\u00f6velje hang\u00e9lm\u00e9ny\u00e9t az eredeti Lenovo PK23000SSV0 bal \u00e9s jobb hangsz\u00f3r\u00f3kkal, amelyeket kifejezetten Ideapad 3 15IIL05 laptopokhoz terveztek. Ezeket a kiv\u00e1l\u00f3 min\u0151s\u00e9g\u0171 hangsz\u00f3r\u00f3kat \u00fagy tervezt\u00e9k, hogy kiv\u00e9teles hangteljes\u00edtm\u00e9nyt ny\u00fajtsanak, \u00edgy biztos\u00edtva, hogy minden hangot, p\u00e1rbesz\u00e9det \u00e9s hanghat\u00e1st tiszt\u00e1n \u00e9s pontosan \u00e9lvezhessen.<\/p>\n<p>Ak\u00e1r filmeket n\u00e9z, zen\u00e9t hallgat, ak\u00e1r videoh\u00edv\u00e1sokban vesz r\u00e9szt, a PK23000SSV0 hangsz\u00f3r\u00f3k mag\u00e1val ragad\u00f3 hangz\u00e1st biztos\u00edtanak, amely gazdag\u00edtja a multim\u00e9di\u00e1s \u00e9lm\u00e9nyt. Mer\u00fclj\u00f6n el kedvenc tartalmaiban, mivel ezek a hangsz\u00f3r\u00f3k \u00e9les magas hangokat, tiszta k\u00f6z\u00e9phangokat \u00e9s gazdag m\u00e9lyhangokat adnak vissza, \u00edgy teljes \u00e9s kiegyens\u00falyozott hangkimenetet \u00e9lvezhet.<\/p>\n<p>Ezek a hangsz\u00f3r\u00f3k eredeti Lenovo alkatr\u00e9szek, amelyek biztos\u00edtj\u00e1k a kompatibilit\u00e1st, a megb\u00edzhat\u00f3s\u00e1got \u00e9s a teljes\u00edtm\u00e9nyt, amely megfelel a gy\u00e1rt\u00f3 szigor\u00fa szabv\u00e1nyainak. Ezeknek az eredeti hangsz\u00f3r\u00f3knak a felszerel\u00e9se probl\u00e9mamentes \u00e9s egyszer\u0171, lehet\u0151v\u00e9 t\u00e9ve a r\u00e9gi vagy s\u00e9r\u00fclt hangsz\u00f3r\u00f3k komplik\u00e1ci\u00f3mentes cser\u00e9j\u00e9t.<\/p>\n<p>A sz\u00f3rakoztat\u00e1s mellett a PK23000SSV0 hangsz\u00f3r\u00f3k a professzion\u00e1lis feladatokhoz is egyar\u00e1nt hasznosak. Ak\u00e1r virtu\u00e1lis \u00e9rtekezleten, prezent\u00e1ci\u00f3kon vagy konferenciah\u00edv\u00e1sokon vesz r\u00e9szt, ezek a hangsz\u00f3r\u00f3k egy\u00e9rtelm\u0171 \u00e9s hallhat\u00f3 kommunik\u00e1ci\u00f3t biztos\u00edtanak koll\u00e9g\u00e1ival \u00e9s \u00fcgyfeleikkel.<\/p>\n<p>Eleg\u00e1ns \u00e9s strapab\u00edr\u00f3 kialak\u00edt\u00e1sukkal a Lenovo PK23000SSV0 hangsz\u00f3r\u00f3k nemcsak kiv\u00e1l\u00f3 hangz\u00e1st biztos\u00edtanak, hanem z\u00f6kken\u0151mentesen illeszkednek Ideapad 3 15IIL05 eszt\u00e9tikai megjelen\u00e9s\u00e9hez. \u00c9lvezze a st\u00edlus \u00e9s a funkcionalit\u00e1s harmonikus kombin\u00e1ci\u00f3j\u00e1t, mik\u00f6zben \u00e1tadja mag\u00e1t multim\u00e9di\u00e1s tev\u00e9kenys\u00e9geinek.<\/p>\n<p>Friss\u00edtse laptopja audiok\u00e9pess\u00e9geit az eredeti Lenovo PK23000SSV0 bal \u00e9s jobb oldali hangsz\u00f3r\u00f3kkal az Ideapad 3 15IIL05 k\u00e9sz\u00fcl\u00e9khez. Engedje szabadj\u00e1ra a sz\u00f3rakoztat\u00e1sban \u00e9s a termel\u00e9kenys\u00e9gben rejl\u0151 lehet\u0151s\u00e9geket a krist\u00e1lytiszta hangteljes\u00edtm\u00e9ny megtapasztal\u00e1s\u00e1val. Legyen sz\u00f3 alkalmi felhaszn\u00e1l\u00f3r\u00f3l vagy professzion\u00e1lisr\u00f3l, ezek a hangsz\u00f3r\u00f3k \u00e9rt\u00e9kes kieg\u00e9sz\u00edt\u0151i laptopj\u00e1nak, \u00e9s minden alkalommal mag\u00e1val ragad\u00f3 \u00e9s \u00e9lvezetes hang\u00e9lm\u00e9nyt biztos\u00edtanak. Fektessen be eredeti Lenovo alkatr\u00e9szekbe a legjobb hangmin\u0151s\u00e9g \u00e9s megb\u00edzhat\u00f3s\u00e1g \u00e9rdek\u00e9ben Ideapad 3 15IIL05 laptopj\u00e1hoz.<\/p>\n","protected":false},"excerpt":{"rendered":"<p>Fokozza a hang\u00e9lm\u00e9nyt az eredeti Lenovo PK23000SSV0 bal \u00e9s jobb oldali hangsz\u00f3r\u00f3kkal az Ideapad 3 15IIL05 laptopokhoz. Ezeket a kiv\u00e1l\u00f3 min\u0151s\u00e9g\u0171 hangsz\u00f3r\u00f3kat \u00fagy tervezt\u00e9k, hogy \u00e9les \u00e9s mag\u00e1val ragad\u00f3 hangot adjanak, \u00edgy soha nem marad le egyetlen \u00fctemr\u0151l sem. Cser\u00e9lje le r\u00e9gi vagy s\u00e9r\u00fclt hangsz\u00f3r\u00f3it erre az eredeti Lenovo alkatr\u00e9szre, hogy \u00e9lvezze a krist\u00e1lytiszta hangz\u00e1st minden sz\u00f3rakoztat\u00f3 \u00e9s termel\u00e9kenys\u00e9gi munkamenete sor\u00e1n.<\/p>\n","protected":false},"featured_media":1008,"template":"","meta":[],"product_brand":[],"product_cat":[18],"product_tag":[26],"class_list":{"0":"post-943","1":"product","2":"type-product","3":"status-publish","4":"has-post-thumbnail","6":"product_cat-laptop-speakers","7":"product_tag-lenovo","9":"first","10":"instock","11":"taxable","12":"shipping-taxable","13":"purchasable","14":"product-type-simple"},"_links":{"self":[{"href":"https:\/\/boreait.com\/hu\/wp-json\/wp\/v2\/product\/943","targetHints":{"allow":["GET"]}}],"collection":[{"href":"https:\/\/boreait.com\/hu\/wp-json\/wp\/v2\/product"}],"about":[{"href":"https:\/\/boreait.com\/hu\/wp-json\/wp\/v2\/types\/product"}],"wp:featuredmedia":[{"embeddable":true,"href":"https:\/\/boreait.com\/hu\/wp-json\/wp\/v2\/media\/1008"}],"wp:attachment":[{"href":"https:\/\/boreait.com\/hu\/wp-json\/wp\/v2\/media?parent=943"}],"wp:term":[{"taxonomy":"product_brand","embeddable":true,"href":"https:\/\/boreait.com\/hu\/wp-json\/wp\/v2\/product_brand?post=943"},{"taxonomy":"product_cat","embeddable":true,"href":"https:\/\/boreait.com\/hu\/wp-json\/wp\/v2\/product_cat?post=943"},{"taxonomy":"product_tag","embeddable":true,"href":"https:\/\/boreait.com\/hu\/wp-json\/wp\/v2\/product_tag?post=943"}],"curies":[{"name":"wp","href":"https:\/\/api.w.org\/{rel}","templated":true}]}}