{"id":9422,"date":"2025-09-17T12:30:47","date_gmt":"2025-09-17T10:30:47","guid":{"rendered":"https:\/\/boreait.com\/hu\/?post_type=product&#038;p=9422"},"modified":"2026-02-06T09:14:17","modified_gmt":"2026-02-06T08:14:17","slug":"fujitsu-siemens-esprimo-mobile-v5515-hdd-burkolat-eredeti-cserealkatresz","status":"publish","type":"product","link":"https:\/\/boreait.com\/hu\/termek\/fujitsu-siemens-esprimo-mobile-v5515-hdd-burkolat-eredeti-cserealkatresz\/","title":{"rendered":"Fujitsu Siemens Esprimo Mobile V5515 HDD burkolat \u2013 Eredeti cserealkatr\u00e9sz"},"content":{"rendered":"<p>Fujitsu Siemens Esprimo Mobile V5515 HDD burkolat<\/p>\n<p>Cser\u00e9lje ki vagy friss\u00edtse Fujitsu Siemens Esprimo Mobile V5515 laptopj\u00e1t ezzel az eredeti HDD-bor\u00edt\u00f3val. \u00dagy tervezt\u00e9k, hogy t\u00f6k\u00e9letesen \u00e9s biztons\u00e1gosan illeszkedjen, ez a burkolat v\u00e9delmet \u00e9s k\u00f6nny\u0171 hozz\u00e1f\u00e9r\u00e9st biztos\u00edt a merevlemezhez.<\/p>\n<p>**A term\u00e9k jellemz\u0151i:**<\/p>\n<p>&#8211; **Kompatibilit\u00e1s:** Kifejezetten a Fujitsu Siemens Esprimo Mobile V5515 laptop modellhez tervezve.<\/p>\n<p>&#8211; **Anyaga:** Tart\u00f3s m\u0171anyag konstrukci\u00f3 a hossz\u00fa \u00e9lettartam \u00e9rdek\u00e9ben.<\/p>\n<p>&#8211; **\u00c1llapot:** Haszn\u00e1lt, mint az \u00faj, garant\u00e1lja a min\u0151s\u00e9get \u00e9s a megb\u00edzhat\u00f3s\u00e1got.<\/p>\n<p>**Mi\u00e9rt v\u00e1lassza ezt a HDD-bor\u00edt\u00f3t?**<\/p>\n<p>&#8211; **Egyszer\u0171 telep\u00edt\u00e9s:** K\u00f6zvetlen csere, tov\u00e1bbi m\u00f3dos\u00edt\u00e1sok n\u00e9lk\u00fcl.<\/p>\n<p>&#8211; **V\u00e9d\u0151 funkci\u00f3:** Meg\u00f3vja merevlemez\u00e9t a port\u00f3l \u00e9s a s\u00e9r\u00fcl\u00e9sekt\u0151l.<\/p>\n<p>&#8211; **Glob\u00e1lis sz\u00e1ll\u00edt\u00e1s:** Vil\u00e1gszerte sz\u00e1ll\u00edthat\u00f3, Eur\u00f3p\u00e1ra \u00f6sszpontos\u00edtva.<\/p>\n<p>K\u00e9rj\u00fck, vegye figyelembe, hogy a telep\u00edt\u00e9si utas\u00edt\u00e1sokat nem tartalmazza. Ha seg\u00edts\u00e9gre van sz\u00fcks\u00e9ge a telep\u00edt\u00e9si folyamatban, forduljon hozz\u00e1nk bizalommal. Az\u00e9rt vagyunk itt, hogy biztos\u00edtsuk a z\u00f6kken\u0151mentes csere\u00e9lm\u00e9nyt.<\/p>\n<p>**Fontos:** A list\u00e1ban szerepl\u0151 k\u00e9pek a t\u00e9nylegesen megkapott HDD-burkolatot \u00e1br\u00e1zolj\u00e1k. Minden egyes darabot gondosan megvizsg\u00e1lnak, hogy garant\u00e1ltan el\u00e9gedett legyen.<\/p>\n","protected":false},"excerpt":{"rendered":"<p>Fujitsu Siemens Esprimo Mobile V5515 HDD burkolat \u2013 Cser\u00e9lje ki s\u00e9r\u00fclt vagy elveszett HDD fedel\u00e9t ezzel az eredeti Fujitsu Siemens Esprimo Mobile V5515 laptop cserealkatr\u00e9sz\u00e9vel.<\/p>\n","protected":false},"featured_media":9481,"template":"","meta":[],"product_brand":[],"product_cat":[16],"product_tag":[28],"class_list":{"0":"post-9422","1":"product","2":"type-product","3":"status-publish","4":"has-post-thumbnail","6":"product_cat-laptop-housing","7":"product_tag-fujitsu","9":"first","10":"instock","11":"taxable","12":"shipping-taxable","13":"purchasable","14":"product-type-simple"},"_links":{"self":[{"href":"https:\/\/boreait.com\/hu\/wp-json\/wp\/v2\/product\/9422","targetHints":{"allow":["GET"]}}],"collection":[{"href":"https:\/\/boreait.com\/hu\/wp-json\/wp\/v2\/product"}],"about":[{"href":"https:\/\/boreait.com\/hu\/wp-json\/wp\/v2\/types\/product"}],"wp:featuredmedia":[{"embeddable":true,"href":"https:\/\/boreait.com\/hu\/wp-json\/wp\/v2\/media\/9481"}],"wp:attachment":[{"href":"https:\/\/boreait.com\/hu\/wp-json\/wp\/v2\/media?parent=9422"}],"wp:term":[{"taxonomy":"product_brand","embeddable":true,"href":"https:\/\/boreait.com\/hu\/wp-json\/wp\/v2\/product_brand?post=9422"},{"taxonomy":"product_cat","embeddable":true,"href":"https:\/\/boreait.com\/hu\/wp-json\/wp\/v2\/product_cat?post=9422"},{"taxonomy":"product_tag","embeddable":true,"href":"https:\/\/boreait.com\/hu\/wp-json\/wp\/v2\/product_tag?post=9422"}],"curies":[{"name":"wp","href":"https:\/\/api.w.org\/{rel}","templated":true}]}}