{"id":942,"date":"2025-09-17T09:46:53","date_gmt":"2025-09-17T07:46:53","guid":{"rendered":"https:\/\/boreait.com\/hu\/?post_type=product&#038;p=942"},"modified":"2026-01-07T10:06:25","modified_gmt":"2026-01-07T09:06:25","slug":"hma851s6djr6n-xn-hynix-memory-laptop-memoria-4-gb-1rx16-pc4-3200aa-sc0-11","status":"publish","type":"product","link":"https:\/\/boreait.com\/hu\/termek\/hma851s6djr6n-xn-hynix-memory-laptop-memoria-4-gb-1rx16-pc4-3200aa-sc0-11\/","title":{"rendered":"HMA851S6DJR6N-XN HYNIX MEMORY LAPTOP MEM\u00d3RIA &#8211; 4 GB 1RX16 PC4-3200AA-SC0-11"},"content":{"rendered":"<p>B\u0151v\u00edtse laptopja mem\u00f3ri\u00e1j\u00e1t a Hynix HMA851S6DJR6N-XN-nel, egy nagy teljes\u00edtm\u00e9ny\u0171 laptop mem\u00f3riamodullal, amelyet a rendszer sebess\u00e9g\u00e9nek \u00e9s v\u00e1laszk\u00e9szs\u00e9g\u00e9nek jav\u00edt\u00e1s\u00e1ra terveztek. A 4 GB DDR4 RAM-mal \u00e9s az 1Rx16-os konfigur\u00e1ci\u00f3val ez a mem\u00f3riamodul b\u0151s\u00e9ges kapacit\u00e1st biztos\u00edt a g\u00f6rd\u00fcl\u00e9kenyebb t\u00f6bbfeladatos munkav\u00e9gz\u00e9shez \u00e9s a jobb \u00e1ltal\u00e1nos sz\u00e1m\u00edt\u00e1si teljes\u00edtm\u00e9nyhez.<\/p>\n<p>A Hynix HMA851S6DJR6N-XN-t \u00fagy tervezt\u00e9k, hogy megfeleljen a szigor\u00fa min\u0151s\u00e9gi el\u0151\u00edr\u00e1soknak, biztos\u00edtva a megb\u00edzhat\u00f3s\u00e1got \u00e9s a stabilit\u00e1st nagy munkaterhel\u00e9sek \u00e9s ig\u00e9nyes alkalmaz\u00e1sok sor\u00e1n. A nagy sebess\u00e9g\u0171 adat\u00e1tviteli sebess\u00e9gnek k\u00f6sz\u00f6nhet\u0151en ez a mem\u00f3riamodul cs\u00f6kkenti a k\u00e9s\u00e9st \u00e9s jav\u00edtja a v\u00e1laszk\u00e9szs\u00e9get, \u00edgy ide\u00e1lis k\u00fcl\u00f6nf\u00e9le sz\u00e1m\u00edt\u00e1si feladatokhoz, a webb\u00f6ng\u00e9sz\u00e9st\u0151l \u00e9s a dokumentumszerkeszt\u00e9st\u0151l a multim\u00e9di\u00e1s lej\u00e1tsz\u00e1sig \u00e9s a k\u00f6nny\u0171 j\u00e1t\u00e9kig.<\/p>\n<p>A telep\u00edt\u00e9s egyszer\u0171 \u00e9s felhaszn\u00e1l\u00f3bar\u00e1t, \u00edgy m\u00e9g a technik\u00e1ban nem j\u00e1rtas felhaszn\u00e1l\u00f3k is k\u00f6nnyed\u00e9n b\u0151v\u00edthetik laptopjuk mem\u00f3ri\u00e1j\u00e1t. A telep\u00edt\u00e9st k\u00f6vet\u0151en jelent\u0151s javul\u00e1st tapasztalhat laptopja teljes\u00edtm\u00e9ny\u00e9ben, \u00edgy t\u00f6bb alkalmaz\u00e1st is futtathat egyszerre an\u00e9lk\u00fcl, hogy lassul\u00e1st tapasztalna.<\/p>\n<p>Tov\u00e1bb\u00e1 a Hynix HMA851S6DJR6N-XN mem\u00f3riamodul energiatakar\u00e9kos, hozz\u00e1j\u00e1rulva a laptop akkumul\u00e1tor\u00e1nak hosszabb \u00e9lettartam\u00e1hoz. Alacsony fesz\u00fclts\u00e9gen m\u0171k\u00f6dik, cs\u00f6kkentve az energiafogyaszt\u00e1st, mik\u00f6zben megtartja a cs\u00facsteljes\u00edtm\u00e9nyt. Ez megfelel\u0151 v\u00e1laszt\u00e1ss\u00e1 teszi mind a termel\u00e9kenys\u00e9g-k\u00f6zpont\u00fa felhaszn\u00e1l\u00f3k sz\u00e1m\u00e1ra, mind azok sz\u00e1m\u00e1ra, akik \u00fatk\u00f6zben \u00e9rt\u00e9kelik a hosszabb akkumul\u00e1tor-\u00fczemid\u0151t.<\/p>\n<p>Ak\u00e1r di\u00e1k, ak\u00e1r profi, ak\u00e1r h\u00e9tk\u00f6znapi felhaszn\u00e1l\u00f3, laptopja mem\u00f3ri\u00e1j\u00e1nak b\u0151v\u00edt\u00e9se a Hynix HMA851S6DJR6N-XN seg\u00edts\u00e9g\u00e9vel megv\u00e1ltoztathatja a sz\u00e1m\u00edt\u00e1stechnikai \u00e9lm\u00e9nyt.<\/p>\n","protected":false},"excerpt":{"rendered":"<p>N\u00f6velje laptopja teljes\u00edtm\u00e9ny\u00e9t a Hynix HMA851S6DJR6N-XN mem\u00f3riamodullal. Ez a kiv\u00e1l\u00f3 min\u0151s\u00e9g\u0171 laptopmem\u00f3ria 4 GB DDR4 RAM-mal rendelkezik, amely jelent\u0151sen n\u00f6veli a rendszer sebess\u00e9g\u00e9t \u00e9s t\u00f6bbfeladatos k\u00e9pess\u00e9geit. Fokozza az \u00e1ltal\u00e1nos sz\u00e1m\u00edt\u00e1stechnikai \u00e9lm\u00e9nyt a Hynix megb\u00edzhat\u00f3 \u00e9s hat\u00e9kony mem\u00f3ri\u00e1j\u00e1val.<\/p>\n","protected":false},"featured_media":1007,"template":"","meta":[],"product_brand":[],"product_cat":[40,36],"product_tag":[],"class_list":{"0":"post-942","1":"product","2":"type-product","3":"status-publish","4":"has-post-thumbnail","6":"product_cat-ddr4","7":"product_cat-ram-memory","9":"first","10":"instock","11":"taxable","12":"shipping-taxable","13":"purchasable","14":"product-type-simple"},"_links":{"self":[{"href":"https:\/\/boreait.com\/hu\/wp-json\/wp\/v2\/product\/942","targetHints":{"allow":["GET"]}}],"collection":[{"href":"https:\/\/boreait.com\/hu\/wp-json\/wp\/v2\/product"}],"about":[{"href":"https:\/\/boreait.com\/hu\/wp-json\/wp\/v2\/types\/product"}],"wp:featuredmedia":[{"embeddable":true,"href":"https:\/\/boreait.com\/hu\/wp-json\/wp\/v2\/media\/1007"}],"wp:attachment":[{"href":"https:\/\/boreait.com\/hu\/wp-json\/wp\/v2\/media?parent=942"}],"wp:term":[{"taxonomy":"product_brand","embeddable":true,"href":"https:\/\/boreait.com\/hu\/wp-json\/wp\/v2\/product_brand?post=942"},{"taxonomy":"product_cat","embeddable":true,"href":"https:\/\/boreait.com\/hu\/wp-json\/wp\/v2\/product_cat?post=942"},{"taxonomy":"product_tag","embeddable":true,"href":"https:\/\/boreait.com\/hu\/wp-json\/wp\/v2\/product_tag?post=942"}],"curies":[{"name":"wp","href":"https:\/\/api.w.org\/{rel}","templated":true}]}}