{"id":9402,"date":"2025-09-17T12:29:51","date_gmt":"2025-09-17T10:29:51","guid":{"rendered":"https:\/\/boreait.com\/hu\/?post_type=product&#038;p=9402"},"modified":"2026-02-06T09:13:29","modified_gmt":"2026-02-06T08:13:29","slug":"fujitsu-lifebook-ah531-dvd-iro-eredeti-csereoptikai-meghajto","status":"publish","type":"product","link":"https:\/\/boreait.com\/hu\/termek\/fujitsu-lifebook-ah531-dvd-iro-eredeti-csereoptikai-meghajto\/","title":{"rendered":"Fujitsu LifeBook AH531 DVD-\u00edr\u00f3 \u2013 Eredeti csereoptikai meghajt\u00f3"},"content":{"rendered":"<p>Fujitsu LifeBook AH531 DVD \u00edr\u00f3<\/p>\n<p>Fokozza Fujitsu LifeBook AH531 laptopja funkcionalit\u00e1s\u00e1t ezzel az eredeti DVD-\u00edr\u00f3 cser\u00e9vel. Ak\u00e1r hib\u00e1s optikai meghajt\u00f3t friss\u00edt, ak\u00e1r cser\u00e9l, ezt az egys\u00e9get \u00fagy tervezt\u00e9k, hogy hat\u00e9konyan megfeleljen az \u00d6n ig\u00e9nyeinek.<\/p>\n<p>**A term\u00e9k jellemz\u0151i:**<\/p>\n<p>&#8211; **Kompatibilit\u00e1s:** Kifejezetten a Fujitsu LifeBook AH531 modellhez tervezt\u00e9k.<\/p>\n<p>&#8211; **Min\u0151s\u00e9g:** Eredeti cserealkatr\u00e9sz a megb\u00edzhat\u00f3 teljes\u00edtm\u00e9ny \u00e9rdek\u00e9ben.<\/p>\n<p>&#8211; **Funkcionalit\u00e1s:** Lehet\u0151v\u00e9 teszi a lemezek egyszer\u0171 \u00edr\u00e1s\u00e1t \u00e9s lej\u00e1tsz\u00e1s\u00e1t.<\/p>\n<p>&#8211; **\u00c1llapot:** Haszn\u00e1lt, mint az \u00faj, val\u00f3di fot\u00f3kkal, hogy pontosan bemutass\u00e1k a kapott r\u00e9szt.<\/p>\n<p>**Mi\u00e9rt v\u00e1lassza ezt a DVD-\u00edr\u00f3t?**<\/p>\n<p>&#8211; **Optim\u00e1lis teljes\u00edtm\u00e9ny:** \u00c9lvezze a z\u00f6kken\u0151mentes DVD-\u00edr\u00e1si \u00e9s -lej\u00e1tsz\u00e1si lehet\u0151s\u00e9geket.<\/p>\n<p>&#8211; **K\u00f6zvetlen csere:** Magabiztosan telep\u00edtse, biztos\u00edtva a kompatibilit\u00e1st \u00e9s a funkcionalit\u00e1st.<\/p>\n<p>&#8211; **Glob\u00e1lis sz\u00e1ll\u00edt\u00e1s:** Megv\u00e1s\u00e1rolhat\u00f3 \u00e9s sz\u00e1ll\u00edthat\u00f3 vil\u00e1gszerte.<\/p>\n<p>K\u00e9rj\u00fck, vegye figyelembe, hogy a telep\u00edt\u00e9si utas\u00edt\u00e1sokat nem tartalmazza. B\u00e1rmilyen telep\u00edt\u00e9si k\u00e9rd\u00e9ssel vagy t\u00e1mogat\u00e1ssal kapcsolatban forduljon bizalommal csapatunkhoz.<\/p>\n<p>**Fontos:** A list\u00e1n szerepl\u0151 fot\u00f3k a t\u00e9nylegesen megkapott DVD-\u00edr\u00f3t \u00e1br\u00e1zolj\u00e1k. Minden egys\u00e9get gondosan ellen\u0151riznek, hogy megfeleljenek a min\u0151s\u00e9gi el\u0151\u00edr\u00e1soknak \u00e9s biztos\u00edts\u00e1k az \u00d6n el\u00e9gedetts\u00e9g\u00e9t.<\/p>\n","protected":false},"excerpt":{"rendered":"<p>Fujitsu LifeBook AH531 DVD-\u00edr\u00f3 \u2013 Eredeti csere. Friss\u00edtse vagy cser\u00e9lje ki Fujitsu LifeBook AH531 laptopja DVD-\u00edr\u00f3j\u00e1t ezzel a megb\u00edzhat\u00f3 optikai meghajt\u00f3val. Gondoskodjon z\u00f6kken\u0151mentes lemez\u00edr\u00e1sr\u00f3l \u00e9s lej\u00e1tsz\u00e1sr\u00f3l ezzel a kiv\u00e1l\u00f3 min\u0151s\u00e9g\u0171 cserealkatr\u00e9szrel.<\/p>\n","protected":false},"featured_media":9466,"template":"","meta":[],"product_brand":[],"product_cat":[27],"product_tag":[28],"class_list":{"0":"post-9402","1":"product","2":"type-product","3":"status-publish","4":"has-post-thumbnail","6":"product_cat-motherboards-board-parts","7":"product_tag-fujitsu","9":"first","10":"instock","11":"taxable","12":"shipping-taxable","13":"purchasable","14":"product-type-simple"},"_links":{"self":[{"href":"https:\/\/boreait.com\/hu\/wp-json\/wp\/v2\/product\/9402","targetHints":{"allow":["GET"]}}],"collection":[{"href":"https:\/\/boreait.com\/hu\/wp-json\/wp\/v2\/product"}],"about":[{"href":"https:\/\/boreait.com\/hu\/wp-json\/wp\/v2\/types\/product"}],"wp:featuredmedia":[{"embeddable":true,"href":"https:\/\/boreait.com\/hu\/wp-json\/wp\/v2\/media\/9466"}],"wp:attachment":[{"href":"https:\/\/boreait.com\/hu\/wp-json\/wp\/v2\/media?parent=9402"}],"wp:term":[{"taxonomy":"product_brand","embeddable":true,"href":"https:\/\/boreait.com\/hu\/wp-json\/wp\/v2\/product_brand?post=9402"},{"taxonomy":"product_cat","embeddable":true,"href":"https:\/\/boreait.com\/hu\/wp-json\/wp\/v2\/product_cat?post=9402"},{"taxonomy":"product_tag","embeddable":true,"href":"https:\/\/boreait.com\/hu\/wp-json\/wp\/v2\/product_tag?post=9402"}],"curies":[{"name":"wp","href":"https:\/\/api.w.org\/{rel}","templated":true}]}}