{"id":94,"date":"2025-09-17T09:21:19","date_gmt":"2025-09-17T07:21:19","guid":{"rendered":"https:\/\/boreait.com\/hu\/?post_type=product&#038;p=94"},"modified":"2025-09-17T09:22:28","modified_gmt":"2025-09-17T07:22:28","slug":"eredeti-lenovo-g70-80-palmrest-felso-alazat-muanyag","status":"publish","type":"product","link":"https:\/\/boreait.com\/hu\/termek\/eredeti-lenovo-g70-80-palmrest-felso-alazat-muanyag\/","title":{"rendered":"EREDETI LENOVO G70-80 PALMREST FELS\u0150 AL\u00c1ZAT M\u0170ANYAG"},"content":{"rendered":"<p>Az Eredeti Lenovo G70-80 csukl\u00f3t\u00e1masz fels\u0151 fed\u0151lap v\u00e1za m\u0171anyag kiv\u00e1l\u00f3 min\u0151s\u00e9g\u0171 cserealkatr\u00e9sz a Lenovo G70-80 laptophoz. A tart\u00f3s m\u0171anyagokb\u00f3l k\u00e9sz\u00fclt, csukl\u00f3t\u00e1maszos fels\u0151 alapburkolat\u00fa h\u00e1z \u00fagy lett kialak\u00edtva, hogy z\u00f6kken\u0151mentesen illeszkedjen a laptop v\u00e1z\u00e1hoz, v\u00e9dve a bels\u0151 alkatr\u00e9szeket \u00e9s jav\u00edtva az \u00e1ltal\u00e1nos megjelen\u00e9st.<\/p>\n<p>A csukl\u00f3t\u00e1masz fels\u0151 alapburkolat\u00e1nak h\u00e1za a laptop k\u00fclsej\u00e9nek elengedhetetlen r\u00e9sze, stabil platformot biztos\u00edtva a billenty\u0171zetnek \u00e9s az \u00e9rint\u0151padnak, ugyanakkor k\u00e9nyelmes pihen\u0151helyet k\u00edn\u00e1l a felhaszn\u00e1l\u00f3 tenyer\u00e9nek. A Lenovo G70-80 csukl\u00f3t\u00e1masz fels\u0151 alapburkolat\u00e1nak h\u00e1z\u00e1t kifejezetten \u00fagy tervezt\u00e9k, hogy megfeleljen a laptop eredeti specifik\u00e1ci\u00f3inak, t\u00f6k\u00e9letes illeszked\u00e9st \u00e9s maxim\u00e1lis kompatibilit\u00e1st biztos\u00edtva.<\/p>\n<p>Az eredeti Lenovo G70-80 csukl\u00f3t\u00e1masz fels\u0151 alapburkolat\u00e1nak v\u00e1z\u00e1t a legmagasabb min\u0151s\u00e9gi \u00e9s tart\u00f3ss\u00e1gi szabv\u00e1nyok szerint gy\u00e1rtj\u00e1k. Szigor\u00fa tesztel\u00e9snek \u00e9s ellen\u0151rz\u00e9snek vetik al\u00e1, hogy megbizonyosodjon arr\u00f3l, hogy a teljes\u00edtm\u00e9ny \u00e9s a megb\u00edzhat\u00f3s\u00e1g tekintet\u00e9ben megfelel vagy meghaladja az \u00f6sszes ipar\u00e1gi szabv\u00e1nyt. \u00d6sszefoglalva, az Eredeti Lenovo G70-80 csukl\u00f3t\u00e1masz fels\u0151 alapburkolat\u00e1nak m\u0171anyag v\u00e1za egy kiv\u00e1l\u00f3 min\u0151s\u00e9g\u0171 cserealkatr\u00e9sz, amely megb\u00edzhat\u00f3 v\u00e9delmet ny\u00fajt, \u00e9s jav\u00edtja a Lenovo G70-80 laptop megjelen\u00e9s\u00e9t. Kompatibilit\u00e1sa \u00e9s tart\u00f3ss\u00e1ga kiv\u00e1l\u00f3 v\u00e1laszt\u00e1ss\u00e1 teszi azok sz\u00e1m\u00e1ra, akik hossz\u00fa \u00e9lettartam\u00fa megold\u00e1st keresnek laptopjuk csukl\u00f3t\u00e1masz\u00e1nak fels\u0151 alapburkolat\u00e1hoz.<\/p>\n","protected":false},"excerpt":{"rendered":"<p>Az eredeti Lenovo G70-80 csukl\u00f3t\u00e1masz fels\u0151 alapburkolat\u00e1nak m\u0171anyag v\u00e1za tart\u00f3s m\u0171anyagb\u00f3l k\u00e9sz\u00fclt cserealkatr\u00e9sz, amelyet a bels\u0151 alkatr\u00e9szek v\u00e9delm\u00e9re \u00e9s a Lenovo G70-80 laptop megjelen\u00e9s\u00e9nek jav\u00edt\u00e1s\u00e1ra terveztek. A legmagasabb min\u0151s\u00e9gi szabv\u00e1nyok szerint gy\u00e1rtj\u00e1k, \u00e9s szigor\u00fa tesztel\u00e9snek vetik al\u00e1 a megb\u00edzhat\u00f3s\u00e1g \u00e9s a teljes\u00edtm\u00e9ny biztos\u00edt\u00e1sa \u00e9rdek\u00e9ben.<\/p>\n","protected":false},"featured_media":172,"template":"","meta":[],"product_brand":[],"product_cat":[16],"product_tag":[25,26],"class_list":{"0":"post-94","1":"product","2":"type-product","3":"status-publish","4":"has-post-thumbnail","6":"product_cat-laptop-housing","7":"product_tag-hp","8":"product_tag-lenovo","10":"first","11":"instock","12":"taxable","13":"shipping-taxable","14":"purchasable","15":"product-type-simple"},"_links":{"self":[{"href":"https:\/\/boreait.com\/hu\/wp-json\/wp\/v2\/product\/94","targetHints":{"allow":["GET"]}}],"collection":[{"href":"https:\/\/boreait.com\/hu\/wp-json\/wp\/v2\/product"}],"about":[{"href":"https:\/\/boreait.com\/hu\/wp-json\/wp\/v2\/types\/product"}],"wp:featuredmedia":[{"embeddable":true,"href":"https:\/\/boreait.com\/hu\/wp-json\/wp\/v2\/media\/172"}],"wp:attachment":[{"href":"https:\/\/boreait.com\/hu\/wp-json\/wp\/v2\/media?parent=94"}],"wp:term":[{"taxonomy":"product_brand","embeddable":true,"href":"https:\/\/boreait.com\/hu\/wp-json\/wp\/v2\/product_brand?post=94"},{"taxonomy":"product_cat","embeddable":true,"href":"https:\/\/boreait.com\/hu\/wp-json\/wp\/v2\/product_cat?post=94"},{"taxonomy":"product_tag","embeddable":true,"href":"https:\/\/boreait.com\/hu\/wp-json\/wp\/v2\/product_tag?post=94"}],"curies":[{"name":"wp","href":"https:\/\/api.w.org\/{rel}","templated":true}]}}