{"id":9384,"date":"2025-09-17T12:29:22","date_gmt":"2025-09-17T10:29:22","guid":{"rendered":"https:\/\/boreait.com\/hu\/?post_type=product&#038;p=9384"},"modified":"2025-09-17T12:31:51","modified_gmt":"2025-09-17T10:31:51","slug":"fujitsu-lifebook-a530-ah530-a531-ah531-nh751-billentyuzet-eredeti-cserealkatresz","status":"publish","type":"product","link":"https:\/\/boreait.com\/hu\/termek\/fujitsu-lifebook-a530-ah530-a531-ah531-nh751-billentyuzet-eredeti-cserealkatresz\/","title":{"rendered":"Fujitsu Lifebook A530 AH530 A531 AH531 NH751 billenty\u0171zet \u2013 Eredeti cserealkatr\u00e9sz"},"content":{"rendered":"<p>Fujitsu Lifebook A530 AH530 A531 AH531 NH751 billenty\u0171zet \u2013 eredeti csere<\/p>\n<p>Vissza\u00e1ll\u00edthatja Fujitsu Lifebook A530 AH530 A531 AH531 NH751 laptopja teljes funkcionalit\u00e1s\u00e1t ezzel az eredeti cserebillenty\u0171zettel. Ak\u00e1r s\u00e9r\u00fclt, ak\u00e1r nem reag\u00e1l a jelenlegi billenty\u0171zete, ezt a kiv\u00e1l\u00f3 min\u0151s\u00e9g\u0171 cser\u00e9t \u00fagy tervezt\u00e9k, hogy vissza\u00e1ll\u00edtsa laptopja optim\u00e1lis teljes\u00edtm\u00e9ny\u00e9t.<\/p>\n<p>**A term\u00e9k jellemz\u0151i:**<\/p>\n<p>&#8211; **Kompatibilit\u00e1s:** Kifejezetten a Fujitsu Lifebook A530 AH530 A531 AH531 NH751 laptop modellhez tervezve.<\/p>\n<p>&#8211; **Min\u0151s\u00e9g:** Eredeti Fujitsu alkatr\u00e9sz a megb\u00edzhat\u00f3 teljes\u00edtm\u00e9ny \u00e9s tart\u00f3ss\u00e1g \u00e9rdek\u00e9ben.<\/p>\n<p>&#8211; **\u00c1llapot:** Haszn\u00e1lt, mint az \u00faj, val\u00f3di fot\u00f3kkal, amelyek pontosan bemutatj\u00e1k a kapott billenty\u0171zetet.<\/p>\n<p>&#8211; **Egyszer\u0171 telep\u00edt\u00e9s:** Egyszer\u0171 cser\u00e9re tervezt\u00e9k, \u00edgy egyszer\u0171 a telep\u00edt\u00e9s \u00e9s a munk\u00e1ba \u00e1ll\u00e1s.<\/p>\n<p>-**Elrendez\u00e9s:** \u00c9szaki\u00a0<span class=\"il\">elrendez\u00e9s<\/span>\u00a0\u2013 m\u00e1s orsz\u00e1gokkal\/nyelvekkel\/<span class=\"il\">elrendez\u00e9sekkel<\/span> is kompatibilis.<\/p>\n<p>**Mi\u00e9rt v\u00e1lassza ezt a billenty\u0171zetet?**<\/p>\n<p>&#8211; **Megb\u00edzhat\u00f3 csere:** T\u00f6k\u00e9letes a hib\u00e1s vagy s\u00e9r\u00fclt billenty\u0171zet cser\u00e9j\u00e9hez.<\/p>\n<p>&#8211; **Kiv\u00e1l\u00f3 min\u0151s\u00e9g:** A legmagasabb szabv\u00e1nyok szerint gy\u00e1rtva a hosszan tart\u00f3 teljes\u00edtm\u00e9ny biztos\u00edt\u00e1sa \u00e9rdek\u00e9ben.<\/p>\n<p>&#8211; **Glob\u00e1lis sz\u00e1ll\u00edt\u00e1s:** Megv\u00e1s\u00e1rolhat\u00f3 \u00e9s sz\u00e1ll\u00edthat\u00f3 vil\u00e1gszerte, Eur\u00f3p\u00e1ra \u00f6sszpontos\u00edtva.<\/p>\n<p>K\u00e9rj\u00fck, vegye figyelembe, hogy a telep\u00edt\u00e9si utas\u00edt\u00e1sokat nem tartalmazza. Ha seg\u00edts\u00e9gre van sz\u00fcks\u00e9ge a telep\u00edt\u00e9shez, tov\u00e1bbi t\u00e1mogat\u00e1s\u00e9rt forduljon hozz\u00e1nk bizalommal. Elk\u00f6telezett csapatunk seg\u00edt a z\u00f6kken\u0151mentes cserefolyamat biztos\u00edt\u00e1s\u00e1ban.<\/p>\n<p>**Fontos:** Az adatlapon szerepl\u0151 f\u00e9nyk\u00e9pek pontosan azt a billenty\u0171zetet mutatj\u00e1k, amelyet kapni fog. Minden alkatr\u00e9sz min\u0151s\u00e9g\u00e9t megvizsg\u00e1lj\u00e1k, hogy biztos\u00edts\u00e1k az \u00d6n teljes el\u00e9gedetts\u00e9g\u00e9t.<\/p>\n","protected":false},"excerpt":{"rendered":"<p>Fujitsu Lifebook A530 AH530 A531 AH531 NH751 billenty\u0171zet \u2013 Eredeti csere. Cser\u00e9lje ki s\u00e9r\u00fclt vagy nem m\u0171k\u00f6d\u0151 billenty\u0171zet\u00e9t erre a kiv\u00e1l\u00f3 min\u0151s\u00e9g\u0171, eredeti Fujitsu Lifebook A530 AH530 A531 AH531 NH751 billenty\u0171zetre. K\u00f6nnyen telep\u00edthet\u0151 \u00e9s optim\u00e1lis teljes\u00edtm\u00e9nyre tervezt\u00e9k.<\/p>\n","protected":false},"featured_media":9447,"template":"","meta":[],"product_brand":[],"product_cat":[35],"product_tag":[28],"class_list":{"0":"post-9384","1":"product","2":"type-product","3":"status-publish","4":"has-post-thumbnail","6":"product_cat-laptop-keyboard","7":"product_tag-fujitsu","9":"first","10":"instock","11":"taxable","12":"shipping-taxable","13":"purchasable","14":"product-type-simple"},"_links":{"self":[{"href":"https:\/\/boreait.com\/hu\/wp-json\/wp\/v2\/product\/9384","targetHints":{"allow":["GET"]}}],"collection":[{"href":"https:\/\/boreait.com\/hu\/wp-json\/wp\/v2\/product"}],"about":[{"href":"https:\/\/boreait.com\/hu\/wp-json\/wp\/v2\/types\/product"}],"wp:featuredmedia":[{"embeddable":true,"href":"https:\/\/boreait.com\/hu\/wp-json\/wp\/v2\/media\/9447"}],"wp:attachment":[{"href":"https:\/\/boreait.com\/hu\/wp-json\/wp\/v2\/media?parent=9384"}],"wp:term":[{"taxonomy":"product_brand","embeddable":true,"href":"https:\/\/boreait.com\/hu\/wp-json\/wp\/v2\/product_brand?post=9384"},{"taxonomy":"product_cat","embeddable":true,"href":"https:\/\/boreait.com\/hu\/wp-json\/wp\/v2\/product_cat?post=9384"},{"taxonomy":"product_tag","embeddable":true,"href":"https:\/\/boreait.com\/hu\/wp-json\/wp\/v2\/product_tag?post=9384"}],"curies":[{"name":"wp","href":"https:\/\/api.w.org\/{rel}","templated":true}]}}