{"id":9336,"date":"2025-09-17T12:28:04","date_gmt":"2025-09-17T10:28:04","guid":{"rendered":"https:\/\/boreait.com\/hu\/?post_type=product&#038;p=9336"},"modified":"2025-09-17T12:29:57","modified_gmt":"2025-09-17T10:29:57","slug":"asus-k52j-laptop-billentyuzet-eredeti-cserebillentyuzet-kivalo-minosegu-billentyuzet-asus-k52j-hez","status":"publish","type":"product","link":"https:\/\/boreait.com\/hu\/termek\/asus-k52j-laptop-billentyuzet-eredeti-cserebillentyuzet-kivalo-minosegu-billentyuzet-asus-k52j-hez\/","title":{"rendered":"Asus K52J laptop billenty\u0171zet \u2013 Eredeti cserebillenty\u0171zet | Kiv\u00e1l\u00f3 min\u0151s\u00e9g\u0171 billenty\u0171zet Asus K52J-hez"},"content":{"rendered":"<p>Asus K52J laptop billenty\u0171zet<\/p>\n<p>Revitaliz\u00e1lja Asus K52J laptopj\u00e1t ezzel az eredeti cserebillenty\u0171zettel. Ide\u00e1lis a s\u00e9r\u00fclt vagy nem m\u0171k\u00f6d\u0151 billenty\u0171zet cser\u00e9j\u00e9hez, ez a kiv\u00e1l\u00f3 min\u0151s\u00e9g\u0171 alkatr\u00e9sz t\u00f6k\u00e9letes illeszked\u00e9st biztos\u00edt, \u00e9s vissza\u00e1ll\u00edtja a laptop g\u00e9pel\u00e9si funkci\u00f3it az eredeti szabv\u00e1nynak megfelel\u0151en.<\/p>\n<p>**A term\u00e9k jellemz\u0151i:**<\/p>\n<p>&#8211; **Kompatibilit\u00e1s:** Kifejezetten az Asus K52J laptop modellhez tervezt\u00e9k.<\/p>\n<p>&#8211; **Min\u0151s\u00e9g:** Eredeti Asus cserealkatr\u00e9sz a megb\u00edzhat\u00f3 teljes\u00edtm\u00e9ny \u00e9s tart\u00f3ss\u00e1g \u00e9rdek\u00e9ben.<\/p>\n<p>&#8211; **\u00c1llapot:** Haszn\u00e1lt, mint az \u00faj, val\u00f3di fot\u00f3kkal, amelyek pontosan bemutatj\u00e1k a kapott billenty\u0171zetet.<\/p>\n<p>&#8211; **Elrendez\u00e9s:** \u00c9szaki\u00a0<span class=\"il\">elrendez\u00e9s<\/span>\u00a0&#8211; m\u00e1s orsz\u00e1gokkal\/nyelvekkel\/<span class=\"il\">elrendez\u00e9sekkel<\/span> is kompatibilis.<\/p>\n<p>**Mi\u00e9rt v\u00e1lassza ezt a billenty\u0171zetet?**<\/p>\n<p>&#8211; **Vissza\u00e1ll\u00edtja a g\u00e9pel\u00e9si funkci\u00f3kat:** T\u00f6k\u00e9letes megold\u00e1s a hib\u00e1s vagy elhaszn\u00e1l\u00f3dott billenty\u0171zetek okozta probl\u00e9m\u00e1k megold\u00e1s\u00e1ra.<\/p>\n<p>&#8211; **Z\u00f6kken\u0151mentes csere:** K\u00f6nnyen telep\u00edthet\u0151, nincs sz\u00fcks\u00e9g m\u00f3dos\u00edt\u00e1sra; \u00e9lvezze a sima g\u00e9pel\u00e9st a telep\u00edt\u00e9s ut\u00e1n.<\/p>\n<p>&#8211; **Glob\u00e1lis sz\u00e1ll\u00edt\u00e1s:** Megv\u00e1s\u00e1rolhat\u00f3 \u00e9s sz\u00e1ll\u00edthat\u00f3 vil\u00e1gszerte, Eur\u00f3p\u00e1ra \u00f6sszpontos\u00edtva.<\/p>\n<p>K\u00e9rj\u00fck, vegye figyelembe, hogy a telep\u00edt\u00e9si utas\u00edt\u00e1sokat nem tartalmazza. Ha seg\u00edts\u00e9gre van sz\u00fcks\u00e9ge a telep\u00edt\u00e9shez, tov\u00e1bbi t\u00e1mogat\u00e1s\u00e9rt forduljon hozz\u00e1nk bizalommal. Elk\u00f6telezett csapatunk seg\u00edt a z\u00f6kken\u0151mentes cserefolyamat biztos\u00edt\u00e1s\u00e1ban.<\/p>\n<p>**Fontos:** Az adatlapon szerepl\u0151 f\u00e9nyk\u00e9pek pontosan azt a billenty\u0171zetet mutatj\u00e1k, amelyet kapni fog. Minden alkatr\u00e9sz min\u0151s\u00e9g\u00e9t megvizsg\u00e1lj\u00e1k, hogy biztos\u00edts\u00e1k az \u00d6n teljes el\u00e9gedetts\u00e9g\u00e9t.<\/p>\n","protected":false},"excerpt":{"rendered":"<p>Asus K52J laptop billenty\u0171zet \u2013 Eredeti csere. Cser\u00e9lje ki hib\u00e1s vagy elhaszn\u00e1l\u00f3dott billenty\u0171zet\u00e9t erre a kiv\u00e1l\u00f3 min\u0151s\u00e9g\u0171, eredeti Asus K52J billenty\u0171zetre. A t\u00f6k\u00e9letes illeszked\u00e9sre \u00e9s z\u00f6kken\u0151mentes m\u0171k\u00f6d\u00e9sre tervezve vissza\u00e1ll\u00edtja a laptop g\u00e9pel\u00e9si teljes\u00edtm\u00e9ny\u00e9t az eredeti szabv\u00e1nyra.<\/p>\n","protected":false},"featured_media":9405,"template":"","meta":[],"product_brand":[],"product_cat":[35],"product_tag":[30],"class_list":{"0":"post-9336","1":"product","2":"type-product","3":"status-publish","4":"has-post-thumbnail","6":"product_cat-laptop-keyboard","7":"product_tag-asus","9":"first","10":"instock","11":"taxable","12":"shipping-taxable","13":"purchasable","14":"product-type-simple"},"_links":{"self":[{"href":"https:\/\/boreait.com\/hu\/wp-json\/wp\/v2\/product\/9336","targetHints":{"allow":["GET"]}}],"collection":[{"href":"https:\/\/boreait.com\/hu\/wp-json\/wp\/v2\/product"}],"about":[{"href":"https:\/\/boreait.com\/hu\/wp-json\/wp\/v2\/types\/product"}],"wp:featuredmedia":[{"embeddable":true,"href":"https:\/\/boreait.com\/hu\/wp-json\/wp\/v2\/media\/9405"}],"wp:attachment":[{"href":"https:\/\/boreait.com\/hu\/wp-json\/wp\/v2\/media?parent=9336"}],"wp:term":[{"taxonomy":"product_brand","embeddable":true,"href":"https:\/\/boreait.com\/hu\/wp-json\/wp\/v2\/product_brand?post=9336"},{"taxonomy":"product_cat","embeddable":true,"href":"https:\/\/boreait.com\/hu\/wp-json\/wp\/v2\/product_cat?post=9336"},{"taxonomy":"product_tag","embeddable":true,"href":"https:\/\/boreait.com\/hu\/wp-json\/wp\/v2\/product_tag?post=9336"}],"curies":[{"name":"wp","href":"https:\/\/api.w.org\/{rel}","templated":true}]}}