{"id":9333,"date":"2025-09-17T12:28:00","date_gmt":"2025-09-17T10:28:00","guid":{"rendered":"https:\/\/boreait.com\/hu\/?post_type=product&#038;p=9333"},"modified":"2025-09-17T12:29:39","modified_gmt":"2025-09-17T10:29:39","slug":"eredeti-asus-k52j-also-burkolat-csere-tartos-laptop-alaptok","status":"publish","type":"product","link":"https:\/\/boreait.com\/hu\/termek\/eredeti-asus-k52j-also-burkolat-csere-tartos-laptop-alaptok\/","title":{"rendered":"Eredeti Asus K52J als\u00f3 burkolat csere &#8211; Tart\u00f3s laptop alaptok"},"content":{"rendered":"<p>\u00c1ll\u00edtsa vissza Asus K52J laptopja eredeti megjelen\u00e9s\u00e9t \u00e9s funkcionalit\u00e1s\u00e1t ezzel az eredeti als\u00f3 burkolat cser\u00e9vel. A tart\u00f3ss\u00e1g \u00e9s a kompatibilit\u00e1s jegy\u00e9ben k\u00e9sz\u00fclt, ez az autentikus cserealkatr\u00e9sz t\u00f6k\u00e9letes illeszked\u00e9st \u00e9s megb\u00edzhat\u00f3 teljes\u00edtm\u00e9nyt biztos\u00edt.<\/p>\n<p>F\u0151bb jellemz\u0151k:<\/p>\n<p>&#8211; Eredeti Asus csere: A kompatibilit\u00e1s \u00e9s a megb\u00edzhat\u00f3s\u00e1g biztos\u00edt\u00e1sa hiteles cserealkatr\u00e9szekkel.<\/p>\n<p>&#8211; K\u00f6nny\u0171 telep\u00edt\u00e9s: Az egyszer\u0171 telep\u00edt\u00e9ssel k\u00f6nnyed\u00e9n visszahelyezheti laptopja als\u00f3 fedel\u00e9t.<\/p>\n<p>&#8211; Tart\u00f3s konstrukci\u00f3: \u00dagy tervezt\u00e9k, hogy ellen\u00e1lljon a rendszeres haszn\u00e1latnak, hossz\u00fa \u00e9lettartamot \u00e9s megb\u00edzhat\u00f3s\u00e1got biztos\u00edtva.<\/p>\n<p>&#8211; T\u00f6k\u00e9letes illeszked\u00e9s: Kifejezetten az Asus K52J modellekhez tervezt\u00e9k, biztos\u00edtva a z\u00f6kken\u0151mentes illeszked\u00e9st.<\/p>\n<p>Friss\u00edtse Asus K52J laptopj\u00e1t m\u00e9g ma ezzel az eredeti als\u00f3 burkolat cser\u00e9vel. V\u00e1s\u00e1roljon bizalommal, tudva, hogy min\u0151s\u00e9gi cserealkatr\u00e9szekbe fektet be k\u00e9sz\u00fcl\u00e9k\u00e9hez. Ha k\u00e9rd\u00e9se van, vagy seg\u00edts\u00e9gre van sz\u00fcks\u00e9ge, ne habozzon kapcsolatba l\u00e9pni vel\u00fcnk. Az\u00e9rt vagyunk itt, hogy seg\u00edts\u00fcnk laptopja megjelen\u00e9s\u00e9nek \u00e9s funkcionalit\u00e1s\u00e1nak jav\u00edt\u00e1s\u00e1ban.<\/p>\n","protected":false},"excerpt":{"rendered":"<p>Cser\u00e9lje ki Asus K52J elhaszn\u00e1l\u00f3dott als\u00f3 fedel\u00e9t erre az eredeti cserealkatr\u00e9szre. Tart\u00f3s \u00e9s k\u00f6nnyen telep\u00edthet\u0151, visszaadja laptopja eredeti megjelen\u00e9s\u00e9t \u00e9s funkcionalit\u00e1s\u00e1t. Kompatibilis az Asus K52J modellekkel.<\/p>\n","protected":false},"featured_media":9393,"template":"","meta":[],"product_brand":[],"product_cat":[16],"product_tag":[30],"class_list":{"0":"post-9333","1":"product","2":"type-product","3":"status-publish","4":"has-post-thumbnail","6":"product_cat-laptop-housing","7":"product_tag-asus","9":"first","10":"instock","11":"taxable","12":"shipping-taxable","13":"purchasable","14":"product-type-simple"},"_links":{"self":[{"href":"https:\/\/boreait.com\/hu\/wp-json\/wp\/v2\/product\/9333","targetHints":{"allow":["GET"]}}],"collection":[{"href":"https:\/\/boreait.com\/hu\/wp-json\/wp\/v2\/product"}],"about":[{"href":"https:\/\/boreait.com\/hu\/wp-json\/wp\/v2\/types\/product"}],"wp:featuredmedia":[{"embeddable":true,"href":"https:\/\/boreait.com\/hu\/wp-json\/wp\/v2\/media\/9393"}],"wp:attachment":[{"href":"https:\/\/boreait.com\/hu\/wp-json\/wp\/v2\/media?parent=9333"}],"wp:term":[{"taxonomy":"product_brand","embeddable":true,"href":"https:\/\/boreait.com\/hu\/wp-json\/wp\/v2\/product_brand?post=9333"},{"taxonomy":"product_cat","embeddable":true,"href":"https:\/\/boreait.com\/hu\/wp-json\/wp\/v2\/product_cat?post=9333"},{"taxonomy":"product_tag","embeddable":true,"href":"https:\/\/boreait.com\/hu\/wp-json\/wp\/v2\/product_tag?post=9333"}],"curies":[{"name":"wp","href":"https:\/\/api.w.org\/{rel}","templated":true}]}}