{"id":9321,"date":"2025-09-17T12:27:34","date_gmt":"2025-09-17T10:27:34","guid":{"rendered":"https:\/\/boreait.com\/hu\/?post_type=product&#038;p=9321"},"modified":"2026-02-04T09:06:23","modified_gmt":"2026-02-04T08:06:23","slug":"fujitsu-lifebook-ah531-dvd-iro-meghajto-blu-ray-rom-cp557625-02","status":"publish","type":"product","link":"https:\/\/boreait.com\/hu\/termek\/fujitsu-lifebook-ah531-dvd-iro-meghajto-blu-ray-rom-cp557625-02\/","title":{"rendered":"Fujitsu Lifebook AH531 DVD-\u00edr\u00f3 meghajt\u00f3 BLU-RAY ROM CP557625-02"},"content":{"rendered":"<p>Tapasztalja meg a kiv\u00e1l\u00f3 teljes\u00edtm\u00e9nyt \u00e9s megb\u00edzhat\u00f3s\u00e1got a Fujitsu Lifebook AH531 DVD-\u00edr\u00f3 meghajt\u00f3 BLU-RAY ROM-mal, cikksz\u00e1m: CP557625-02. Ez a kiv\u00e1l\u00f3 min\u0151s\u00e9g\u0171 DVD-\u00edr\u00f3 meghajt\u00f3 t\u00f6k\u00e9letes helyettes\u00edti a jelenlegi meghajt\u00f3t, z\u00f6kken\u0151mentes m\u0171k\u00f6d\u00e9st \u00e9s optim\u00e1lis kompatibilit\u00e1st biztos\u00edt az eszk\u00f6zzel.<\/p>\n<p>A prec\u00edzen megalkotott \u00e9s a legmagasabb szabv\u00e1nyoknak megfelel\u0151 DVD-\u00edr\u00f3 meghajt\u00f3 z\u00f6kken\u0151mentes \u00e9s hat\u00e9kony \u00edr\u00e1si folyamatot garant\u00e1l minden adatt\u00e1rol\u00e1si ig\u00e9ny eset\u00e9n. Ak\u00e1r fontos f\u00e1jlokr\u00f3l k\u00e9sz\u00edt biztons\u00e1gi m\u00e1solatot, ak\u00e1r zene- vagy videolemezeket k\u00e9sz\u00edt, ak\u00e1r szoftvereket telep\u00edt, ez a meghajt\u00f3 minden alkalommal kiv\u00e9teles eredm\u00e9nyeket biztos\u00edt.<\/p>\n<p>A Fujitsu Lifebook AH531 DVD-\u00edr\u00f3 meghajt\u00f3 BLU-RAY ROM k\u00f6nnyen telep\u00edthet\u0151, \u00edgy gyorsan, gond n\u00e9lk\u00fcl friss\u00edtheti eszk\u00f6z\u00e9t. Val\u00f3di f\u00e9nyk\u00e9pekkel a v\u00e1s\u00e1rl\u00e1s el\u0151tt pontosan l\u00e1thatja, hogy mit kap.<\/p>\n<p>K\u00e9rj\u00fck, vegye figyelembe, hogy nem adok utas\u00edt\u00e1sokat az alkatr\u00e9szek cser\u00e9j\u00e9hez. Ha azonban b\u00e1rmilyen k\u00e9rd\u00e9se van, vagy seg\u00edts\u00e9gre van sz\u00fcks\u00e9ge a term\u00e9kkel kapcsolatban, nyugodtan \u00edrjon nekem. N\u00f6velje eszk\u00f6ze teljes\u00edtm\u00e9ny\u00e9t a Fujitsu Lifebook AH531 DVD-\u00edr\u00f3 meghajt\u00f3 BLU-RAY ROM-mal m\u00e9g ma!<\/p>\n","protected":false},"excerpt":{"rendered":"<p>B\u0151v\u00edtse Fujitsu Lifebook AH531 k\u00e9sz\u00fcl\u00e9k\u00e9t ezzel a BLU-RAY ROM DVD-\u00edr\u00f3 meghajt\u00f3val (cikksz\u00e1m: CP557625-02). Eredeti fot\u00f3k, telep\u00edt\u00e9si \u00fatmutat\u00f3 nincs mell\u00e9kelve. Seg\u00edts\u00e9gre van sz\u00fcks\u00e9ge? \u00cdrjon nekem szak\u00e9rt\u0151i t\u00e1mogat\u00e1s\u00e9rt. Friss\u00edtse laptopj\u00e1t most!<\/p>\n","protected":false},"featured_media":9391,"template":"","meta":[],"product_brand":[],"product_cat":[27],"product_tag":[28],"class_list":{"0":"post-9321","1":"product","2":"type-product","3":"status-publish","4":"has-post-thumbnail","6":"product_cat-motherboards-board-parts","7":"product_tag-fujitsu","9":"first","10":"instock","11":"taxable","12":"shipping-taxable","13":"purchasable","14":"product-type-simple"},"_links":{"self":[{"href":"https:\/\/boreait.com\/hu\/wp-json\/wp\/v2\/product\/9321","targetHints":{"allow":["GET"]}}],"collection":[{"href":"https:\/\/boreait.com\/hu\/wp-json\/wp\/v2\/product"}],"about":[{"href":"https:\/\/boreait.com\/hu\/wp-json\/wp\/v2\/types\/product"}],"wp:featuredmedia":[{"embeddable":true,"href":"https:\/\/boreait.com\/hu\/wp-json\/wp\/v2\/media\/9391"}],"wp:attachment":[{"href":"https:\/\/boreait.com\/hu\/wp-json\/wp\/v2\/media?parent=9321"}],"wp:term":[{"taxonomy":"product_brand","embeddable":true,"href":"https:\/\/boreait.com\/hu\/wp-json\/wp\/v2\/product_brand?post=9321"},{"taxonomy":"product_cat","embeddable":true,"href":"https:\/\/boreait.com\/hu\/wp-json\/wp\/v2\/product_cat?post=9321"},{"taxonomy":"product_tag","embeddable":true,"href":"https:\/\/boreait.com\/hu\/wp-json\/wp\/v2\/product_tag?post=9321"}],"curies":[{"name":"wp","href":"https:\/\/api.w.org\/{rel}","templated":true}]}}