{"id":9320,"date":"2025-09-17T12:27:34","date_gmt":"2025-09-17T10:27:34","guid":{"rendered":"https:\/\/boreait.com\/hu\/?post_type=product&#038;p=9320"},"modified":"2026-02-04T09:06:07","modified_gmt":"2026-02-04T08:06:07","slug":"fujitsu-lifebook-ah531-hdd-burkolat-eredeti-alkatresz-cp515946-01","status":"publish","type":"product","link":"https:\/\/boreait.com\/hu\/termek\/fujitsu-lifebook-ah531-hdd-burkolat-eredeti-alkatresz-cp515946-01\/","title":{"rendered":"Fujitsu LifeBook AH531 HDD burkolat Eredeti alkatr\u00e9sz CP515946-01"},"content":{"rendered":"<p>Fokozza Fujitsu LifeBook AH531 tart\u00f3ss\u00e1g\u00e1t \u00e9s eszt\u00e9tik\u00e1j\u00e1t ezzel az eredeti HDD-fed\u00e9llel. Ez a t\u00f6k\u00e9letesre kidolgozott laptop alkatr\u00e9sz a CP515946-01 cikksz\u00e1mmal z\u00f6kken\u0151mentes illeszked\u00e9st \u00e9s megb\u00edzhat\u00f3 teljes\u00edtm\u00e9nyt biztos\u00edt. A val\u00f3di fot\u00f3k pontosan azt a term\u00e9ket \u00e1br\u00e1zolj\u00e1k, amelyet kap, \u00e9s garant\u00e1ltan nem \u00e9r meglepet\u00e9s a k\u00e9zbes\u00edt\u00e9skor.<\/p>\n<p>Friss\u00edtse laptopja megjelen\u00e9s\u00e9t k\u00f6nnyed\u00e9n, ha kicser\u00e9li elhaszn\u00e1l\u00f3dott vagy s\u00e9r\u00fclt HDD-burkolat\u00e1t erre a kiv\u00e1l\u00f3 min\u0151s\u00e9g\u0171 alkatr\u00e9szre. A telep\u00edt\u00e9s gyerekj\u00e1t\u00e9k azok sz\u00e1m\u00e1ra, akik ismerik a laptop karbantart\u00e1s\u00e1t. Ha seg\u00edts\u00e9gre van sz\u00fcks\u00e9ge, vagy k\u00e9rd\u00e9se van a term\u00e9kkel kapcsolatban, forduljon bizalommal szem\u00e9lyre szabott t\u00e1mogat\u00e1s\u00e9rt.<\/p>\n<p>Fekessen be eszk\u00f6ze hossz\u00fa \u00e9lettartam\u00e1ba ezzel a kifejezetten a Fujitsu LifeBook AH531-hez tervezett pr\u00e9mium HDD-bor\u00edt\u00f3val. Ne k\u00f6ss\u00f6n kompromisszumot a min\u0151s\u00e9g ter\u00e9n, amikor a laptop alapvet\u0151 alkatr\u00e9szeir\u0151l van sz\u00f3. B\u00edzzon ebben az eredeti term\u00e9kben, hogy vissza\u00e1ll\u00edtsa laptopja kor\u00e1bbi dics\u0151s\u00e9g\u00e9t, mind a funkcionalit\u00e1s, mind a megjelen\u00e9s tekintet\u00e9ben.<\/p>\n","protected":false},"excerpt":{"rendered":"<p>Fejtse fel Fujitsu LifeBook AH531 k\u00e9sz\u00fcl\u00e9k\u00e9t ezzel az eredeti HDD-fed\u00e9llel, cikksz\u00e1m: CP515946-01. Ez a prec\u00edzen elk\u00e9sz\u00edtett autentikus laptop alkatr\u00e9sz t\u00f6k\u00e9letes illeszked\u00e9st biztos\u00edt. N\u00e9zze meg a val\u00f3di k\u00e9peket, hogy k\u00f6zelebbr\u0151l is megn\u00e9zze. Seg\u00edts\u00e9gre van sz\u00fcks\u00e9ge? Nyugodtan \u00edrjon nekem t\u00e1mogat\u00e1s\u00e9rt. Emelje fel laptopja eszt\u00e9tik\u00e1j\u00e1t \u00e9s funkcionalit\u00e1s\u00e1t ezzel a min\u0151s\u00e9gi cserealkatr\u00e9szrel.<\/p>\n","protected":false},"featured_media":9389,"template":"","meta":[],"product_brand":[],"product_cat":[16],"product_tag":[28],"class_list":{"0":"post-9320","1":"product","2":"type-product","3":"status-publish","4":"has-post-thumbnail","6":"product_cat-laptop-housing","7":"product_tag-fujitsu","9":"first","10":"instock","11":"taxable","12":"shipping-taxable","13":"purchasable","14":"product-type-simple"},"_links":{"self":[{"href":"https:\/\/boreait.com\/hu\/wp-json\/wp\/v2\/product\/9320","targetHints":{"allow":["GET"]}}],"collection":[{"href":"https:\/\/boreait.com\/hu\/wp-json\/wp\/v2\/product"}],"about":[{"href":"https:\/\/boreait.com\/hu\/wp-json\/wp\/v2\/types\/product"}],"wp:featuredmedia":[{"embeddable":true,"href":"https:\/\/boreait.com\/hu\/wp-json\/wp\/v2\/media\/9389"}],"wp:attachment":[{"href":"https:\/\/boreait.com\/hu\/wp-json\/wp\/v2\/media?parent=9320"}],"wp:term":[{"taxonomy":"product_brand","embeddable":true,"href":"https:\/\/boreait.com\/hu\/wp-json\/wp\/v2\/product_brand?post=9320"},{"taxonomy":"product_cat","embeddable":true,"href":"https:\/\/boreait.com\/hu\/wp-json\/wp\/v2\/product_cat?post=9320"},{"taxonomy":"product_tag","embeddable":true,"href":"https:\/\/boreait.com\/hu\/wp-json\/wp\/v2\/product_tag?post=9320"}],"curies":[{"name":"wp","href":"https:\/\/api.w.org\/{rel}","templated":true}]}}