{"id":9319,"date":"2025-09-17T12:27:34","date_gmt":"2025-09-17T10:27:34","guid":{"rendered":"https:\/\/boreait.com\/hu\/?post_type=product&#038;p=9319"},"modified":"2025-09-17T12:29:27","modified_gmt":"2025-09-17T10:29:27","slug":"fujitsu-lifebook-a531-intel-pentium-cpu-22-ghz-sr07t-eredeti-alkatresz","status":"publish","type":"product","link":"https:\/\/boreait.com\/hu\/termek\/fujitsu-lifebook-a531-intel-pentium-cpu-22-ghz-sr07t-eredeti-alkatresz\/","title":{"rendered":"Fujitsu Lifebook A531 Intel Pentium CPU 2,2 GHz SR07T eredeti alkatr\u00e9sz"},"content":{"rendered":"<p>Friss\u00edtse Fujitsu Lifebook A531 k\u00e9sz\u00fcl\u00e9k\u00e9t a cs\u00facskateg\u00f3ri\u00e1s 2,2 GHz-es Intel Pentium CPU-val. Ez az eredeti, SR07T cikksz\u00e1m\u00fa alkatr\u00e9sz a feldolgoz\u00e1si sebess\u00e9g \u00e9s a hat\u00e9konys\u00e1g szempontj\u00e1b\u00f3l nagy teljes\u00edtm\u00e9ny\u0171. Mondjon b\u00facs\u00fat a k\u00e9s\u00e9seknek \u00e9s a k\u00e9s\u00e9seknek, mivel ez a processzor teljesen \u00faj szintre emeli a sz\u00e1m\u00edt\u00e1stechnikai \u00e9lm\u00e9nyt.<\/p>\n<p>Tapasztalja meg a z\u00f6kken\u0151mentes t\u00f6bbfeladatos munkav\u00e9gz\u00e9st \u00e9s a m\u00e9g soha nem l\u00e1tott teljes\u00edtm\u00e9nyt ezzel az Intel Pentium CPU-val. Legyen sz\u00f3 profir\u00f3l, akinek nagy feldolgoz\u00e1si teljes\u00edtm\u00e9nyre van sz\u00fcks\u00e9ge a munkahelyi feladatokhoz, vagy egy j\u00e1t\u00e9kos, aki k\u00e9s\u00e9smentes j\u00e1t\u00e9k\u00e9lm\u00e9nyt keres, ez a processzor minden ig\u00e9nyt kiel\u00e9g\u00edt.<\/p>\n<p>Magas \u00f3rajel\u00e9vel \u00e9s fejlett technol\u00f3gi\u00e1j\u00e1val ez a CPU biztos\u00edtja, hogy Fujitsu Lifebook A531 a legjobb kapacit\u00e1ssal m\u0171k\u00f6dj\u00f6n. Friss\u00edtsen erre az eredeti alkatr\u00e9szre, \u00e9s tapasztalja meg laptopja \u00e1ltal\u00e1nos teljes\u00edtm\u00e9ny\u00e9nek jelent\u0151s javul\u00e1s\u00e1t. Ne el\u00e9gedjen meg kevesebbel, ha eszk\u00f6ze hat\u00e9konys\u00e1g\u00e1r\u00f3l van sz\u00f3 \u2013 v\u00e1lassza a 2,2 GHz-es Intel Pentium CPU-t a p\u00e1ratlan sebess\u00e9g \u00e9s megb\u00edzhat\u00f3s\u00e1g \u00e9rdek\u00e9ben.<\/p>\n","protected":false},"excerpt":{"rendered":"<p>Engedd szabadj\u00e1ra Fujitsu Lifebook A531-ed erej\u00e9t ezzel az eredeti Intel Pentium CPU-val, amelynek \u00f3rajele 2,2 GHz. N\u00f6velje laptopja teljes\u00edtm\u00e9ny\u00e9t ezzel a kiv\u00e1l\u00f3 min\u0151s\u00e9g\u0171 processzorral, amelyet \u00fagy terveztek, hogy optimaliz\u00e1lja a sz\u00e1m\u00edt\u00e1stechnikai \u00e9lm\u00e9nyt. Hozza ki a legt\u00f6bbet k\u00e9sz\u00fcl\u00e9k\u00e9b\u0151l ezzel az eredeti, SR07T cikksz\u00e1mot visel\u0151 alkatr\u00e9szrel.<\/p>\n","protected":false},"featured_media":9388,"template":"","meta":[],"product_brand":[],"product_cat":[39],"product_tag":[79],"class_list":{"0":"post-9319","1":"product","2":"type-product","3":"status-publish","4":"has-post-thumbnail","6":"product_cat-processors-cpu","7":"product_tag-intel","9":"first","10":"instock","11":"taxable","12":"shipping-taxable","13":"purchasable","14":"product-type-simple"},"_links":{"self":[{"href":"https:\/\/boreait.com\/hu\/wp-json\/wp\/v2\/product\/9319","targetHints":{"allow":["GET"]}}],"collection":[{"href":"https:\/\/boreait.com\/hu\/wp-json\/wp\/v2\/product"}],"about":[{"href":"https:\/\/boreait.com\/hu\/wp-json\/wp\/v2\/types\/product"}],"wp:featuredmedia":[{"embeddable":true,"href":"https:\/\/boreait.com\/hu\/wp-json\/wp\/v2\/media\/9388"}],"wp:attachment":[{"href":"https:\/\/boreait.com\/hu\/wp-json\/wp\/v2\/media?parent=9319"}],"wp:term":[{"taxonomy":"product_brand","embeddable":true,"href":"https:\/\/boreait.com\/hu\/wp-json\/wp\/v2\/product_brand?post=9319"},{"taxonomy":"product_cat","embeddable":true,"href":"https:\/\/boreait.com\/hu\/wp-json\/wp\/v2\/product_cat?post=9319"},{"taxonomy":"product_tag","embeddable":true,"href":"https:\/\/boreait.com\/hu\/wp-json\/wp\/v2\/product_tag?post=9319"}],"curies":[{"name":"wp","href":"https:\/\/api.w.org\/{rel}","templated":true}]}}