{"id":9318,"date":"2025-09-17T12:27:33","date_gmt":"2025-09-17T10:27:33","guid":{"rendered":"https:\/\/boreait.com\/hu\/?post_type=product&#038;p=9318"},"modified":"2026-02-04T09:05:41","modified_gmt":"2026-02-04T08:05:41","slug":"csere-alapburkolat-ajtopanel-fujitsu-lifebook-ah531-ah512-cp515947-01","status":"publish","type":"product","link":"https:\/\/boreait.com\/hu\/termek\/csere-alapburkolat-ajtopanel-fujitsu-lifebook-ah531-ah512-cp515947-01\/","title":{"rendered":"Csere alapburkolat ajt\u00f3panel Fujitsu LifeBook AH531 AH512 CP515947-01"},"content":{"rendered":"<p>\u00daj k\u00fcls\u0151t szeretne adni Fujitsu LifeBook AH531 vagy AH512 k\u00e9sz\u00fcl\u00e9k\u00e9nek? Friss\u00edtse laptopj\u00e1t ezzel a kiv\u00e1l\u00f3 min\u0151s\u00e9g\u0171 alapburkolati ajt\u00f3panel cserealkatr\u00e9szsel. A t\u00f6k\u00e9letesen illeszked\u0151 \u00e9s az eredeti kialak\u00edt\u00e1shoz illeszked\u0151 alapburkolati ajt\u00f3panel ide\u00e1lis az elhaszn\u00e1l\u00f3dott vagy s\u00e9r\u00fclt alkatr\u00e9sz cser\u00e9j\u00e9hez.<\/p>\n<p>Kifejezetten a Fujitsu LifeBook AH531, AH512 \u00e9s A531 modellekhez k\u00e9sz\u00fclt ez a cserealkatr\u00e9sz (cikksz\u00e1m: CP515947-01) z\u00f6kken\u0151mentes illeszked\u00e9st \u00e9s egyszer\u0171 telep\u00edt\u00e9st biztos\u00edt. A val\u00f3di fot\u00f3k vil\u00e1gos k\u00e9pet adnak arr\u00f3l, hogy mire sz\u00e1m\u00edthatsz, \u00e9s pontosan azt kapod, amit l\u00e1tsz.<\/p>\n<p>K\u00e9rj\u00fck, vegye figyelembe, hogy nem adok utas\u00edt\u00e1st az alkatr\u00e9sz cser\u00e9j\u00e9hez. Ha azonban seg\u00edts\u00e9gre van sz\u00fcks\u00e9ge, vagy b\u00e1rmilyen k\u00e9rd\u00e9se van a term\u00e9kkel kapcsolatban, nyugodtan \u00edrjon nekem. Adjon \u00faj \u00e9letet laptopj\u00e1nak ezzel az alapburkolati ajt\u00f3panel cser\u00e9j\u00e9vel, \u00e9s \u00e9lvezze \u00fajra a felfriss\u00fclt \u00e9s st\u00edlusos k\u00e9sz\u00fcl\u00e9ket.<\/p>\n","protected":false},"excerpt":{"rendered":"<p>Fejlessze Fujitsu LifeBook AH531, AH512 vagy A531 k\u00e9sz\u00fcl\u00e9k\u00e9t ezzel az alapburkolat ajt\u00f3panel cser\u00e9j\u00e9vel (cikksz\u00e1m: CP515947-01). Eredeti term\u00e9k val\u00f3di fot\u00f3kkal. Seg\u00edts\u00e9gre van sz\u00fcks\u00e9ge a telep\u00edt\u00e9shez? Seg\u00edts\u00e9g\u00e9rt \u00edrj \u00fczenetet. Friss\u00edtse laptopj\u00e1t k\u00f6nnyed\u00e9n!<\/p>\n","protected":false},"featured_media":9386,"template":"","meta":[],"product_brand":[],"product_cat":[16],"product_tag":[28],"class_list":{"0":"post-9318","1":"product","2":"type-product","3":"status-publish","4":"has-post-thumbnail","6":"product_cat-laptop-housing","7":"product_tag-fujitsu","9":"first","10":"instock","11":"taxable","12":"shipping-taxable","13":"purchasable","14":"product-type-simple"},"_links":{"self":[{"href":"https:\/\/boreait.com\/hu\/wp-json\/wp\/v2\/product\/9318","targetHints":{"allow":["GET"]}}],"collection":[{"href":"https:\/\/boreait.com\/hu\/wp-json\/wp\/v2\/product"}],"about":[{"href":"https:\/\/boreait.com\/hu\/wp-json\/wp\/v2\/types\/product"}],"wp:featuredmedia":[{"embeddable":true,"href":"https:\/\/boreait.com\/hu\/wp-json\/wp\/v2\/media\/9386"}],"wp:attachment":[{"href":"https:\/\/boreait.com\/hu\/wp-json\/wp\/v2\/media?parent=9318"}],"wp:term":[{"taxonomy":"product_brand","embeddable":true,"href":"https:\/\/boreait.com\/hu\/wp-json\/wp\/v2\/product_brand?post=9318"},{"taxonomy":"product_cat","embeddable":true,"href":"https:\/\/boreait.com\/hu\/wp-json\/wp\/v2\/product_cat?post=9318"},{"taxonomy":"product_tag","embeddable":true,"href":"https:\/\/boreait.com\/hu\/wp-json\/wp\/v2\/product_tag?post=9318"}],"curies":[{"name":"wp","href":"https:\/\/api.w.org\/{rel}","templated":true}]}}