{"id":9308,"date":"2025-09-17T12:27:10","date_gmt":"2025-09-17T10:27:10","guid":{"rendered":"https:\/\/boreait.com\/hu\/?post_type=product&#038;p=9308"},"modified":"2025-09-17T12:29:15","modified_gmt":"2025-09-17T10:29:15","slug":"eredeti-fujitsu-lifebook-ah531-cp518111-01-alaplap-also-burkolata","status":"publish","type":"product","link":"https:\/\/boreait.com\/hu\/termek\/eredeti-fujitsu-lifebook-ah531-cp518111-01-alaplap-also-burkolata\/","title":{"rendered":"Eredeti Fujitsu LifeBook AH531 CP518111-01 alaplap als\u00f3 burkolata"},"content":{"rendered":"<p>A kifejezetten a Fujitsu LifeBook AH531 alaplaphoz k\u00e9sz\u00fclt Eredeti als\u00f3 burkolat pr\u00e9mium cserealkatr\u00e9sz a CP518111-01 cikksz\u00e1mmal. \u00dagy tervezt\u00e9k, hogy z\u00f6kken\u0151mentesen illeszkedjen k\u00e9sz\u00fcl\u00e9k\u00e9hez, ez a burkolat t\u00f6k\u00e9letes illeszked\u00e9st \u00e9s probl\u00e9mamentes telep\u00edt\u00e9st biztos\u00edt.<\/p>\n<p>A kiv\u00e1l\u00f3 min\u0151s\u00e9g\u0171 anyagokb\u00f3l k\u00e9sz\u00fclt als\u00f3 burkolat tart\u00f3ss\u00e1got \u00e9s hossz\u00fa \u00e9lettartamot garant\u00e1l, optim\u00e1lis v\u00e9delmet biztos\u00edtva laptopja bels\u0151 alkatr\u00e9szeinek. Eleg\u00e1ns kialak\u00edt\u00e1sa \u00e9s prec\u00edz fel\u00e9p\u00edt\u00e9se meg\u0151rzi k\u00e9sz\u00fcl\u00e9ke eszt\u00e9tik\u00e1j\u00e1t, friss \u00e9s csiszolt megjelen\u00e9st k\u00f6lcs\u00f6n\u00f6zve neki.<\/p>\n<p>A term\u00e9ket bemutat\u00f3 val\u00f3di fot\u00f3kkal vil\u00e1gos elk\u00e9pzel\u00e9se lehet arr\u00f3l, hogy mire sz\u00e1m\u00edthat, ezzel biztos\u00edtva a v\u00e1s\u00e1rl\u00e1s \u00e1tl\u00e1that\u00f3s\u00e1g\u00e1t \u00e9s magabiztoss\u00e1g\u00e1t. B\u00e1r a cser\u00e9re vonatkoz\u00f3 utas\u00edt\u00e1sokat nem tartalmazza, biztos lehet benne, hogy a seg\u00edts\u00e9g csak egy \u00fczenetre van. Seg\u00edts\u00e9gre van sz\u00fcks\u00e9ge vagy k\u00e9rd\u00e9sei vannak? B\u00e1tran forduljon hozz\u00e1nk, \u00e9s mi \u00f6r\u00f6mmel seg\u00edt\u00fcnk \u00d6nnek.<\/p>\n<p>Friss\u00edtse Fujitsu LifeBook AH531 k\u00e9sz\u00fcl\u00e9k\u00e9t ezzel az eredeti burkolattal, \u00e9s \u00e9lvezze a z\u00f6kken\u0151mentes integr\u00e1ci\u00f3t, amely jav\u00edtja a funkcionalit\u00e1st \u00e9s az eszt\u00e9tik\u00e1t. B\u00edzzon ennek a cserealkatr\u00e9sznek a min\u0151s\u00e9g\u00e9ben \u00e9s pontoss\u00e1g\u00e1ban, hogy meg\u0151rizze k\u00e9sz\u00fcl\u00e9ke v\u00e9delm\u00e9t \u00e9s a legjobb megjelen\u00e9s\u00e9t.<\/p>\n","protected":false},"excerpt":{"rendered":"<p>Friss\u00edtse Fujitsu LifeBook AH531 k\u00e9sz\u00fcl\u00e9k\u00e9t ezzel az eredeti alaplap als\u00f3 h\u00e1zzal (cikksz\u00e1m: CP518111-01). A t\u00f6k\u00e9letes illeszked\u00e9s \u00e9rdek\u00e9ben prec\u00edzen kidolgozott tok elengedhetetlen tartoz\u00e9ka a k\u00e9sz\u00fcl\u00e9knek. N\u00e9zze meg a val\u00f3di k\u00e9peket, hogy k\u00f6zelebbr\u0151l is megn\u00e9zze. Seg\u00edts\u00e9gre van sz\u00fcks\u00e9ge a telep\u00edt\u00e9shez? \u00cdrjon nekem szak\u00e9rt\u0151i t\u00e1mogat\u00e1s\u00e9rt. Adjon \u00faj megjelen\u00e9st laptopj\u00e1nak m\u00e9g ma!<\/p>\n","protected":false},"featured_media":9376,"template":"","meta":[],"product_brand":[],"product_cat":[16],"product_tag":[28],"class_list":{"0":"post-9308","1":"product","2":"type-product","3":"status-publish","4":"has-post-thumbnail","6":"product_cat-laptop-housing","7":"product_tag-fujitsu","9":"first","10":"instock","11":"taxable","12":"shipping-taxable","13":"purchasable","14":"product-type-simple"},"_links":{"self":[{"href":"https:\/\/boreait.com\/hu\/wp-json\/wp\/v2\/product\/9308","targetHints":{"allow":["GET"]}}],"collection":[{"href":"https:\/\/boreait.com\/hu\/wp-json\/wp\/v2\/product"}],"about":[{"href":"https:\/\/boreait.com\/hu\/wp-json\/wp\/v2\/types\/product"}],"wp:featuredmedia":[{"embeddable":true,"href":"https:\/\/boreait.com\/hu\/wp-json\/wp\/v2\/media\/9376"}],"wp:attachment":[{"href":"https:\/\/boreait.com\/hu\/wp-json\/wp\/v2\/media?parent=9308"}],"wp:term":[{"taxonomy":"product_brand","embeddable":true,"href":"https:\/\/boreait.com\/hu\/wp-json\/wp\/v2\/product_brand?post=9308"},{"taxonomy":"product_cat","embeddable":true,"href":"https:\/\/boreait.com\/hu\/wp-json\/wp\/v2\/product_cat?post=9308"},{"taxonomy":"product_tag","embeddable":true,"href":"https:\/\/boreait.com\/hu\/wp-json\/wp\/v2\/product_tag?post=9308"}],"curies":[{"name":"wp","href":"https:\/\/api.w.org\/{rel}","templated":true}]}}