{"id":9305,"date":"2025-09-17T12:27:08","date_gmt":"2025-09-17T10:27:08","guid":{"rendered":"https:\/\/boreait.com\/hu\/?post_type=product&#038;p=9305"},"modified":"2026-02-04T08:58:01","modified_gmt":"2026-02-04T07:58:01","slug":"sk-hynix-pc3l-12800s-ddr3l-4-gb-laptop-memoria-hmt451s6afr8a-pb-1rx8-ram","status":"publish","type":"product","link":"https:\/\/boreait.com\/hu\/termek\/sk-hynix-pc3l-12800s-ddr3l-4-gb-laptop-memoria-hmt451s6afr8a-pb-1rx8-ram\/","title":{"rendered":"SK Hynix PC3L-12800S DDR3L 4 GB laptop mem\u00f3ria HMT451S6AFR8A-PB 1Rx8 RAM"},"content":{"rendered":"<p>N\u00f6velje laptopja teljes\u00edtm\u00e9ny\u00e9t ezzel a kiv\u00e1l\u00f3 min\u0151s\u00e9g\u0171 4 GB-os SK Hynix PC3L-12800S DDR3L RAM-mal. Ezzel a megb\u00edzhat\u00f3 1Rx8 mem\u00f3riamodullal k\u00f6nnyed\u00e9n n\u00f6velheti eszk\u00f6ze sebess\u00e9g\u00e9t \u00e9s t\u00f6bbfeladatos k\u00e9pess\u00e9geit. A HMT451S6AFR8A-PB z\u00f6kken\u0151mentes m\u0171k\u00f6d\u00e9st \u00e9s fokozott hat\u00e9konys\u00e1got biztos\u00edt a napi sz\u00e1m\u00edt\u00e1stechnikai ig\u00e9nyekhez.<\/p>\n<p>Felejtsd el a lass\u00fa teljes\u00edtm\u00e9nyt \u00e9s a v\u00e9gtelen bet\u00f6lt\u00e9si id\u0151t \u2013 ez a RAM a t\u00f6k\u00e9letes megold\u00e1s a g\u00f6rd\u00fcl\u00e9kenyebb \u00e9s rugalmasabb felhaszn\u00e1l\u00f3i \u00e9lm\u00e9nyhez. Ak\u00e1r di\u00e1k, ak\u00e1r profi, ak\u00e1r j\u00e1t\u00e9kos, ez a mem\u00f3riab\u0151v\u00edt\u00e9s magasabb szintre emeli termel\u00e9kenys\u00e9g\u00e9t \u00e9s sz\u00f3rakoz\u00e1s\u00e1t.<\/p>\n<p>Val\u00f3di fot\u00f3kat biztos\u00edtunk a term\u00e9kr\u0151l, hogy pontosan tudja, mit kap. K\u00e9rj\u00fck, vegye figyelembe, hogy nem adunk utas\u00edt\u00e1sokat az alkatr\u00e9szek cser\u00e9j\u00e9hez. Ha azonban b\u00e1rmilyen k\u00e9rd\u00e9se van, vagy seg\u00edts\u00e9gre van sz\u00fcks\u00e9ge a kompatibilit\u00e1si vagy telep\u00edt\u00e9si folyamattal kapcsolatban, k\u00fcldj\u00f6n nek\u00fcnk \u00fczenetet. Friss\u00edtse laptopj\u00e1t most ezzel a cs\u00facsmin\u0151s\u00e9g\u0171 SK Hynix DDR3L RAM-mal, \u00e9s \u00e9lvezze a gyorsabb, hat\u00e9konyabb sz\u00e1m\u00edt\u00e1stechnikai \u00e9lm\u00e9nyt.<\/p>\n","protected":false},"excerpt":{"rendered":"<p>N\u00f6velje laptopja teljes\u00edtm\u00e9ny\u00e9t ezzel a kiv\u00e1l\u00f3 min\u0151s\u00e9g\u0171 SK Hynix 4 GB DDR3L mem\u00f3ri\u00e1val. N\u00f6velje a sebess\u00e9get \u00e9s a hat\u00e9konys\u00e1got a z\u00f6kken\u0151mentes t\u00f6bbfeladatos munkav\u00e9gz\u00e9shez. Autentikus term\u00e9k val\u00f3di f\u00e9nyk\u00e9peken bemutatva. Seg\u00edts\u00e9gre van sz\u00fcks\u00e9ge a v\u00e1s\u00e1rl\u00e1s ut\u00e1n? \u00cdrjon nekem szak\u00e9rt\u0151i t\u00e1mogat\u00e1s\u00e9rt. N\u00f6velje sz\u00e1m\u00edt\u00e1stechnikai \u00e9lm\u00e9ny\u00e9t m\u00e9g ma!<\/p>\n","protected":false},"featured_media":9372,"template":"","meta":[],"product_brand":[],"product_cat":[37,36],"product_tag":[68],"class_list":{"0":"post-9305","1":"product","2":"type-product","3":"status-publish","4":"has-post-thumbnail","6":"product_cat-ddr3-ddr3l","7":"product_cat-ram-memory","8":"product_tag-hynix","10":"first","11":"instock","12":"taxable","13":"shipping-taxable","14":"purchasable","15":"product-type-simple"},"_links":{"self":[{"href":"https:\/\/boreait.com\/hu\/wp-json\/wp\/v2\/product\/9305","targetHints":{"allow":["GET"]}}],"collection":[{"href":"https:\/\/boreait.com\/hu\/wp-json\/wp\/v2\/product"}],"about":[{"href":"https:\/\/boreait.com\/hu\/wp-json\/wp\/v2\/types\/product"}],"wp:featuredmedia":[{"embeddable":true,"href":"https:\/\/boreait.com\/hu\/wp-json\/wp\/v2\/media\/9372"}],"wp:attachment":[{"href":"https:\/\/boreait.com\/hu\/wp-json\/wp\/v2\/media?parent=9305"}],"wp:term":[{"taxonomy":"product_brand","embeddable":true,"href":"https:\/\/boreait.com\/hu\/wp-json\/wp\/v2\/product_brand?post=9305"},{"taxonomy":"product_cat","embeddable":true,"href":"https:\/\/boreait.com\/hu\/wp-json\/wp\/v2\/product_cat?post=9305"},{"taxonomy":"product_tag","embeddable":true,"href":"https:\/\/boreait.com\/hu\/wp-json\/wp\/v2\/product_tag?post=9305"}],"curies":[{"name":"wp","href":"https:\/\/api.w.org\/{rel}","templated":true}]}}