{"id":9304,"date":"2025-09-17T12:27:07","date_gmt":"2025-09-17T10:27:07","guid":{"rendered":"https:\/\/boreait.com\/hu\/?post_type=product&#038;p=9304"},"modified":"2026-02-04T08:57:46","modified_gmt":"2026-02-04T07:57:46","slug":"eredeti-fujitsu-lifebook-ah531-hdd-fedel-cp515946-01","status":"publish","type":"product","link":"https:\/\/boreait.com\/hu\/termek\/eredeti-fujitsu-lifebook-ah531-hdd-fedel-cp515946-01\/","title":{"rendered":"Eredeti Fujitsu LifeBook AH531 HDD fed\u00e9l CP515946-01"},"content":{"rendered":"<p>Alak\u00edtsa \u00e1t Fujitsu LifeBook AH531-\u00e9t ezzel az eredeti HDD bor\u00edt\u00f3val, cikksz\u00e1m: CP515946-01. Ez a t\u00f6k\u00e9letesre kidolgozott laptop r\u00e9sz z\u00f6kken\u0151mentes illeszked\u00e9st \u00e9s optim\u00e1lis v\u00e9delmet biztos\u00edt merevlemeze sz\u00e1m\u00e1ra. A val\u00f3di fot\u00f3k bemutatj\u00e1k a term\u00e9k min\u0151s\u00e9g\u00e9t \u00e9s hiteless\u00e9g\u00e9t, \u00edgy \u00f6nbizalommal t\u00f6lti el a v\u00e1s\u00e1rl\u00e1st.<\/p>\n<p>Friss\u00edtse laptopja eszt\u00e9tik\u00e1j\u00e1t \u00e9s funkcionalit\u00e1s\u00e1t ezzel az eleg\u00e1ns \u00e9s tart\u00f3s HDD-bor\u00edt\u00f3val. Ak\u00e1r egy elhaszn\u00e1l\u00f3dott burkolatot szeretne cser\u00e9lni, ak\u00e1r egyszer\u0171en csak egy csipetnyi kifinomults\u00e1got szeretne hozz\u00e1adni k\u00e9sz\u00fcl\u00e9k\u00e9hez, ez az eredeti alkatr\u00e9sz a t\u00f6k\u00e9letes v\u00e1laszt\u00e1s. Felh\u00edvjuk figyelm\u00e9t, hogy b\u00e1r nem adok \u00fatmutat\u00e1st az alkatr\u00e9sz cser\u00e9j\u00e9hez, nyugodtan \u00edrjon nekem, ha seg\u00edts\u00e9gre van sz\u00fcks\u00e9ge, vagy k\u00e9rd\u00e9se van a term\u00e9kkel kapcsolatban.<\/p>\n<p>Fekessen be a min\u0151s\u00e9gbe \u00e9s a megb\u00edzhat\u00f3s\u00e1gba ezzel az eredeti Fujitsu LifeBook AH531 HDD bor\u00edt\u00f3val. N\u00f6velje laptopja teljes\u00edtm\u00e9ny\u00e9t \u00e9s megjelen\u00e9s\u00e9t ezzel a n\u00e9lk\u00fcl\u00f6zhetetlen laptopr\u00e9sszel.<\/p>\n","protected":false},"excerpt":{"rendered":"<p>N\u00f6velje meg Fujitsu LifeBook AH531 \u00e9lettartam\u00e1t ezzel az eredeti HDD-fed\u00e9llel (cikksz\u00e1m: CP515946-01). Ez a t\u00f6k\u00e9letesre kidolgozott laptop r\u00e9sz z\u00f6kken\u0151mentes illeszked\u00e9st \u00e9s optim\u00e1lis v\u00e9delmet biztos\u00edt merevlemeze sz\u00e1m\u00e1ra. N\u00e9zze meg a val\u00f3di k\u00e9peket, hogy k\u00f6zelebbr\u0151l is megn\u00e9zze. Seg\u00edts\u00e9gre van sz\u00fcks\u00e9ge vagy k\u00e9rd\u00e9se van? Nyugodtan \u00edrjon nek\u00fcnk szak\u00e9rt\u0151i t\u00e1mogat\u00e1s\u00e9rt. Ezzel az alapvet\u0151 \u00f6sszetev\u0151vel k\u00f6nnyed\u00e9n friss\u00edtheti laptopj\u00e1t.<\/p>\n","protected":false},"featured_media":9370,"template":"","meta":[],"product_brand":[],"product_cat":[16],"product_tag":[28],"class_list":{"0":"post-9304","1":"product","2":"type-product","3":"status-publish","4":"has-post-thumbnail","6":"product_cat-laptop-housing","7":"product_tag-fujitsu","9":"first","10":"instock","11":"taxable","12":"shipping-taxable","13":"purchasable","14":"product-type-simple"},"_links":{"self":[{"href":"https:\/\/boreait.com\/hu\/wp-json\/wp\/v2\/product\/9304","targetHints":{"allow":["GET"]}}],"collection":[{"href":"https:\/\/boreait.com\/hu\/wp-json\/wp\/v2\/product"}],"about":[{"href":"https:\/\/boreait.com\/hu\/wp-json\/wp\/v2\/types\/product"}],"wp:featuredmedia":[{"embeddable":true,"href":"https:\/\/boreait.com\/hu\/wp-json\/wp\/v2\/media\/9370"}],"wp:attachment":[{"href":"https:\/\/boreait.com\/hu\/wp-json\/wp\/v2\/media?parent=9304"}],"wp:term":[{"taxonomy":"product_brand","embeddable":true,"href":"https:\/\/boreait.com\/hu\/wp-json\/wp\/v2\/product_brand?post=9304"},{"taxonomy":"product_cat","embeddable":true,"href":"https:\/\/boreait.com\/hu\/wp-json\/wp\/v2\/product_cat?post=9304"},{"taxonomy":"product_tag","embeddable":true,"href":"https:\/\/boreait.com\/hu\/wp-json\/wp\/v2\/product_tag?post=9304"}],"curies":[{"name":"wp","href":"https:\/\/api.w.org\/{rel}","templated":true}]}}