{"id":93,"date":"2025-09-17T09:21:19","date_gmt":"2025-09-17T07:21:19","guid":{"rendered":"https:\/\/boreait.com\/hu\/?post_type=product&#038;p=93"},"modified":"2025-09-17T09:22:27","modified_gmt":"2025-09-17T07:22:27","slug":"eredeti-hp-355-g2-cpu-hutoventilator-746657-001-dfs531005pl0t","status":"publish","type":"product","link":"https:\/\/boreait.com\/hu\/termek\/eredeti-hp-355-g2-cpu-hutoventilator-746657-001-dfs531005pl0t\/","title":{"rendered":"Eredeti HP 355 G2 CPU h\u0171t\u0151ventil\u00e1tor 746657-001 Dfs531005pl0t"},"content":{"rendered":"<p>Az eredeti HP 355 G2 CPU h\u0171t\u0151ventil\u00e1tor 746657-001 Dfs531005pl0t a HP 355 G2 laptop h\u0171t\u0151rendszer\u00e9nek alkatr\u00e9sze. Els\u0151dleges funkci\u00f3ja a laptop CPU-ja \u00e1ltal termelt h\u0151 elvezet\u00e9se, megakad\u00e1lyozva a t\u00falmeleged\u00e9st \u00e9s a rendszer esetleges k\u00e1rosod\u00e1s\u00e1t. Ez a ventil\u00e1tor eredeti HP alkatr\u00e9sz, \u00e9s \u00fagy lett kialak\u00edtva, hogy megfeleljen a gy\u00e1rt\u00f3 specifik\u00e1ci\u00f3inak, megb\u00edzhat\u00f3 teljes\u00edtm\u00e9nyt \u00e9s optim\u00e1lis h\u0171t\u00e9si hat\u00e9konys\u00e1got biztos\u00edtva. A ventil\u00e1tor t\u00edpussz\u00e1ma DFS531005PL0T, cikksz\u00e1ma pedig 746657-001. Kompakt m\u00e9rete \u00e9s strapab\u00edr\u00f3 fel\u00e9p\u00edt\u00e9se n\u00e9lk\u00fcl\u00f6zhetetlen elem\u00e9v\u00e9 teszi a HP 355 G2 laptop teljes\u00edtm\u00e9ny\u00e9nek \u00e9s hossz\u00fa \u00e9lettartam\u00e1nak meg\u0151rz\u00e9s\u00e9ben.<\/p>\n","protected":false},"excerpt":{"rendered":"<p>Az eredeti HP 355 G2 CPU h\u0171t\u0151ventil\u00e1tor 746657-001 Dfs531005pl0t a HP 355 G2 laptopok h\u0171t\u0151rendszer\u00e9nek megb\u00edzhat\u00f3 \u00e9s hat\u00e9kony eleme. Els\u0151dleges c\u00e9lja a CPU t\u00falmeleged\u00e9s\u00e9nek megakad\u00e1lyoz\u00e1sa, ezzel biztos\u00edtva a laptop optim\u00e1lis teljes\u00edtm\u00e9ny\u00e9t \u00e9s hossz\u00fa \u00e9lettartam\u00e1t. Ez egy eredeti HP alkatr\u00e9sz, amelyet \u00fagy terveztek, hogy megfeleljen a gy\u00e1rt\u00f3 specifik\u00e1ci\u00f3inak, megb\u00edzhat\u00f3 teljes\u00edtm\u00e9nyt \u00e9s hat\u00e9kony h\u0171t\u00e9st garant\u00e1lva.<\/p>\n","protected":false},"featured_media":171,"template":"","meta":[],"product_brand":[],"product_cat":[33],"product_tag":[25],"class_list":{"0":"post-93","1":"product","2":"type-product","3":"status-publish","4":"has-post-thumbnail","6":"product_cat-cpu-fans-heatsinks","7":"product_tag-hp","9":"first","10":"instock","11":"taxable","12":"shipping-taxable","13":"purchasable","14":"product-type-simple"},"_links":{"self":[{"href":"https:\/\/boreait.com\/hu\/wp-json\/wp\/v2\/product\/93","targetHints":{"allow":["GET"]}}],"collection":[{"href":"https:\/\/boreait.com\/hu\/wp-json\/wp\/v2\/product"}],"about":[{"href":"https:\/\/boreait.com\/hu\/wp-json\/wp\/v2\/types\/product"}],"wp:featuredmedia":[{"embeddable":true,"href":"https:\/\/boreait.com\/hu\/wp-json\/wp\/v2\/media\/171"}],"wp:attachment":[{"href":"https:\/\/boreait.com\/hu\/wp-json\/wp\/v2\/media?parent=93"}],"wp:term":[{"taxonomy":"product_brand","embeddable":true,"href":"https:\/\/boreait.com\/hu\/wp-json\/wp\/v2\/product_brand?post=93"},{"taxonomy":"product_cat","embeddable":true,"href":"https:\/\/boreait.com\/hu\/wp-json\/wp\/v2\/product_cat?post=93"},{"taxonomy":"product_tag","embeddable":true,"href":"https:\/\/boreait.com\/hu\/wp-json\/wp\/v2\/product_tag?post=93"}],"curies":[{"name":"wp","href":"https:\/\/api.w.org\/{rel}","templated":true}]}}