{"id":9292,"date":"2025-09-17T12:26:40","date_gmt":"2025-09-17T10:26:40","guid":{"rendered":"https:\/\/boreait.com\/hu\/?post_type=product&#038;p=9292"},"modified":"2026-02-04T08:57:13","modified_gmt":"2026-02-04T07:57:13","slug":"fujitsu-lifebook-a531-ah512-cp515938-01-bekapcsologomb-csuklopant-borito-diszelolap","status":"publish","type":"product","link":"https:\/\/boreait.com\/hu\/termek\/fujitsu-lifebook-a531-ah512-cp515938-01-bekapcsologomb-csuklopant-borito-diszelolap\/","title":{"rendered":"Fujitsu Lifebook A531 AH512 CP515938-01 bekapcsol\u00f3gomb csukl\u00f3p\u00e1nt bor\u00edt\u00f3 d\u00edszel\u0151lap"},"content":{"rendered":"<p>\u00daj k\u00fcls\u0151t szeretne adni Fujitsu Lifebook A531 AH512 A531 k\u00e9sz\u00fcl\u00e9k\u00e9nek? Ez a bekapcsol\u00f3gombos csukl\u00f3p\u00e1nt bor\u00edt\u00f3 d\u00edszel\u0151lap a t\u00f6k\u00e9letes megold\u00e1s. Ezt a t\u00f6k\u00e9letesre kidolgozott eredeti alkatr\u00e9szt (cikksz\u00e1m: CP515938-01) arra tervezt\u00e9k, hogy z\u00f6kken\u0151mentesen cser\u00e9lje ki a r\u00e9gi vagy s\u00e9r\u00fclt zsan\u00e9rburkolat k\u00e1rpitel\u0151lapj\u00e1t.<\/p>\n<p>Fokozza laptopja eszt\u00e9tik\u00e1j\u00e1t ezzel az eleg\u00e1ns \u00e9s strapab\u00edr\u00f3 bor\u00edt\u00f3kerettel. A rendelkez\u00e9sre \u00e1ll\u00f3 val\u00f3s f\u00e9nyk\u00e9pekkel v\u00e1s\u00e1rl\u00e1s el\u0151tt pontosan l\u00e1thatja, hogy mit kap.<\/p>\n<p>K\u00e9rj\u00fck, vegye figyelembe, hogy nem adok utas\u00edt\u00e1st az alkatr\u00e9szek cser\u00e9j\u00e9re. Ha azonban seg\u00edts\u00e9gre van sz\u00fcks\u00e9ge, vagy k\u00e9rd\u00e9se van a term\u00e9kkel kapcsolatban, nyugodtan \u00edrjon nekem.<\/p>\n<p>Friss\u00edtse laptopja megjelen\u00e9s\u00e9t \u00e9s funkcionalit\u00e1s\u00e1t ezzel a bekapcsol\u00f3gombos csukl\u00f3p\u00e1nt bor\u00edt\u00f3 d\u00edszel\u0151lappal. Szerezze meg a mag\u00e1\u00e9t, \u00e9s alak\u00edtsa \u00e1t st\u00edlusosan Fujitsu Lifebookj\u00e1t.<\/p>\n","protected":false},"excerpt":{"rendered":"<p>Emelje fel Fujitsu Lifebook A531 AH512 A531 k\u00e9sz\u00fcl\u00e9k\u00e9t ezzel a bekapcsol\u00f3gombos csukl\u00f3p\u00e1nt bor\u00edt\u00f3 d\u00edszl\u00e9c\u00e9vel. T\u00f6k\u00e9letes kivitelez\u00e9s, cikksz\u00e1m: CP515938-01. Val\u00f3di fot\u00f3k a val\u00f3di elv\u00e1r\u00e1sokhoz. Seg\u00edts\u00e9gre van sz\u00fcks\u00e9ge a telep\u00edt\u00e9shez? K\u00fcldj \u00fczenetet. Engedje, hogy laptopja ragyogjon ezzel az eleg\u00e1ns friss\u00edt\u00e9ssel.<\/p>\n","protected":false},"featured_media":9361,"template":"","meta":[],"product_brand":[],"product_cat":[16],"product_tag":[28],"class_list":{"0":"post-9292","1":"product","2":"type-product","3":"status-publish","4":"has-post-thumbnail","6":"product_cat-laptop-housing","7":"product_tag-fujitsu","9":"first","10":"instock","11":"taxable","12":"shipping-taxable","13":"purchasable","14":"product-type-simple"},"_links":{"self":[{"href":"https:\/\/boreait.com\/hu\/wp-json\/wp\/v2\/product\/9292","targetHints":{"allow":["GET"]}}],"collection":[{"href":"https:\/\/boreait.com\/hu\/wp-json\/wp\/v2\/product"}],"about":[{"href":"https:\/\/boreait.com\/hu\/wp-json\/wp\/v2\/types\/product"}],"wp:featuredmedia":[{"embeddable":true,"href":"https:\/\/boreait.com\/hu\/wp-json\/wp\/v2\/media\/9361"}],"wp:attachment":[{"href":"https:\/\/boreait.com\/hu\/wp-json\/wp\/v2\/media?parent=9292"}],"wp:term":[{"taxonomy":"product_brand","embeddable":true,"href":"https:\/\/boreait.com\/hu\/wp-json\/wp\/v2\/product_brand?post=9292"},{"taxonomy":"product_cat","embeddable":true,"href":"https:\/\/boreait.com\/hu\/wp-json\/wp\/v2\/product_cat?post=9292"},{"taxonomy":"product_tag","embeddable":true,"href":"https:\/\/boreait.com\/hu\/wp-json\/wp\/v2\/product_tag?post=9292"}],"curies":[{"name":"wp","href":"https:\/\/api.w.org\/{rel}","templated":true}]}}