{"id":9290,"date":"2025-09-17T12:26:39","date_gmt":"2025-09-17T10:26:39","guid":{"rendered":"https:\/\/boreait.com\/hu\/?post_type=product&#038;p=9290"},"modified":"2025-09-17T12:28:37","modified_gmt":"2025-09-17T10:28:37","slug":"eredeti-fujitsu-lifebook-ah531-intel-core-i3-2350-230-ghz-cpu-sr0dn","status":"publish","type":"product","link":"https:\/\/boreait.com\/hu\/termek\/eredeti-fujitsu-lifebook-ah531-intel-core-i3-2350-230-ghz-cpu-sr0dn\/","title":{"rendered":"Eredeti Fujitsu Lifebook AH531 Intel Core i3-2350 2,30 GHz CPU SR0DN"},"content":{"rendered":"<p>N\u00f6velje Fujitsu Lifebook AH531 k\u00e9sz\u00fcl\u00e9ke teljes\u00edtm\u00e9ny\u00e9t az SR0DN cikksz\u00e1m\u00fa Intel Core i3-2350 2,30 GHz-es CPU-val. Ez az eredeti CPU z\u00f6kken\u0151mentes sz\u00e1m\u00edt\u00e1stechnikai \u00e9lm\u00e9nyt \u00edg\u00e9r megn\u00f6velt sebess\u00e9ggel \u00e9s hat\u00e9konys\u00e1ggal. Val\u00f3di fot\u00f3kkal felszerelve a hiteless\u00e9g \u00e9rdek\u00e9ben ez a CPU megb\u00edzhat\u00f3 v\u00e1laszt\u00e1s azok sz\u00e1m\u00e1ra, akik a rendszer\u00fck k\u00e9pess\u00e9geinek n\u00f6vel\u00e9s\u00e9re v\u00e1gynak.<\/p>\n<p>K\u00e9rj\u00fck, vegye figyelembe, hogy nem adok utas\u00edt\u00e1sokat az alkatr\u00e9szek cser\u00e9j\u00e9hez. Ha azonban seg\u00edts\u00e9gre van sz\u00fcks\u00e9ge, vagy k\u00e9rd\u00e9se van a term\u00e9kkel kapcsolatban, nyugodtan \u00edrjon nekem. Fektessen be ebbe a cs\u00facsmin\u0151s\u00e9g\u0171 CPU-ba, hogy kiakn\u00e1zza eszk\u00f6ze teljes potenci\u00e1lj\u00e1t, \u00e9s \u00e9lvezze a gyorsabb, sim\u00e1bb m\u0171k\u00f6d\u00e9st. N\u00f6velje sz\u00e1m\u00edt\u00e1stechnikai \u00e9lm\u00e9ny\u00e9t a Fujitsu Lifebook AH531 Intel Core i3-2350 2,30 GHz-es CPU-val, \u00e9s tapasztalja meg a m\u00e9g soha nem l\u00e1tott teljes\u00edtm\u00e9nyt.<\/p>\n","protected":false},"excerpt":{"rendered":"<p>Engedd szabadj\u00e1ra Fujitsu Lifebook AH531 erej\u00e9t ezzel az Intel Core i3-2350 2,30 GHz-es CPU-val. N\u00f6velje a teljes\u00edtm\u00e9nyt az SR0DN cikksz\u00e1mmal, biztos\u00edtva a z\u00f6kken\u0151mentes \u00e9lm\u00e9nyt. A val\u00f3di fot\u00f3k garant\u00e1lj\u00e1k a hiteless\u00e9get. Seg\u00edts\u00e9gre van sz\u00fcks\u00e9ge a telep\u00edt\u00e9shez? \u00cdrjon nekem szak\u00e9rt\u0151i t\u00e1mogat\u00e1s\u00e9rt. Emelje fel m\u00e9g ma sz\u00e1m\u00edt\u00e1stechnikai j\u00e1t\u00e9k\u00e1t.<\/p>\n","protected":false},"featured_media":9358,"template":"","meta":[],"product_brand":[],"product_cat":[39],"product_tag":[28],"class_list":{"0":"post-9290","1":"product","2":"type-product","3":"status-publish","4":"has-post-thumbnail","6":"product_cat-processors-cpu","7":"product_tag-fujitsu","9":"first","10":"instock","11":"taxable","12":"shipping-taxable","13":"purchasable","14":"product-type-simple"},"_links":{"self":[{"href":"https:\/\/boreait.com\/hu\/wp-json\/wp\/v2\/product\/9290","targetHints":{"allow":["GET"]}}],"collection":[{"href":"https:\/\/boreait.com\/hu\/wp-json\/wp\/v2\/product"}],"about":[{"href":"https:\/\/boreait.com\/hu\/wp-json\/wp\/v2\/types\/product"}],"wp:featuredmedia":[{"embeddable":true,"href":"https:\/\/boreait.com\/hu\/wp-json\/wp\/v2\/media\/9358"}],"wp:attachment":[{"href":"https:\/\/boreait.com\/hu\/wp-json\/wp\/v2\/media?parent=9290"}],"wp:term":[{"taxonomy":"product_brand","embeddable":true,"href":"https:\/\/boreait.com\/hu\/wp-json\/wp\/v2\/product_brand?post=9290"},{"taxonomy":"product_cat","embeddable":true,"href":"https:\/\/boreait.com\/hu\/wp-json\/wp\/v2\/product_cat?post=9290"},{"taxonomy":"product_tag","embeddable":true,"href":"https:\/\/boreait.com\/hu\/wp-json\/wp\/v2\/product_tag?post=9290"}],"curies":[{"name":"wp","href":"https:\/\/api.w.org\/{rel}","templated":true}]}}