{"id":9289,"date":"2025-09-17T12:26:38","date_gmt":"2025-09-17T10:26:38","guid":{"rendered":"https:\/\/boreait.com\/hu\/?post_type=product&#038;p=9289"},"modified":"2026-02-04T08:56:57","modified_gmt":"2026-02-04T07:56:57","slug":"fujitsu-lifebook-ah531-dvd-iro-meghajto-blu-ray-rom-cp557635-01","status":"publish","type":"product","link":"https:\/\/boreait.com\/hu\/termek\/fujitsu-lifebook-ah531-dvd-iro-meghajto-blu-ray-rom-cp557635-01\/","title":{"rendered":"Fujitsu Lifebook AH531 DVD-\u00edr\u00f3 meghajt\u00f3 BLU-RAY ROM &#8211; CP557635-01"},"content":{"rendered":"<p>Friss\u00edtse Fujitsu Lifebook AH531 k\u00e9sz\u00fcl\u00e9k\u00e9t a kiv\u00e1l\u00f3 min\u0151s\u00e9g\u0171 DVD-\u00edr\u00f3 meghajt\u00f3 BLU-RAY ROM-mal, cikksz\u00e1m: CP557635-01. Ez az eredeti term\u00e9k optim\u00e1lis teljes\u00edtm\u00e9nyt \u00e9s kompatibilit\u00e1st biztos\u00edt az \u00d6n k\u00e9sz\u00fcl\u00e9k\u00e9vel. Az eleg\u00e1ns diz\u00e1jn z\u00f6kken\u0151mentesen illeszkedik a laptophoz, jav\u00edtva a funkcionalit\u00e1st \u00e9s az eszt\u00e9tikumot.<\/p>\n<p>A prec\u00edzen megalkotott DVD-\u00edr\u00f3 meghajt\u00f3 z\u00f6kken\u0151mentes \u00e9lm\u00e9nyt garant\u00e1l minden \u00edr\u00e1si \u00e9s olvas\u00e1si ig\u00e9ny\u00e9hez. A kedvenc filmjei megtekint\u00e9s\u00e9t\u0151l a fontos adatok t\u00e1rol\u00e1s\u00e1ig ez a meghajt\u00f3 megb\u00edzhat\u00f3s\u00e1got \u00e9s hat\u00e9konys\u00e1got k\u00edn\u00e1l. Mondjon b\u00facs\u00fat a lass\u00fa olvas\u00e1si\/\u00edr\u00e1si sebess\u00e9gnek, \u00e9s k\u00f6sz\u00f6nj\u00f6n a z\u00f6kken\u0151mentes, zavartalan haszn\u00e1latnak.<\/p>\n<p>A term\u00e9ket bemutat\u00f3 val\u00f3di f\u00e9nyk\u00e9pekkel b\u00edzhat abban, hogy amit l\u00e1tsz, azt kapod. A telep\u00edt\u00e9s gyerekj\u00e1t\u00e9k azok sz\u00e1m\u00e1ra, akik ismerik a laptop alkatr\u00e9szeket. B\u00e1r nem adunk utas\u00edt\u00e1sokat, biztos lehet benne, hogy a seg\u00edts\u00e9g csak egy \u00fczenetre van. Az \u00d6n el\u00e9gedetts\u00e9ge a legfontosabb sz\u00e1munkra, \u00e9s elk\u00f6telezettek vagyunk amellett, hogy term\u00e9keinkkel kapcsolatban pozit\u00edv tapasztalatokat szerezzen. Friss\u00edtse laptopj\u00e1t m\u00e9g ma a Fujitsu Lifebook AH531 sz\u00e1m\u00e1ra k\u00e9sz\u00fclt DVD-\u00edr\u00f3 meghajt\u00f3 BLU-RAY ROM-mal.<\/p>\n","protected":false},"excerpt":{"rendered":"<p>Friss\u00edtse Fujitsu Lifebook AH531 k\u00e9sz\u00fcl\u00e9k\u00e9t ezzel a nagy teljes\u00edtm\u00e9ny\u0171 BLU-RAY ROM DVD-\u00edr\u00f3 meghajt\u00f3val (cikksz\u00e1m: CP557635-01). R\u00e9szletek\u00e9rt tekintse meg a val\u00f3di fot\u00f3kat. K\u00e9szen \u00e1ll arra, hogy laptopj\u00e1t a k\u00f6vetkez\u0151 szintre emelje? B\u00e1rmilyen seg\u00edts\u00e9g\u00e9rt \u00edrj \u00fczenetet.<\/p>\n","protected":false},"featured_media":9357,"template":"","meta":[],"product_brand":[],"product_cat":[27],"product_tag":[28],"class_list":{"0":"post-9289","1":"product","2":"type-product","3":"status-publish","4":"has-post-thumbnail","6":"product_cat-motherboards-board-parts","7":"product_tag-fujitsu","9":"first","10":"instock","11":"taxable","12":"shipping-taxable","13":"purchasable","14":"product-type-simple"},"_links":{"self":[{"href":"https:\/\/boreait.com\/hu\/wp-json\/wp\/v2\/product\/9289","targetHints":{"allow":["GET"]}}],"collection":[{"href":"https:\/\/boreait.com\/hu\/wp-json\/wp\/v2\/product"}],"about":[{"href":"https:\/\/boreait.com\/hu\/wp-json\/wp\/v2\/types\/product"}],"wp:featuredmedia":[{"embeddable":true,"href":"https:\/\/boreait.com\/hu\/wp-json\/wp\/v2\/media\/9357"}],"wp:attachment":[{"href":"https:\/\/boreait.com\/hu\/wp-json\/wp\/v2\/media?parent=9289"}],"wp:term":[{"taxonomy":"product_brand","embeddable":true,"href":"https:\/\/boreait.com\/hu\/wp-json\/wp\/v2\/product_brand?post=9289"},{"taxonomy":"product_cat","embeddable":true,"href":"https:\/\/boreait.com\/hu\/wp-json\/wp\/v2\/product_cat?post=9289"},{"taxonomy":"product_tag","embeddable":true,"href":"https:\/\/boreait.com\/hu\/wp-json\/wp\/v2\/product_tag?post=9289"}],"curies":[{"name":"wp","href":"https:\/\/api.w.org\/{rel}","templated":true}]}}