{"id":9288,"date":"2025-09-17T12:26:37","date_gmt":"2025-09-17T10:26:37","guid":{"rendered":"https:\/\/boreait.com\/hu\/?post_type=product&#038;p=9288"},"modified":"2026-02-04T08:56:42","modified_gmt":"2026-02-04T07:56:42","slug":"eredeti-fujitsu-lifebook-ah531-cp515955-xx-hutoborda-csere","status":"publish","type":"product","link":"https:\/\/boreait.com\/hu\/termek\/eredeti-fujitsu-lifebook-ah531-cp515955-xx-hutoborda-csere\/","title":{"rendered":"Eredeti Fujitsu LifeBook AH531 CP515955-XX h\u0171t\u0151borda csere"},"content":{"rendered":"<p>Alak\u00edtsa \u00e1t Fujitsu Lifebook AH531-\u00e9t ezzel az eredeti h\u0171t\u0151borda-cserealkatr\u00e9szrel, a CP515955-XX CP515955-01 cikksz\u00e1mmal. Ez a t\u00f6k\u00e9letesre kidolgozott h\u0171t\u0151borda optim\u00e1lis h\u0171t\u00e9si teljes\u00edtm\u00e9nyt biztos\u00edt laptopja sz\u00e1m\u00e1ra, lehet\u0151v\u00e9 t\u00e9ve, hogy t\u00falmeleged\u00e9s n\u00e9lk\u00fcl feszegesse a hat\u00e1rait.<\/p>\n<p>A prec\u00edzi\u00f3s tervez\u00e9ssel tervezett h\u0171t\u0151borda t\u00f6k\u00e9letes illeszked\u00e9st \u00e9s probl\u00e9mamentes telep\u00edt\u00e9st garant\u00e1l. B\u00facs\u00fat inthet a h\u0151szab\u00e1lyoz\u00e1snak, \u00e9s \u00e9lvezheti a megszak\u00edt\u00e1s n\u00e9lk\u00fcli teljes\u00edtm\u00e9nyt intenz\u00edv feladatai sor\u00e1n.<\/p>\n<p>Kedves\u00edtse a szem\u00e9t a term\u00e9kr\u0151l k\u00e9sz\u00fclt val\u00f3di f\u00e9nyk\u00e9peken, \u00e9s biztos\u00edtsa, hogy amit l\u00e1t, az pontosan az legyen, amit kap. Ne agg\u00f3djon, ha nem ismeri a laptop alkatr\u00e9szeinek cser\u00e9j\u00e9t; b\u00e1r nem kapunk utas\u00edt\u00e1sokat, a seg\u00edts\u00e9g csak egy \u00fczenetre van.<\/p>\n<p>Fekessen be laptopja hossz\u00fa \u00e9lettartam\u00e1ba, ha erre a kiv\u00e1l\u00f3 min\u0151s\u00e9g\u0171 h\u0171t\u0151bord\u00e1ra v\u00e1lt. Mondjon b\u00facs\u00fat a t\u00falmeleged\u00e9si probl\u00e9m\u00e1knak, \u00e9s \u00fcdv\u00f6z\u00f6lje a g\u00f6rd\u00fcl\u00e9kenyebb, gyorsabb sz\u00e1m\u00edt\u00e1stechnikai \u00e9lm\u00e9nyt. Vedd kezedbe ezt a h\u0171t\u0151bord\u00e1t m\u00e9g ma, \u00e9s futtasd Fujitsu Lifebookod a lehet\u0151 legjobban.<\/p>\n","protected":false},"excerpt":{"rendered":"<p>Friss\u00edtse Fujitsu LifeBook AH531 k\u00e9sz\u00fcl\u00e9k\u00e9t ezzel az eredeti CP515955-XX CP515955-01 h\u0171t\u0151bord\u00e1val. A z\u00f6kken\u0151mentes cser\u00e9re k\u00e9sz\u00fclt h\u0171t\u0151borda optim\u00e1lis teljes\u00edtm\u00e9nyt garant\u00e1l. N\u00e9zze meg a val\u00f3di k\u00e9peket, hogy k\u00f6zelebbr\u0151l is megn\u00e9zze. Seg\u00edts\u00e9g\u00e9rt k\u00fcld\u00f6tt \u00fczenet \u2013 gondoskodtam r\u00f3la!<\/p>\n","protected":false},"featured_media":9348,"template":"","meta":[],"product_brand":[],"product_cat":[33],"product_tag":[28],"class_list":{"0":"post-9288","1":"product","2":"type-product","3":"status-publish","4":"has-post-thumbnail","6":"product_cat-cpu-fans-heatsinks","7":"product_tag-fujitsu","9":"first","10":"instock","11":"taxable","12":"shipping-taxable","13":"purchasable","14":"product-type-simple"},"_links":{"self":[{"href":"https:\/\/boreait.com\/hu\/wp-json\/wp\/v2\/product\/9288","targetHints":{"allow":["GET"]}}],"collection":[{"href":"https:\/\/boreait.com\/hu\/wp-json\/wp\/v2\/product"}],"about":[{"href":"https:\/\/boreait.com\/hu\/wp-json\/wp\/v2\/types\/product"}],"wp:featuredmedia":[{"embeddable":true,"href":"https:\/\/boreait.com\/hu\/wp-json\/wp\/v2\/media\/9348"}],"wp:attachment":[{"href":"https:\/\/boreait.com\/hu\/wp-json\/wp\/v2\/media?parent=9288"}],"wp:term":[{"taxonomy":"product_brand","embeddable":true,"href":"https:\/\/boreait.com\/hu\/wp-json\/wp\/v2\/product_brand?post=9288"},{"taxonomy":"product_cat","embeddable":true,"href":"https:\/\/boreait.com\/hu\/wp-json\/wp\/v2\/product_cat?post=9288"},{"taxonomy":"product_tag","embeddable":true,"href":"https:\/\/boreait.com\/hu\/wp-json\/wp\/v2\/product_tag?post=9288"}],"curies":[{"name":"wp","href":"https:\/\/api.w.org\/{rel}","templated":true}]}}