{"id":9286,"date":"2025-09-17T12:26:36","date_gmt":"2025-09-17T10:26:36","guid":{"rendered":"https:\/\/boreait.com\/hu\/?post_type=product&#038;p=9286"},"modified":"2026-02-04T08:56:07","modified_gmt":"2026-02-04T07:56:07","slug":"fujitsu-lifebook-a531-a512-ah531-usb-aljzatkartya-da0fh5tb6a0-kabellel","status":"publish","type":"product","link":"https:\/\/boreait.com\/hu\/termek\/fujitsu-lifebook-a531-a512-ah531-usb-aljzatkartya-da0fh5tb6a0-kabellel\/","title":{"rendered":"Fujitsu Lifebook A531 A512 AH531 USB aljzatk\u00e1rtya DA0FH5TB6A0 k\u00e1bellel"},"content":{"rendered":"<p>Fokozza Fujitsu Lifebook A531 A512 AH531 funkcionalit\u00e1s\u00e1t ezzel a kiv\u00e1l\u00f3 min\u0151s\u00e9g\u0171 USB-aljzattal. \u00dagy tervezt\u00e9k, hogy megfeleljen a laptopja pontos specifik\u00e1ci\u00f3inak, \u00e9s az egyszer\u0171 telep\u00edt\u00e9s \u00e9rdek\u00e9ben k\u00e1belt kap. A DA0FH5TB6A0 cikksz\u00e1m biztos\u00edtja a kompatibilit\u00e1st, \u00edgy \u00e9lvezheti az \u00f6sszes USB-eszk\u00f6z z\u00f6kken\u0151mentes csatlakoztat\u00e1s\u00e1t.<\/p>\n<p>B\u0151v\u00edtse laptopja USB-portjait a kapcsolat helyre\u00e1ll\u00edt\u00e1sa \u00e9s a hat\u00e9konys\u00e1g jav\u00edt\u00e1sa \u00e9rdek\u00e9ben. Legyen sz\u00f3 f\u00e1jl\u00e1tvitelr\u0151l, perif\u00e9ri\u00e1k csatlakoztat\u00e1s\u00e1r\u00f3l vagy eszk\u00f6z\u00f6k t\u00f6lt\u00e9s\u00e9r\u0151l, ez az USB-aljzatk\u00e1rtya megb\u00edzhat\u00f3 teljes\u00edtm\u00e9nyt ny\u00fajt. Mondjon b\u00facs\u00fat a csatlakoz\u00e1si probl\u00e9m\u00e1knak, \u00e9s \u00fcdv\u00f6zli a z\u00f6kken\u0151mentes felhaszn\u00e1l\u00f3i \u00e9lm\u00e9nyt ezzel az alapvet\u0151 \u00f6sszetev\u0151vel.<\/p>\n<p>Fekessen be laptopja hossz\u00fa \u00e9lettartam\u00e1ba, \u00e9s optimaliz\u00e1lja annak k\u00e9pess\u00e9geit a kifejezetten a Fujitsu Lifebook modellekhez tervezett USB-aljzatk\u00e1rty\u00e1val. Nyugodtan tudhatja, hogy eredeti alkatr\u00e9szt haszn\u00e1l, amely jav\u00edtja k\u00e9sz\u00fcl\u00e9ke teljes\u00edtm\u00e9ny\u00e9t. Friss\u00edtsen m\u00e9g ma, \u00e9s tapasztalja meg a z\u00f6kken\u0151mentes csatlakoztathat\u00f3s\u00e1g ny\u00fajtotta k\u00e9nyelmet ezzel a pr\u00e9mium min\u0151s\u00e9g\u0171 USB-aljzatk\u00e1rty\u00e1val.<\/p>\n","protected":false},"excerpt":{"rendered":"<p>Friss\u00edtse Fujitsu Lifebook A531 A512 AH531 k\u00e9sz\u00fcl\u00e9k\u00e9t ezzel a kiv\u00e1l\u00f3 min\u0151s\u00e9g\u0171 USB-aljzattal. Cser\u00e9lje ki a hib\u00e1s k\u00e1rty\u00e1t a DA0FH5TB6A0 cikksz\u00e1m\u00fa k\u00e1rty\u00e1ra, k\u00e1bellel az egyszer\u0171 telep\u00edt\u00e9s \u00e9rdek\u00e9ben. Ezzel az alapvet\u0151 komponenssel z\u00f6kken\u0151mentesen \u00e9s hat\u00e9konyan m\u0171k\u00f6dhet laptopja.<\/p>\n","protected":false},"featured_media":9346,"template":"","meta":[],"product_brand":[],"product_cat":[27],"product_tag":[28],"class_list":{"0":"post-9286","1":"product","2":"type-product","3":"status-publish","4":"has-post-thumbnail","6":"product_cat-motherboards-board-parts","7":"product_tag-fujitsu","9":"first","10":"instock","11":"taxable","12":"shipping-taxable","13":"purchasable","14":"product-type-simple"},"_links":{"self":[{"href":"https:\/\/boreait.com\/hu\/wp-json\/wp\/v2\/product\/9286","targetHints":{"allow":["GET"]}}],"collection":[{"href":"https:\/\/boreait.com\/hu\/wp-json\/wp\/v2\/product"}],"about":[{"href":"https:\/\/boreait.com\/hu\/wp-json\/wp\/v2\/types\/product"}],"wp:featuredmedia":[{"embeddable":true,"href":"https:\/\/boreait.com\/hu\/wp-json\/wp\/v2\/media\/9346"}],"wp:attachment":[{"href":"https:\/\/boreait.com\/hu\/wp-json\/wp\/v2\/media?parent=9286"}],"wp:term":[{"taxonomy":"product_brand","embeddable":true,"href":"https:\/\/boreait.com\/hu\/wp-json\/wp\/v2\/product_brand?post=9286"},{"taxonomy":"product_cat","embeddable":true,"href":"https:\/\/boreait.com\/hu\/wp-json\/wp\/v2\/product_cat?post=9286"},{"taxonomy":"product_tag","embeddable":true,"href":"https:\/\/boreait.com\/hu\/wp-json\/wp\/v2\/product_tag?post=9286"}],"curies":[{"name":"wp","href":"https:\/\/api.w.org\/{rel}","templated":true}]}}