{"id":9276,"date":"2025-09-17T12:26:14","date_gmt":"2025-09-17T10:26:14","guid":{"rendered":"https:\/\/boreait.com\/hu\/?post_type=product&#038;p=9276"},"modified":"2026-02-04T08:55:52","modified_gmt":"2026-02-04T07:55:52","slug":"fujitsu-lifebook-ah531-belso-laptop-hangszorok-20crfe-1-eredeti","status":"publish","type":"product","link":"https:\/\/boreait.com\/hu\/termek\/fujitsu-lifebook-ah531-belso-laptop-hangszorok-20crfe-1-eredeti\/","title":{"rendered":"Fujitsu LIFEBOOK AH531 bels\u0151 laptop hangsz\u00f3r\u00f3k &#8211; 20CRFE-1 eredeti"},"content":{"rendered":"<p>Mer\u00fclj\u00f6n el a krist\u00e1lytiszta hangz\u00e1s vil\u00e1g\u00e1ban a Fujitsu LIFEBOOK AH531 bal jobb bels\u0151 laptop hangsz\u00f3r\u00f3ival. N\u00f6velje hang\u00e9lm\u00e9ny\u00e9t ezekkel az eredeti 20CRFE-1 hangsz\u00f3r\u00f3kkal, amelyeket kifejezetten a Fujitsu LIFEBOOK AH531-hez terveztek. Ak\u00e1r zen\u00e9t streamel, ak\u00e1r filmeket n\u00e9z, ak\u00e1r videokonferenci\u00e1t tart, ezek a hangsz\u00f3r\u00f3k gazdag, mag\u00e1val ragad\u00f3 hangmin\u0151s\u00e9get biztos\u00edtanak, amely \u00e9letre kelti a tartalmat.<\/p>\n<p>Friss\u00edtse laptopja audiorendszer\u00e9t ezekkel a kiv\u00e1l\u00f3 min\u0151s\u00e9g\u0171 bels\u0151 hangsz\u00f3r\u00f3kkal, amelyek k\u00f6nnyen telep\u00edthet\u0151k \u00e9s z\u00f6kken\u0151mentesen integr\u00e1lhat\u00f3k az eszk\u00f6zbe. \u00c9lvezze a torz\u00edt\u00e1smentes hangz\u00e1st \u00e9s a m\u00e9ly basszushangokat az igaz\u00e1n mag\u00e1val ragad\u00f3 hallgat\u00e1si \u00e9lm\u00e9ny \u00e9rdek\u00e9ben. Mondjon b\u00facs\u00fat a tompa hangnak \u00e9s a par\u00e1nyi hangmin\u0151s\u00e9gnek \u2013 ezek a hangsz\u00f3r\u00f3k biztos\u00edtj\u00e1k, hogy minden hangot \u00e9s \u00fctemet pontosan halljanak.<\/p>\n<p>A tart\u00f3ss\u00e1gra \u00e9s hossz\u00fa \u00e9lettartamra tervezett eredeti Fujitsu hangsz\u00f3r\u00f3k tart\u00f3sak. Biztos lehet benne, hogy egy olyan cs\u00facsmin\u0151s\u00e9g\u0171 audiomegold\u00e1sba fektet be, amely az elk\u00f6vetkez\u0151 \u00e9vekben fokozza multim\u00e9di\u00e1s \u00e9lm\u00e9ny\u00e9t. Alak\u00edtsa \u00e1t laptopj\u00e1t egy nagy teljes\u00edtm\u00e9ny\u0171 sz\u00f3rakoztat\u00f3 k\u00f6zpontt\u00e1 a Fujitsu LIFEBOOK AH531 bal jobb oldali bels\u0151 laptop hangsz\u00f3r\u00f3ival \u2013 ez az \u00d6n kapuja a kiv\u00e1l\u00f3 hangz\u00e1shoz.<\/p>\n","protected":false},"excerpt":{"rendered":"<p>Mer\u00fclj\u00f6n el a krist\u00e1lytiszta hangz\u00e1sban ezekkel az eredeti Fujitsu LIFEBOOK AH531 bal jobb bels\u0151 laptop hangsz\u00f3r\u00f3kkal. N\u00f6velje hang\u00e9lm\u00e9ny\u00e9t, \u00e9s \u00e9lvezzen minden \u00fctemet pontosan \u00e9s tiszt\u00e1n. Friss\u00edtse laptopja hangrendszer\u00e9t ezekkel a kiv\u00e1l\u00f3 min\u0151s\u00e9g\u0171 hangsz\u00f3r\u00f3kkal a jobb zenei \u00e9lm\u00e9ny \u00e9rdek\u00e9ben.<\/p>\n","protected":false},"featured_media":9345,"template":"","meta":[],"product_brand":[],"product_cat":[18],"product_tag":[28],"class_list":{"0":"post-9276","1":"product","2":"type-product","3":"status-publish","4":"has-post-thumbnail","6":"product_cat-laptop-speakers","7":"product_tag-fujitsu","9":"first","10":"instock","11":"taxable","12":"shipping-taxable","13":"purchasable","14":"product-type-simple"},"_links":{"self":[{"href":"https:\/\/boreait.com\/hu\/wp-json\/wp\/v2\/product\/9276","targetHints":{"allow":["GET"]}}],"collection":[{"href":"https:\/\/boreait.com\/hu\/wp-json\/wp\/v2\/product"}],"about":[{"href":"https:\/\/boreait.com\/hu\/wp-json\/wp\/v2\/types\/product"}],"wp:featuredmedia":[{"embeddable":true,"href":"https:\/\/boreait.com\/hu\/wp-json\/wp\/v2\/media\/9345"}],"wp:attachment":[{"href":"https:\/\/boreait.com\/hu\/wp-json\/wp\/v2\/media?parent=9276"}],"wp:term":[{"taxonomy":"product_brand","embeddable":true,"href":"https:\/\/boreait.com\/hu\/wp-json\/wp\/v2\/product_brand?post=9276"},{"taxonomy":"product_cat","embeddable":true,"href":"https:\/\/boreait.com\/hu\/wp-json\/wp\/v2\/product_cat?post=9276"},{"taxonomy":"product_tag","embeddable":true,"href":"https:\/\/boreait.com\/hu\/wp-json\/wp\/v2\/product_tag?post=9276"}],"curies":[{"name":"wp","href":"https:\/\/api.w.org\/{rel}","templated":true}]}}