{"id":9275,"date":"2025-09-17T12:26:14","date_gmt":"2025-09-17T10:26:14","guid":{"rendered":"https:\/\/boreait.com\/hu\/?post_type=product&#038;p=9275"},"modified":"2026-02-04T08:55:29","modified_gmt":"2026-02-04T07:55:29","slug":"fujitsu-lifebook-a512-ah512-a531-ah531-bekapcsologomb-kartya-da0fh5pi6e0-kabellel","status":"publish","type":"product","link":"https:\/\/boreait.com\/hu\/termek\/fujitsu-lifebook-a512-ah512-a531-ah531-bekapcsologomb-kartya-da0fh5pi6e0-kabellel\/","title":{"rendered":"Fujitsu LifeBook A512 AH512 A531 AH531 bekapcsol\u00f3gomb k\u00e1rtya DA0FH5PI6E0 k\u00e1bellel"},"content":{"rendered":"<p>Keltse \u00faj \u00e9letre Fujitsu LifeBook A512 AH512 A531 AH531 k\u00e9sz\u00fcl\u00e9k\u00e9t ezzel a pr\u00e9mium bekapcsol\u00f3gomb-k\u00e1rty\u00e1val. A t\u00f6k\u00e9letesre tervezett t\u00e1bl\u00e1hoz k\u00e1bel tartozik az egyszer\u0171 telep\u00edt\u00e9s \u00e9rdek\u00e9ben, amely biztos\u00edtja a z\u00f6kken\u0151mentes m\u0171k\u00f6d\u00e9st. Cser\u00e9lje ki r\u00e9gi vagy hib\u00e1s k\u00e1rty\u00e1j\u00e1t a DA0FH5PI6E0 cikksz\u00e1m\u00fa k\u00e1rty\u00e1ra, \u00e9s tapasztalja meg, hogy a bekapcsol\u00f3gomb soha nem l\u00e1tott z\u00f6kken\u0151mentesen m\u0171k\u00f6dik. Kiv\u00e1l\u00f3 min\u0151s\u00e9g\u0171 anyagokb\u00f3l k\u00e9sz\u00fclt, ez a t\u00e1bla garant\u00e1lja a tart\u00f3ss\u00e1got \u00e9s a hossz\u00fa \u00e9lettartamot. Mondjon b\u00facs\u00fat a bekapcsol\u00f3gombokkal kapcsolatos probl\u00e9m\u00e1knak, \u00e9s \u00fcdv\u00f6z\u00f6lje a probl\u00e9mamentes haszn\u00e1lhat\u00f3s\u00e1got ezzel a kiv\u00e1l\u00f3 cserek\u00e1rty\u00e1val. Friss\u00edtse laptopj\u00e1t k\u00f6nnyed\u00e9n, \u00e9s \u00e9lvezze a teljesen m\u0171k\u00f6d\u0151k\u00e9pes bekapcsol\u00f3gomb ny\u00fajtotta k\u00e9nyelmet. B\u00edzzon ebben a bekapcsol\u00f3gomb-k\u00e1rty\u00e1ban, hogy vissza\u00e1ll\u00edtsa a teljes\u00edtm\u00e9nyszab\u00e1lyoz\u00e1st, amelyre a sz\u00e1m\u00edt\u00f3g\u00e9pes \u00e9lm\u00e9ny fokoz\u00e1s\u00e1hoz sz\u00fcks\u00e9ge van.<\/p>\n","protected":false},"excerpt":{"rendered":"<p>Keltse vissza az \u00e9letet Fujitsu LifeBook A512 AH512 A531 AH531 k\u00e9sz\u00fcl\u00e9k\u00e9be ezzel a bekapcsol\u00f3gombos k\u00e1rty\u00e1val. A prec\u00edzi\u00f3s tervez\u00e9s\u0171 \u00e9s k\u00e1bellel ell\u00e1tott k\u00e1rtya (cikksz\u00e1m: DA0FH5PI6E0) biztos\u00edtja a bekapcsol\u00f3gomb z\u00f6kken\u0151mentes m\u0171k\u00f6d\u00e9s\u00e9t az eszk\u00f6z sz\u00e1m\u00e1ra. Mondjon b\u00facs\u00fat az \u00e1ramell\u00e1t\u00e1si probl\u00e9m\u00e1knak, \u00e9s \u00fcdv\u00f6z\u00f6lje a megszak\u00edt\u00e1s n\u00e9lk\u00fcli teljes\u00edtm\u00e9nyt.<\/p>\n","protected":false},"featured_media":9343,"template":"","meta":[],"product_brand":[],"product_cat":[27],"product_tag":[28],"class_list":{"0":"post-9275","1":"product","2":"type-product","3":"status-publish","4":"has-post-thumbnail","6":"product_cat-motherboards-board-parts","7":"product_tag-fujitsu","9":"first","10":"instock","11":"taxable","12":"shipping-taxable","13":"purchasable","14":"product-type-simple"},"_links":{"self":[{"href":"https:\/\/boreait.com\/hu\/wp-json\/wp\/v2\/product\/9275","targetHints":{"allow":["GET"]}}],"collection":[{"href":"https:\/\/boreait.com\/hu\/wp-json\/wp\/v2\/product"}],"about":[{"href":"https:\/\/boreait.com\/hu\/wp-json\/wp\/v2\/types\/product"}],"wp:featuredmedia":[{"embeddable":true,"href":"https:\/\/boreait.com\/hu\/wp-json\/wp\/v2\/media\/9343"}],"wp:attachment":[{"href":"https:\/\/boreait.com\/hu\/wp-json\/wp\/v2\/media?parent=9275"}],"wp:term":[{"taxonomy":"product_brand","embeddable":true,"href":"https:\/\/boreait.com\/hu\/wp-json\/wp\/v2\/product_brand?post=9275"},{"taxonomy":"product_cat","embeddable":true,"href":"https:\/\/boreait.com\/hu\/wp-json\/wp\/v2\/product_cat?post=9275"},{"taxonomy":"product_tag","embeddable":true,"href":"https:\/\/boreait.com\/hu\/wp-json\/wp\/v2\/product_tag?post=9275"}],"curies":[{"name":"wp","href":"https:\/\/api.w.org\/{rel}","templated":true}]}}