{"id":9274,"date":"2025-09-17T12:26:13","date_gmt":"2025-09-17T10:26:13","guid":{"rendered":"https:\/\/boreait.com\/hu\/?post_type=product&#038;p=9274"},"modified":"2026-02-04T08:52:05","modified_gmt":"2026-02-04T07:52:05","slug":"intel-centrino-wireless-n-1030-11230bnhmw-wifi-kartya-fujitsu-lifebook-ah531-hez","status":"publish","type":"product","link":"https:\/\/boreait.com\/hu\/termek\/intel-centrino-wireless-n-1030-11230bnhmw-wifi-kartya-fujitsu-lifebook-ah531-hez\/","title":{"rendered":"Intel Centrino Wireless-N 1030 11230BNHMW WiFi k\u00e1rtya Fujitsu Lifebook AH531-hez"},"content":{"rendered":"<p>Friss\u00edtse Fujitsu Lifebook AH531 k\u00e9sz\u00fcl\u00e9k\u00e9t az Intel Centrino Wireless-N 1030 11230BNHMW WiFi k\u00e1rty\u00e1val a vill\u00e1mgyors csatlakoz\u00e1s \u00e9rdek\u00e9ben. Tapasztalja meg a z\u00f6kken\u0151mentes b\u00f6ng\u00e9sz\u00e9st, streamel\u00e9st \u00e9s let\u00f6lt\u00e9st a 802.11n technol\u00f3gia erej\u00e9vel, ami egy karny\u00fajt\u00e1snyira van. Mondjon b\u00facs\u00fat a lemarad\u00f3 internetsebess\u00e9gnek, \u00e9s \u00e9lvezze a sim\u00e1bb online \u00e9lm\u00e9nyt ezzel a nagy teljes\u00edtm\u00e9ny\u0171 WiFi-k\u00e1rty\u00e1val.<\/p>\n<p>Az egyszer\u0171 telep\u00edt\u00e9snek \u00e9s a Fujitsu Lifebook AH531-gyel val\u00f3 kompatibilit\u00e1snak k\u00f6sz\u00f6nhet\u0151en ez a WiFi k\u00e1rtya k\u00f6telez\u0151 darab mindenki sz\u00e1m\u00e1ra, aki b\u0151v\u00edteni szeretn\u00e9 eszk\u00f6ze kapcsol\u00f3d\u00e1si k\u00e9pess\u00e9geit. Streamelje kedvenc filmjeit HD min\u0151s\u00e9gben, videocsevegjen bar\u00e1taival \u00e9s csal\u00e1dj\u00e1val megszak\u00edt\u00e1s n\u00e9lk\u00fcl, \u00e9s \u00e9lvezze az online j\u00e1t\u00e9kokat minim\u00e1lis k\u00e9sleltet\u00e9ssel. Maradjon kapcsolatban \u00fatk\u00f6zben, \u00e9s soha ne maradjon le az Intel Centrino Wireless-N 1030 11230BNHMW WiFi k\u00e1rty\u00e1val.<\/p>\n<p>Ne hagyja, hogy a lass\u00fa internet visszatartson \u2013 friss\u00edtsen Intel Centrino Wireless-N 1030 11230BNHMW WiFi k\u00e1rty\u00e1ra m\u00e9g ma, \u00e9s emelje \u00faj magass\u00e1gokba online \u00e9lm\u00e9ny\u00e9t.<\/p>\n","protected":false},"excerpt":{"rendered":"<p>Fokozza kapcsolat\u00e1t az Intel Centrino Wireless-N 1030 11230BNHMW WiFi k\u00e1rty\u00e1val. A Fujitsu Lifebook AH531-hez tervezett 802.11n k\u00e1rtya z\u00f6kken\u0151mentes \u00e9s gyors vezet\u00e9k n\u00e9lk\u00fcli teljes\u00edtm\u00e9nyt biztos\u00edt. Maradjon kapcsolatban, b\u00e1rhov\u00e1 is megy ezzel a megb\u00edzhat\u00f3 \u00e9s kiv\u00e1l\u00f3 min\u0151s\u00e9g\u0171 WiFi-friss\u00edt\u00e9ssel.<\/p>\n","protected":false},"featured_media":9341,"template":"","meta":[],"product_brand":[],"product_cat":[27],"product_tag":[79],"class_list":{"0":"post-9274","1":"product","2":"type-product","3":"status-publish","4":"has-post-thumbnail","6":"product_cat-motherboards-board-parts","7":"product_tag-intel","9":"first","10":"instock","11":"taxable","12":"shipping-taxable","13":"purchasable","14":"product-type-simple"},"_links":{"self":[{"href":"https:\/\/boreait.com\/hu\/wp-json\/wp\/v2\/product\/9274","targetHints":{"allow":["GET"]}}],"collection":[{"href":"https:\/\/boreait.com\/hu\/wp-json\/wp\/v2\/product"}],"about":[{"href":"https:\/\/boreait.com\/hu\/wp-json\/wp\/v2\/types\/product"}],"wp:featuredmedia":[{"embeddable":true,"href":"https:\/\/boreait.com\/hu\/wp-json\/wp\/v2\/media\/9341"}],"wp:attachment":[{"href":"https:\/\/boreait.com\/hu\/wp-json\/wp\/v2\/media?parent=9274"}],"wp:term":[{"taxonomy":"product_brand","embeddable":true,"href":"https:\/\/boreait.com\/hu\/wp-json\/wp\/v2\/product_brand?post=9274"},{"taxonomy":"product_cat","embeddable":true,"href":"https:\/\/boreait.com\/hu\/wp-json\/wp\/v2\/product_cat?post=9274"},{"taxonomy":"product_tag","embeddable":true,"href":"https:\/\/boreait.com\/hu\/wp-json\/wp\/v2\/product_tag?post=9274"}],"curies":[{"name":"wp","href":"https:\/\/api.w.org\/{rel}","templated":true}]}}