{"id":9273,"date":"2025-09-17T12:26:13","date_gmt":"2025-09-17T10:26:13","guid":{"rendered":"https:\/\/boreait.com\/hu\/?post_type=product&#038;p=9273"},"modified":"2026-02-04T08:51:46","modified_gmt":"2026-02-04T07:51:46","slug":"fujitsu-lifebook-ah530-a530-a512-ah512-ah531-dc-tapcsatlakozo-cserecsatlakozo","status":"publish","type":"product","link":"https:\/\/boreait.com\/hu\/termek\/fujitsu-lifebook-ah530-a530-a512-ah512-ah531-dc-tapcsatlakozo-cserecsatlakozo\/","title":{"rendered":"Fujitsu Lifebook AH530 A530 A512 AH512 AH531 DC t\u00e1pcsatlakoz\u00f3 cserecsatlakoz\u00f3"},"content":{"rendered":"<p>Er\u0151s\u00edtse meg Fujitsu Lifebook AH530 A530 A512 AH512 AH531 k\u00e9sz\u00fcl\u00e9k\u00e9t ezzel a kiv\u00e1l\u00f3 min\u0151s\u00e9g\u0171 DC t\u00e1pcsatlakoz\u00f3val. Mondjon b\u00facs\u00fat a t\u00f6lt\u00e9si probl\u00e9m\u00e1knak, \u00e9s \u00e1ll\u00edtsa vissza laptopja teljes funkcionalit\u00e1s\u00e1t ezzel a megb\u00edzhat\u00f3 cserealkatr\u00e9szsel. Az eredeti specifik\u00e1ci\u00f3knak megfelel\u0151en tervezett DC Power Jack t\u00f6k\u00e9letes illeszked\u00e9st \u00e9s z\u00f6kken\u0151mentes integr\u00e1ci\u00f3t biztos\u00edt az eszk\u00f6zzel.<\/p>\n<p>A tart\u00f3ss\u00e1got szem el\u0151tt tartva k\u00e9sz\u00fclt, ezt az egyen\u00e1ram\u00fa t\u00e1pcsatlakoz\u00f3t \u00fagy tervezt\u00e9k, hogy ellen\u00e1lljon a napi kop\u00e1snak, \u00e9s hosszan tart\u00f3 teljes\u00edtm\u00e9nyt ny\u00fajtson. A telep\u00edt\u00e9s gyerekj\u00e1t\u00e9k, lehet\u0151v\u00e9 t\u00e9ve a r\u00e9gi vagy s\u00e9r\u00fclt t\u00e1pcsatlakoz\u00f3 gyors \u00e9s egyszer\u0171, probl\u00e9mamentes cser\u00e9j\u00e9t. Ezzel az alapvet\u0151 komponenssel megszak\u00edt\u00e1s n\u00e9lk\u00fcl t\u00e9rhet vissza a munk\u00e1hoz vagy a j\u00e1t\u00e9khoz.<\/p>\n<p>Ne hagyja, hogy egy hib\u00e1s t\u00e1pcsatlakoz\u00f3 visszatartson. Fektessen be ebbe a kiv\u00e1l\u00f3 cserealkatr\u00e9szbe, \u00e9s \u00e9lvezze a z\u00f6kken\u0151mentes t\u00f6lt\u00e9si \u00e9lm\u00e9nyt. Legyen sz\u00f3 ak\u00e1r \u00fatk\u00f6zben j\u00e1r\u00f3 profir\u00f3l, ak\u00e1r di\u00e1kr\u00f3l, akinek be kell tartania a hat\u00e1rid\u0151ket, ez az egyen\u00e1ram\u00fa t\u00e1pcsatlakoz\u00f3 elengedhetetlen kell\u00e9ke a Fujitsu Lifebook z\u00f6kken\u0151mentes m\u0171k\u00f6d\u00e9s\u00e9hez. Friss\u00edtse laptopj\u00e1t m\u00e9g ma, \u00e9s tapasztalja meg a k\u00fcl\u00f6nbs\u00e9get!<\/p>\n","protected":false},"excerpt":{"rendered":"<p>T\u00f6ltse fel Fujitsu Lifebook AH530, A530, A512, AH512 \u00e9s AH531 k\u00e9sz\u00fcl\u00e9k\u00e9t ezzel a kiv\u00e1l\u00f3 min\u0151s\u00e9g\u0171 DC t\u00e1pcsatlakoz\u00f3val. Mondjon b\u00facs\u00fat a t\u00f6lt\u00e9si probl\u00e9m\u00e1knak, \u00e9s tartsa a laptop z\u00f6kken\u0151mentes m\u0171k\u00f6d\u00e9s\u00e9t. K\u00f6nnyen telep\u00edthet\u0151 \u00e9s tart\u00f3s, ez a t\u00e1pcsatlakoz\u00f3 megb\u00edzhat\u00f3 csatlakoz\u00e1st biztos\u00edt a megszak\u00edt\u00e1s n\u00e9lk\u00fcli teljes\u00edtm\u00e9ny \u00e9rdek\u00e9ben. Szerezze be a mag\u00e1\u00e9t, \u00e9s \u00e9lvezze a probl\u00e9mamentes t\u00f6lt\u00e9st \u00fatk\u00f6zben!<\/p>\n","protected":false},"featured_media":9340,"template":"","meta":[],"product_brand":[],"product_cat":[20],"product_tag":[28],"class_list":{"0":"post-9273","1":"product","2":"type-product","3":"status-publish","4":"has-post-thumbnail","6":"product_cat-cables","7":"product_tag-fujitsu","9":"first","10":"instock","11":"taxable","12":"shipping-taxable","13":"purchasable","14":"product-type-simple"},"_links":{"self":[{"href":"https:\/\/boreait.com\/hu\/wp-json\/wp\/v2\/product\/9273","targetHints":{"allow":["GET"]}}],"collection":[{"href":"https:\/\/boreait.com\/hu\/wp-json\/wp\/v2\/product"}],"about":[{"href":"https:\/\/boreait.com\/hu\/wp-json\/wp\/v2\/types\/product"}],"wp:featuredmedia":[{"embeddable":true,"href":"https:\/\/boreait.com\/hu\/wp-json\/wp\/v2\/media\/9340"}],"wp:attachment":[{"href":"https:\/\/boreait.com\/hu\/wp-json\/wp\/v2\/media?parent=9273"}],"wp:term":[{"taxonomy":"product_brand","embeddable":true,"href":"https:\/\/boreait.com\/hu\/wp-json\/wp\/v2\/product_brand?post=9273"},{"taxonomy":"product_cat","embeddable":true,"href":"https:\/\/boreait.com\/hu\/wp-json\/wp\/v2\/product_cat?post=9273"},{"taxonomy":"product_tag","embeddable":true,"href":"https:\/\/boreait.com\/hu\/wp-json\/wp\/v2\/product_tag?post=9273"}],"curies":[{"name":"wp","href":"https:\/\/api.w.org\/{rel}","templated":true}]}}