{"id":9272,"date":"2025-09-17T12:26:13","date_gmt":"2025-09-17T10:26:13","guid":{"rendered":"https:\/\/boreait.com\/hu\/?post_type=product&#038;p=9272"},"modified":"2026-02-11T10:09:23","modified_gmt":"2026-02-11T09:09:23","slug":"samsung-m471b5273ch0-ch9-4gb-ddr3-ram-fujitsu-lifebook-ah531-hez","status":"publish","type":"product","link":"https:\/\/boreait.com\/hu\/termek\/samsung-m471b5273ch0-ch9-4gb-ddr3-ram-fujitsu-lifebook-ah531-hez\/","title":{"rendered":"Samsung M471B5273CH0-CH9 4GB DDR3 ram Fujitsu Lifebook AH531-hez"},"content":{"rendered":"<p>Friss\u00edtse Fujitsu Lifebook AH531 k\u00e9sz\u00fcl\u00e9k\u00e9t ezzel a nagy teljes\u00edtm\u00e9ny\u0171, 4 GB 2Rx8 PC3-10600S-09-10-F2 Samsung DDR3 RAM-mal. N\u00f6velje laptopja sebess\u00e9g\u00e9t \u00e9s t\u00f6bbfeladatos k\u00e9pess\u00e9geit ezzel a megb\u00edzhat\u00f3 mem\u00f3riamodullal. Az M471B5273CH0-CH9 RAM kompatibilit\u00e1s\u00e1r\u00f3l \u00e9s hat\u00e9konys\u00e1g\u00e1r\u00f3l ismert, z\u00f6kken\u0151mentes sz\u00e1m\u00edt\u00e1stechnikai \u00e9lm\u00e9nyt biztos\u00edtva.<\/p>\n<p>Tapasztalja meg az alkalmaz\u00e1sok g\u00f6rd\u00fcl\u00e9kenyebb bet\u00f6lt\u00e9s\u00e9t \u00e9s gyorsabb adat\u00e1tviteli sebess\u00e9get ezzel a cs\u00facsmin\u0151s\u00e9g\u0171 RAM-b\u0151v\u00edt\u00e9ssel. Ak\u00e1r professzion\u00e1lis, aki er\u0151forr\u00e1s-ig\u00e9nyes programokat kell futtatnia, ak\u00e1r h\u00e9tk\u00f6znapi felhaszn\u00e1l\u00f3, aki egy egyszer\u0171bb rendszert keres, ez a DDR3 RAM a t\u00f6k\u00e9letes megold\u00e1s. Mondjon b\u00facs\u00fat a lemarad\u00e1snak \u00e9s a lefagy\u00e1snak ezzel a mem\u00f3riamodullal.<\/p>\n<p>A RAM telep\u00edt\u00e9se gyerekj\u00e1t\u00e9k, \u00edgy a Fujitsu Lifebook AH531 probl\u00e9mamentes friss\u00edt\u00e9se. Egyszer\u0171en csatlakoztassa, \u00e9s m\u00e1r mehet is. B\u00edzzon a Samsung h\u00edrnev\u00e9ben a min\u0151s\u00e9g \u00e9s a teljes\u00edtm\u00e9ny ter\u00e9n, ha az M471B5273CH0-CH9 RAM-ot v\u00e1lasztja laptopj\u00e1hoz. N\u00f6velje termel\u00e9kenys\u00e9g\u00e9t \u00e9s \u00e1ltal\u00e1nos sz\u00e1m\u00edt\u00e1si \u00e9lm\u00e9ny\u00e9t m\u00e9g ma ezzel a megb\u00edzhat\u00f3 DDR3 RAM-b\u0151v\u00edt\u00e9ssel.<\/p>\n","protected":false},"excerpt":{"rendered":"<p>N\u00f6velje Fujitsu Lifebook AH531 teljes\u00edtm\u00e9ny\u00e9t ezzel a kiv\u00e1l\u00f3 min\u0151s\u00e9g\u0171 Samsung DDR3 RAM-mal. B\u0151v\u00edtsen 4 GB 2Rx8 PC3-10600S-09-10-F2-re a z\u00f6kken\u0151mentes t\u00f6bbfeladatos munkav\u00e9gz\u00e9s \u00e9s a gyors m\u0171veletek \u00e9rdek\u00e9ben. Mondjon b\u00facs\u00fat a k\u00e9sleltet\u00e9snek, \u00e9s \u00fcdv\u00f6z\u00f6lje a g\u00f6rd\u00fcl\u00e9keny sz\u00e1m\u00edt\u00e1stechnik\u00e1t ezzel a megb\u00edzhat\u00f3 mem\u00f3riab\u0151v\u00edt\u00e9ssel. A Fujitsu Lifebook AH531-gyel kompatibilis M471B5273CH0-CH9 RAM modul elengedhetetlen a nagy teljes\u00edtm\u00e9ny\u0171 felhaszn\u00e1l\u00f3k sz\u00e1m\u00e1ra.<\/p>\n","protected":false},"featured_media":9339,"template":"","meta":[],"product_brand":[],"product_cat":[37,36],"product_tag":[60],"class_list":{"0":"post-9272","1":"product","2":"type-product","3":"status-publish","4":"has-post-thumbnail","6":"product_cat-ddr3-ddr3l","7":"product_cat-ram-memory","8":"product_tag-samsung","10":"first","11":"instock","12":"taxable","13":"shipping-taxable","14":"purchasable","15":"product-type-simple"},"_links":{"self":[{"href":"https:\/\/boreait.com\/hu\/wp-json\/wp\/v2\/product\/9272","targetHints":{"allow":["GET"]}}],"collection":[{"href":"https:\/\/boreait.com\/hu\/wp-json\/wp\/v2\/product"}],"about":[{"href":"https:\/\/boreait.com\/hu\/wp-json\/wp\/v2\/types\/product"}],"wp:featuredmedia":[{"embeddable":true,"href":"https:\/\/boreait.com\/hu\/wp-json\/wp\/v2\/media\/9339"}],"wp:attachment":[{"href":"https:\/\/boreait.com\/hu\/wp-json\/wp\/v2\/media?parent=9272"}],"wp:term":[{"taxonomy":"product_brand","embeddable":true,"href":"https:\/\/boreait.com\/hu\/wp-json\/wp\/v2\/product_brand?post=9272"},{"taxonomy":"product_cat","embeddable":true,"href":"https:\/\/boreait.com\/hu\/wp-json\/wp\/v2\/product_cat?post=9272"},{"taxonomy":"product_tag","embeddable":true,"href":"https:\/\/boreait.com\/hu\/wp-json\/wp\/v2\/product_tag?post=9272"}],"curies":[{"name":"wp","href":"https:\/\/api.w.org\/{rel}","templated":true}]}}