{"id":9271,"date":"2025-09-17T12:26:13","date_gmt":"2025-09-17T10:26:13","guid":{"rendered":"https:\/\/boreait.com\/hu\/?post_type=product&#038;p=9271"},"modified":"2026-02-04T08:51:19","modified_gmt":"2026-02-04T07:51:19","slug":"fujitsu-lifebook-ah531-a512-ah512-lcd-kepernyo-kabel-dd0fh5lc030-cp515968-01","status":"publish","type":"product","link":"https:\/\/boreait.com\/hu\/termek\/fujitsu-lifebook-ah531-a512-ah512-lcd-kepernyo-kabel-dd0fh5lc030-cp515968-01\/","title":{"rendered":"Fujitsu Lifebook AH531 A512 AH512 LCD k\u00e9perny\u0151 k\u00e1bel DD0FH5LC030 CP515968-01"},"content":{"rendered":"<p>Friss\u00edtse Fujitsu Lifebook AH531 A512 AH512 k\u00e9sz\u00fcl\u00e9k\u00e9t ezzel a kiv\u00e1l\u00f3 min\u0151s\u00e9g\u0171 LCD-k\u00e9perny\u0151s k\u00e1bellel. Ez a k\u00e1bel (cikksz\u00e1m: CP515968-01) \u00e9les \u00e9s tiszta kijelz\u0151t biztos\u00edt, \u00e9s t\u00f6k\u00e9letesen helyettes\u00edti a s\u00e9r\u00fclt vagy hib\u00e1s k\u00e1belt. Mondjon b\u00facs\u00fat a villog\u00f3 k\u00e9perny\u0151knek vagy a rossz k\u00e9pmin\u0151s\u00e9gnek, \u00e9s \u00e9lvezze a z\u00f6kken\u0151mentes megtekint\u00e9si \u00e9lm\u00e9nyt.<\/p>\n<p>A pontoss\u00e1g \u00e9s a tart\u00f3ss\u00e1g szem el\u0151tt tart\u00e1s\u00e1val k\u00e9sz\u00fclt ez a LED LCD-k\u00e9perny\u0151s k\u00e1bel (cikksz\u00e1m: DD0FH5LC030) biztons\u00e1gos \u00e9s stabil kapcsolatot biztos\u00edt a k\u00e9perny\u0151 \u00e9s az alaplap k\u00f6z\u00f6tt. Biztos lehet benne, hogy laptopja kijelz\u0151je hib\u00e1tlanul fog m\u0171k\u00f6dni, ak\u00e1rcsak az \u00faj. Egyszer\u0171en plug and play, nincs sz\u00fcks\u00e9g m\u0171szaki szak\u00e9rtelemre!<\/p>\n<p>Tapasztalja meg a leny\u0171g\u00f6z\u0151 l\u00e1tv\u00e1nyt \u00e9s az \u00e9l\u00e9nk sz\u00edneket, mint m\u00e9g soha ezzel az LCD-k\u00e9perny\u0151s k\u00e1bellel. Ak\u00e1r fontos projekteken dolgozik, ak\u00e1r filmeket n\u00e9z, ak\u00e1r j\u00e1tszik, ez a k\u00e1bel jav\u00edtja az \u00e1ltal\u00e1nos megtekint\u00e9si \u00e9lm\u00e9nyt. Ne el\u00e9gedjen meg kevesebbel, mint a kiv\u00e1l\u00f3 min\u0151s\u00e9ggel \u2013 friss\u00edtse laptopj\u00e1t ezzel az LCD-k\u00e9perny\u0151s k\u00e1bellel m\u00e9g ma!<\/p>\n","protected":false},"excerpt":{"rendered":"<p>\u00daj\u00edtsa fel Fujitsu Lifebook AH531 A512 AH512 k\u00e9sz\u00fcl\u00e9k\u00e9t ezzel a kiv\u00e1l\u00f3 min\u0151s\u00e9g\u0171 LCD-k\u00e9perny\u0151s k\u00e1bellel. A CP515968-01 cikksz\u00e1mmal kompatibilis ez a DD0FH5LC030 cikksz\u00e1m\u00fa k\u00e1bel z\u00f6kken\u0151mentes csatlakoz\u00e1st biztos\u00edt a kiv\u00e9teles megjelen\u00edt\u00e9si teljes\u00edtm\u00e9ny \u00e9rdek\u00e9ben. Mondjon b\u00facs\u00fat a villog\u00f3 k\u00e9perny\u0151knek, \u00e9s \u00e9lvezze a krist\u00e1lytiszta l\u00e1tv\u00e1nyt ezzel az alapvet\u0151 cserealkatr\u00e9szsel.<\/p>\n","protected":false},"featured_media":9331,"template":"","meta":[],"product_brand":[],"product_cat":[20],"product_tag":[28],"class_list":{"0":"post-9271","1":"product","2":"type-product","3":"status-publish","4":"has-post-thumbnail","6":"product_cat-cables","7":"product_tag-fujitsu","9":"first","10":"instock","11":"taxable","12":"shipping-taxable","13":"purchasable","14":"product-type-simple"},"_links":{"self":[{"href":"https:\/\/boreait.com\/hu\/wp-json\/wp\/v2\/product\/9271","targetHints":{"allow":["GET"]}}],"collection":[{"href":"https:\/\/boreait.com\/hu\/wp-json\/wp\/v2\/product"}],"about":[{"href":"https:\/\/boreait.com\/hu\/wp-json\/wp\/v2\/types\/product"}],"wp:featuredmedia":[{"embeddable":true,"href":"https:\/\/boreait.com\/hu\/wp-json\/wp\/v2\/media\/9331"}],"wp:attachment":[{"href":"https:\/\/boreait.com\/hu\/wp-json\/wp\/v2\/media?parent=9271"}],"wp:term":[{"taxonomy":"product_brand","embeddable":true,"href":"https:\/\/boreait.com\/hu\/wp-json\/wp\/v2\/product_brand?post=9271"},{"taxonomy":"product_cat","embeddable":true,"href":"https:\/\/boreait.com\/hu\/wp-json\/wp\/v2\/product_cat?post=9271"},{"taxonomy":"product_tag","embeddable":true,"href":"https:\/\/boreait.com\/hu\/wp-json\/wp\/v2\/product_tag?post=9271"}],"curies":[{"name":"wp","href":"https:\/\/api.w.org\/{rel}","templated":true}]}}