{"id":9261,"date":"2025-09-17T12:25:49","date_gmt":"2025-09-17T10:25:49","guid":{"rendered":"https:\/\/boreait.com\/hu\/?post_type=product&#038;p=9261"},"modified":"2026-02-04T08:50:38","modified_gmt":"2026-02-04T07:50:38","slug":"fujitsu-lifebook-ah531-hdd-fedel-cp515946-01-eredeti-laptop-alkatresz","status":"publish","type":"product","link":"https:\/\/boreait.com\/hu\/termek\/fujitsu-lifebook-ah531-hdd-fedel-cp515946-01-eredeti-laptop-alkatresz\/","title":{"rendered":"Fujitsu LifeBook AH531 HDD fed\u00e9l CP515946-01 &#8211; Eredeti laptop alkatr\u00e9sz"},"content":{"rendered":"<p>Alak\u00edtsa \u00e1t \u00e9s friss\u00edtse Fujitsu LifeBook AH531 k\u00e9sz\u00fcl\u00e9k\u00e9t ezzel az eredeti HDD-bor\u00edt\u00f3val. Ezt a t\u00f6k\u00e9letesre kidolgozott CP515946-01 alkatr\u00e9szt \u00fagy tervezt\u00e9k, hogy z\u00f6kken\u0151mentesen illeszkedjen, optim\u00e1lis teljes\u00edtm\u00e9nyt \u00e9s hossz\u00fa \u00e9lettartamot biztos\u00edtva laptopja sz\u00e1m\u00e1ra. St\u00edlusosan \u00f3vja merevlemez\u00e9t, \u00e9s \u00f3vja meg a port\u00f3l, szennyez\u0151d\u00e9sekt\u0151l \u00e9s a v\u00e9letlen s\u00e9r\u00fcl\u00e9sekt\u0151l.<\/p>\n<p>A kiv\u00e1l\u00f3 min\u0151s\u00e9g\u0171 anyagokb\u00f3l k\u00e9sz\u00fclt HDD-burkolat t\u00f6k\u00e9letes illeszked\u00e9st \u00e9s egyszer\u0171 telep\u00edt\u00e9st garant\u00e1l. Fokozza laptopja \u00e1ltal\u00e1nos megjelen\u00e9s\u00e9t, mik\u00f6zben meg\u0151rzi annak tart\u00f3ss\u00e1g\u00e1t \u00e9s funkcionalit\u00e1s\u00e1t. Mondjon b\u00facs\u00fat a merevlemez esetleges k\u00e1rosod\u00e1s\u00e1val kapcsolatos aggodalmaknak, \u00e9s \u00fcdv\u00f6z\u00f6lje a nyugalmat ezzel az alapvet\u0151 laptoptartoz\u00e9kkal.<\/p>\n<p>Fektesse be a legjobbat Fujitsu LifeBook AH531 k\u00e9sz\u00fcl\u00e9k\u00e9be ezzel az eredeti HDD-bor\u00edt\u00f3val. Friss\u00edtsen magabiztosan, tudva, hogy megb\u00edzhat\u00f3 \u00e9s hiteles alkatr\u00e9szt kap, amely jav\u00edtja a laptop \u00e9lm\u00e9ny\u00e9t. Ne el\u00e9gedjen meg kevesebbel, ha \u00e9rt\u00e9kes adatainak v\u00e9delm\u00e9r\u0151l \u00e9s k\u00e9sz\u00fcl\u00e9ke z\u00f6kken\u0151mentes m\u0171k\u00f6d\u00e9s\u00e9r\u0151l van sz\u00f3.<\/p>\n","protected":false},"excerpt":{"rendered":"<p>Fejtse fel Fujitsu LifeBook AH531 k\u00e9sz\u00fcl\u00e9k\u00e9t ezzel az eredeti HDD-fed\u00e9llel. Biztos\u00edtsa a t\u00f6k\u00e9letes kompatibilit\u00e1st a CP515946-01 cikksz\u00e1mmal. V\u00e9dje laptopja merevlemez\u00e9t, mik\u00f6zben st\u00edlust ad hozz\u00e1. Friss\u00edtse eszk\u00f6z\u00e9t k\u00f6nnyed\u00e9n!<\/p>\n","protected":false},"featured_media":9328,"template":"","meta":[],"product_brand":[],"product_cat":[16],"product_tag":[28],"class_list":{"0":"post-9261","1":"product","2":"type-product","3":"status-publish","4":"has-post-thumbnail","6":"product_cat-laptop-housing","7":"product_tag-fujitsu","9":"first","10":"instock","11":"taxable","12":"shipping-taxable","13":"purchasable","14":"product-type-simple"},"_links":{"self":[{"href":"https:\/\/boreait.com\/hu\/wp-json\/wp\/v2\/product\/9261","targetHints":{"allow":["GET"]}}],"collection":[{"href":"https:\/\/boreait.com\/hu\/wp-json\/wp\/v2\/product"}],"about":[{"href":"https:\/\/boreait.com\/hu\/wp-json\/wp\/v2\/types\/product"}],"wp:featuredmedia":[{"embeddable":true,"href":"https:\/\/boreait.com\/hu\/wp-json\/wp\/v2\/media\/9328"}],"wp:attachment":[{"href":"https:\/\/boreait.com\/hu\/wp-json\/wp\/v2\/media?parent=9261"}],"wp:term":[{"taxonomy":"product_brand","embeddable":true,"href":"https:\/\/boreait.com\/hu\/wp-json\/wp\/v2\/product_brand?post=9261"},{"taxonomy":"product_cat","embeddable":true,"href":"https:\/\/boreait.com\/hu\/wp-json\/wp\/v2\/product_cat?post=9261"},{"taxonomy":"product_tag","embeddable":true,"href":"https:\/\/boreait.com\/hu\/wp-json\/wp\/v2\/product_tag?post=9261"}],"curies":[{"name":"wp","href":"https:\/\/api.w.org\/{rel}","templated":true}]}}