{"id":9260,"date":"2025-09-17T12:25:49","date_gmt":"2025-09-17T10:25:49","guid":{"rendered":"https:\/\/boreait.com\/hu\/?post_type=product&#038;p=9260"},"modified":"2026-02-04T08:50:23","modified_gmt":"2026-02-04T07:50:23","slug":"fujitsu-lifebook-ah512-a512-a531-ah531-kepernyopantok-cp515945-02-cp515944-02","status":"publish","type":"product","link":"https:\/\/boreait.com\/hu\/termek\/fujitsu-lifebook-ah512-a512-a531-ah531-kepernyopantok-cp515945-02-cp515944-02\/","title":{"rendered":"Fujitsu Lifebook AH512 A512 A531 AH531 k\u00e9perny\u0151p\u00e1ntok &#8211; CP515945-02 CP515944-02"},"content":{"rendered":"<p>Alak\u00edtsa \u00e1t Fujitsu Lifebook AH512 A512 A531 AH531 k\u00e9sz\u00fcl\u00e9k\u00e9t ezekkel a kiv\u00e1l\u00f3 min\u0151s\u00e9g\u0171 Left &amp; Jobb oldali zsan\u00e9rok LCD-k\u00e9perny\u0151 konzolok. Ezek a CP515945-02 \u00e9s CP515944-02 cikksz\u00e1m\u00fa zsan\u00e9rok t\u00f6k\u00e9letesre kidolgozva biztos\u00edtj\u00e1k a laptop k\u00e9perny\u0151j\u00e9nek z\u00f6kken\u0151mentes nyit\u00e1s\u00e1t \u00e9s z\u00e1r\u00e1s\u00e1t. Mondjon b\u00facs\u00fat az ingatag k\u00e9perny\u0151knek, \u00e9s \u00fcdv\u00f6z\u00f6lje a stabilit\u00e1st \u00e9s a megb\u00edzhat\u00f3s\u00e1got.<\/p>\n<p>Tapasztalja meg a m\u00e9g soha nem l\u00e1tott tart\u00f3ss\u00e1got ezekkel a tart\u00f3sra tervezett zsan\u00e9rokkal. Pr\u00e9mium min\u0151s\u00e9g\u0171 anyagokb\u00f3l k\u00e9sz\u00fcltek, \u00edgy garant\u00e1lj\u00e1k a hosszan tart\u00f3 teljes\u00edtm\u00e9nyt, \u00e9s nyugalmat biztos\u00edtanak, ha a laptop k\u00e9perny\u0151je biztons\u00e1gosan r\u00f6gz\u00edtve van. Legyen sz\u00f3 profir\u00f3l vagy di\u00e1kr\u00f3l, ezek a zsan\u00e9rok n\u00e9lk\u00fcl\u00f6zhetetlenek mindenki sz\u00e1m\u00e1ra, aki tov\u00e1bb szeretn\u00e9 jav\u00edtani laptopja funkcionalit\u00e1s\u00e1t.<\/p>\n<p>Felejtsd el a k\u00e9perny\u0151 d\u0151l\u00e9ssz\u00f6g\u00e9nek folyamatos be\u00e1ll\u00edt\u00e1s\u00e1val j\u00e1r\u00f3 f\u00e1rads\u00e1got. Ezek a zsan\u00e9rok sima \u00e9s pontos mozg\u00e1st tesznek lehet\u0151v\u00e9, lehet\u0151v\u00e9 t\u00e9ve, hogy a k\u00e9perny\u0151t minden alkalommal a t\u00f6k\u00e9letes sz\u00f6gbe \u00e1ll\u00edtsa. N\u00f6velje laptopja \u00e9lm\u00e9ny\u00e9t ezekkel a Fujitsu Lifebook zsan\u00e9rokkal, \u00e9s \u00e9lvezze a k\u00e9nyelmet \u00e9s a stabilit\u00e1st, amelyet mindennapi feladataihoz ny\u00fajtanak.<\/p>\n","protected":false},"excerpt":{"rendered":"<p>Friss\u00edtse Fujitsu Lifebook AH512 A512 A531 AH531 k\u00e9sz\u00fcl\u00e9k\u00e9t ezekkel a kiv\u00e1l\u00f3 min\u0151s\u00e9g\u0171 Left &amp; Jobb oldali LCD k\u00e9perny\u0151 zsan\u00e9rok. Ezek a tart\u00f3konzolok (cikksz\u00e1mok: CP515945-02 \u00e9s CP515944-02) professzion\u00e1lisan kidolgozott, hogy biztos\u00edts\u00e1k a t\u00f6k\u00e9letes illeszked\u00e9st, biztons\u00e1gban tartj\u00e1k a k\u00e9perny\u0151t, mik\u00f6zben tart\u00f3ss\u00e1got \u00e9s st\u00edlust adnak hozz\u00e1. Mondjon b\u00facs\u00fat a gyeng\u00e9d zsan\u00e9roknak, \u00e9s k\u00f6sz\u00f6nj\u00f6n a tart\u00f3s teljes\u00edtm\u00e9nynek.<\/p>\n","protected":false},"featured_media":9327,"template":"","meta":[],"product_brand":[],"product_cat":[19],"product_tag":[28],"class_list":{"0":"post-9260","1":"product","2":"type-product","3":"status-publish","4":"has-post-thumbnail","6":"product_cat-screen-hinge","7":"product_tag-fujitsu","9":"first","10":"instock","11":"taxable","12":"shipping-taxable","13":"purchasable","14":"product-type-simple"},"_links":{"self":[{"href":"https:\/\/boreait.com\/hu\/wp-json\/wp\/v2\/product\/9260","targetHints":{"allow":["GET"]}}],"collection":[{"href":"https:\/\/boreait.com\/hu\/wp-json\/wp\/v2\/product"}],"about":[{"href":"https:\/\/boreait.com\/hu\/wp-json\/wp\/v2\/types\/product"}],"wp:featuredmedia":[{"embeddable":true,"href":"https:\/\/boreait.com\/hu\/wp-json\/wp\/v2\/media\/9327"}],"wp:attachment":[{"href":"https:\/\/boreait.com\/hu\/wp-json\/wp\/v2\/media?parent=9260"}],"wp:term":[{"taxonomy":"product_brand","embeddable":true,"href":"https:\/\/boreait.com\/hu\/wp-json\/wp\/v2\/product_brand?post=9260"},{"taxonomy":"product_cat","embeddable":true,"href":"https:\/\/boreait.com\/hu\/wp-json\/wp\/v2\/product_cat?post=9260"},{"taxonomy":"product_tag","embeddable":true,"href":"https:\/\/boreait.com\/hu\/wp-json\/wp\/v2\/product_tag?post=9260"}],"curies":[{"name":"wp","href":"https:\/\/api.w.org\/{rel}","templated":true}]}}