{"id":9259,"date":"2025-09-17T12:25:48","date_gmt":"2025-09-17T10:25:48","guid":{"rendered":"https:\/\/boreait.com\/hu\/?post_type=product&#038;p=9259"},"modified":"2026-02-04T08:49:58","modified_gmt":"2026-02-04T07:49:58","slug":"fujitsu-lifebook-a531-ah512-a531-bekapcsologomb-csuklopant-borito-diszelolap-cp515527-01","status":"publish","type":"product","link":"https:\/\/boreait.com\/hu\/termek\/fujitsu-lifebook-a531-ah512-a531-bekapcsologomb-csuklopant-borito-diszelolap-cp515527-01\/","title":{"rendered":"Fujitsu Lifebook A531 AH512 A531 bekapcsol\u00f3gomb csukl\u00f3p\u00e1nt bor\u00edt\u00f3 d\u00edszel\u0151lap CP515527-01"},"content":{"rendered":"<p>M\u00f3dos\u00edtsa Fujitsu Lifebook A531 AH512 A531 megjelen\u00e9s\u00e9t ezzel az eleg\u00e1ns bekapcsol\u00f3gombos csukl\u00f3p\u00e1nttal. A t\u00f6k\u00e9letesre kidolgozott CP515527-01 szeg\u00e9lyl\u00e9c egy k\u00f6telez\u0151 tartoz\u00e9k laptopja eszt\u00e9tikai megjelen\u00e9s\u00e9hez. Kiv\u00e1l\u00f3 min\u0151s\u00e9g\u0171 anyagokb\u00f3l k\u00e9sz\u00fclt, \u00edgy biztos\u00edtja a tart\u00f3ss\u00e1got \u00e9s a hossz\u00fa \u00e9lettartamot.<\/p>\n<p>Mondjon b\u00facs\u00fat az unalmas \u00e9s h\u00e9tk\u00f6znapi diz\u00e1jnoknak, mivel ez a bekapcsol\u00f3gombos csukl\u00f3p\u00e1ntos burkolat egy csipetnyi kifinomults\u00e1got k\u00f6lcs\u00f6n\u00f6z k\u00e9sz\u00fcl\u00e9k\u00e9nek. K\u00f6nnyen telep\u00edthet\u0151, z\u00f6kken\u0151mentesen illeszkedik laptopj\u00e1ra, friss \u00e9s modern megjelen\u00e9st k\u00f6lcs\u00f6n\u00f6zve neki. A prec\u00edz kialak\u00edt\u00e1s garant\u00e1lja a t\u00f6k\u00e9letes illeszked\u00e9st, jav\u00edtva Fujitsu Lifebookja \u00e1ltal\u00e1nos megjelen\u00e9s\u00e9t.<\/p>\n<p>Friss\u00edtse laptopj\u00e1t ezzel a st\u00edlusos bekapcsol\u00f3gombos csukl\u00f3p\u00e1nttal m\u00e9g ma, \u00e9s t\u0171nj\u00f6n ki a t\u00f6megb\u0151l. Ak\u00e1r di\u00e1k, ak\u00e1r profi, ak\u00e1r technol\u00f3giai rajong\u00f3, ez a kieg\u00e9sz\u00edt\u0151 biztosan leny\u0171g\u00f6z. Emelje fel eszk\u00f6ze st\u00edlus\u00e1t, \u00e9s tegyen nyilatkozatot ezzel a pr\u00e9mium CP515527-01 d\u00edszl\u00e9ccs\u00edkkal.<\/p>\n","protected":false},"excerpt":{"rendered":"<p>Emelje fel Fujitsu Lifebook A531 AH512 A531 k\u00e9sz\u00fcl\u00e9k\u00e9t ezzel az eleg\u00e1ns bekapcsol\u00f3gomb-p\u00e1nttal. Ez a t\u00f6k\u00e9letesre kidolgozott szeg\u00e9lyl\u00e9ccs\u00edk (CP515527-01) egy csipet kifinomults\u00e1got k\u00f6lcs\u00f6n\u00f6z laptopj\u00e1nak. Mondjon b\u00facs\u00fat a h\u00e9tk\u00f6znapi diz\u00e1jnoknak, \u00e9s \u00fcdv\u00f6z\u00f6lje eszk\u00f6ze st\u00edlusos friss\u00edt\u00e9s\u00e9t.<\/p>\n","protected":false},"featured_media":9326,"template":"","meta":[],"product_brand":[],"product_cat":[16],"product_tag":[28],"class_list":{"0":"post-9259","1":"product","2":"type-product","3":"status-publish","4":"has-post-thumbnail","6":"product_cat-laptop-housing","7":"product_tag-fujitsu","9":"first","10":"instock","11":"taxable","12":"shipping-taxable","13":"purchasable","14":"product-type-simple"},"_links":{"self":[{"href":"https:\/\/boreait.com\/hu\/wp-json\/wp\/v2\/product\/9259","targetHints":{"allow":["GET"]}}],"collection":[{"href":"https:\/\/boreait.com\/hu\/wp-json\/wp\/v2\/product"}],"about":[{"href":"https:\/\/boreait.com\/hu\/wp-json\/wp\/v2\/types\/product"}],"wp:featuredmedia":[{"embeddable":true,"href":"https:\/\/boreait.com\/hu\/wp-json\/wp\/v2\/media\/9326"}],"wp:attachment":[{"href":"https:\/\/boreait.com\/hu\/wp-json\/wp\/v2\/media?parent=9259"}],"wp:term":[{"taxonomy":"product_brand","embeddable":true,"href":"https:\/\/boreait.com\/hu\/wp-json\/wp\/v2\/product_brand?post=9259"},{"taxonomy":"product_cat","embeddable":true,"href":"https:\/\/boreait.com\/hu\/wp-json\/wp\/v2\/product_cat?post=9259"},{"taxonomy":"product_tag","embeddable":true,"href":"https:\/\/boreait.com\/hu\/wp-json\/wp\/v2\/product_tag?post=9259"}],"curies":[{"name":"wp","href":"https:\/\/api.w.org\/{rel}","templated":true}]}}