{"id":9258,"date":"2025-09-17T12:25:47","date_gmt":"2025-09-17T10:25:47","guid":{"rendered":"https:\/\/boreait.com\/hu\/?post_type=product&#038;p=9258"},"modified":"2025-09-17T12:27:43","modified_gmt":"2025-09-17T10:27:43","slug":"fujitsu-lifebook-ah531-alaplap-cp515978-01-da0fh5mb6f0","status":"publish","type":"product","link":"https:\/\/boreait.com\/hu\/termek\/fujitsu-lifebook-ah531-alaplap-cp515978-01-da0fh5mb6f0\/","title":{"rendered":"Fujitsu Lifebook AH531 alaplap CP515978-01 DA0FH5MB6F0"},"content":{"rendered":"<p>Engedd szabadj\u00e1ra Fujitsu Lifebook AH531-edben rejl\u0151 teljes potenci\u00e1lt a cs\u00facskateg\u00f3ri\u00e1s alaplap cser\u00e9vel, a CP515978-01 31FH5MB0050 DA0FH5MB6F0 REV:F. Ez a t\u00f6k\u00e9letesre tervezett alaplap z\u00f6kken\u0151mentes teljes\u00edtm\u00e9nyt \u00e9s tov\u00e1bbfejlesztett funkcionalit\u00e1st biztos\u00edt eszk\u00f6ze sz\u00e1m\u00e1ra. A prec\u00edzi\u00f3s tervez\u00e9snek k\u00f6sz\u00f6nhet\u0151en optim\u00e1lis kompatibilit\u00e1st \u00e9s megb\u00edzhat\u00f3s\u00e1got garant\u00e1l, lehet\u0151v\u00e9 t\u00e9ve az \u00d6n sz\u00e1m\u00e1ra, hogy k\u00f6nnyed\u00e9n v\u00e9gezzen t\u00f6bb feladatot.<\/p>\n<p>Friss\u00edtse sz\u00e1m\u00edt\u00e1stechnikai \u00e9lm\u00e9ny\u00e9t ezzel a kiv\u00e1l\u00f3 min\u0151s\u00e9g\u0171 alaplappal, amely z\u00f6kken\u0151mentes m\u0171k\u00f6d\u00e9st \u00e9s gyorsabb feldolgoz\u00e1si sebess\u00e9get \u00edg\u00e9r. Mondjon b\u00facs\u00fat a k\u00e9s\u00e9seknek \u00e9s a rendszer\u00f6sszeoml\u00e1soknak, mik\u00f6zben elm\u00e9ly\u00fcl a megszak\u00edt\u00e1s n\u00e9lk\u00fcli termel\u00e9kenys\u00e9gben \u00e9s a mag\u00e1val ragad\u00f3 sz\u00f3rakoz\u00e1sban. Legyen sz\u00f3 profi, aki neh\u00e9z feladatokat int\u00e9z, vagy egy j\u00e1t\u00e9krajong\u00f3, aki cs\u00facsmin\u0151s\u00e9g\u0171 grafik\u00e1t keres, ez az alaplap t\u00f6k\u00e9letes t\u00e1rs.<\/p>\n<p>Fekessen be eszk\u00f6ze j\u00f6v\u0151j\u00e9be a Fujitsu Lifebook AH531 alaplappal, amely megv\u00e1ltoztatja a technol\u00f3gia vil\u00e1g\u00e1t. Emelje \u00faj magass\u00e1gokba felhaszn\u00e1l\u00f3i \u00e9lm\u00e9ny\u00e9t, \u00e9s \u00e9lvezze az igaz\u00e1n meg\u00e9rdemelt z\u00f6kken\u0151mentes teljes\u00edtm\u00e9nyt. Friss\u00edtsen most, \u00e9s legyen tan\u00faja eszk\u00f6ze \u00e1ltal\u00e1nos hat\u00e9konys\u00e1g\u00e1nak \u00e9s sebess\u00e9g\u00e9nek jelent\u0151s n\u00f6veked\u00e9s\u00e9nek.<\/p>\n","protected":false},"excerpt":{"rendered":"<p>Engedd szabadj\u00e1ra Fujitsu Lifebook AH531-edben rejl\u0151 teljes potenci\u00e1lt ezzel a kiv\u00e1l\u00f3 min\u0151s\u00e9g\u0171 alaplapcser\u00e9vel. Ez a t\u00f6k\u00e9letesre tervezett CP515978-01 alaplap (cikksz\u00e1m: 31FH5MB0050 DA0FH5MB6F0 REV:F) z\u00f6kken\u0151mentes teljes\u00edtm\u00e9nyt \u00e9s megb\u00edzhat\u00f3s\u00e1got biztos\u00edt. Friss\u00edtse laptopj\u00e1t k\u00f6nnyed\u00e9n, \u00e9s pillanatok alatt visszat\u00e9rhet a g\u00f6rd\u00fcl\u00e9keny sz\u00e1m\u00edt\u00e1stechnik\u00e1hoz.<\/p>\n","protected":false},"featured_media":9324,"template":"","meta":[],"product_brand":[],"product_cat":[27],"product_tag":[28],"class_list":{"0":"post-9258","1":"product","2":"type-product","3":"status-publish","4":"has-post-thumbnail","6":"product_cat-motherboards-board-parts","7":"product_tag-fujitsu","9":"first","10":"instock","11":"taxable","12":"shipping-taxable","13":"purchasable","14":"product-type-simple"},"_links":{"self":[{"href":"https:\/\/boreait.com\/hu\/wp-json\/wp\/v2\/product\/9258","targetHints":{"allow":["GET"]}}],"collection":[{"href":"https:\/\/boreait.com\/hu\/wp-json\/wp\/v2\/product"}],"about":[{"href":"https:\/\/boreait.com\/hu\/wp-json\/wp\/v2\/types\/product"}],"wp:featuredmedia":[{"embeddable":true,"href":"https:\/\/boreait.com\/hu\/wp-json\/wp\/v2\/media\/9324"}],"wp:attachment":[{"href":"https:\/\/boreait.com\/hu\/wp-json\/wp\/v2\/media?parent=9258"}],"wp:term":[{"taxonomy":"product_brand","embeddable":true,"href":"https:\/\/boreait.com\/hu\/wp-json\/wp\/v2\/product_brand?post=9258"},{"taxonomy":"product_cat","embeddable":true,"href":"https:\/\/boreait.com\/hu\/wp-json\/wp\/v2\/product_cat?post=9258"},{"taxonomy":"product_tag","embeddable":true,"href":"https:\/\/boreait.com\/hu\/wp-json\/wp\/v2\/product_tag?post=9258"}],"curies":[{"name":"wp","href":"https:\/\/api.w.org\/{rel}","templated":true}]}}