{"id":925,"date":"2025-09-17T09:46:28","date_gmt":"2025-09-17T07:46:28","guid":{"rendered":"https:\/\/boreait.com\/hu\/?post_type=product&#038;p=925"},"modified":"2026-01-07T10:06:08","modified_gmt":"2026-01-07T09:06:08","slug":"sc20x55499-lenovo-lcd-webcamera-ideapad-3-15iil05","status":"publish","type":"product","link":"https:\/\/boreait.com\/hu\/termek\/sc20x55499-lenovo-lcd-webcamera-ideapad-3-15iil05\/","title":{"rendered":"SC20X55499 LENOVO LCD WEBCAMERA IDEAPAD 3 15IIL05"},"content":{"rendered":"<p>Fokozza videokommunik\u00e1ci\u00f3j\u00e1t \u00e9s r\u00f6gz\u00edt\u00e9si \u00e9lm\u00e9ny\u00e9t az SC20X55499 Lenovo LCD webkamer\u00e1val Ideapad 3 15IIL05-h\u00f6z. Ez az eredeti webkamera modul t\u00f6k\u00e9letes helyettes\u00edti vagy friss\u00edti laptopja megl\u00e9v\u0151 webkamer\u00e1j\u00e1t, tiszta \u00e9s \u00e9les l\u00e1tv\u00e1nyt ny\u00fajtva videoh\u00edv\u00e1sokhoz, online \u00e9rtekezletekhez \u00e9s videofelv\u00e9telekhez.<\/p>\n<p>A kifejezetten az Ideapad 3 15IIL05-h\u00f6z tervezett SC20X55499 webkamera z\u00f6kken\u0151mentes kompatibilit\u00e1st \u00e9s egyszer\u0171 telep\u00edt\u00e9st biztos\u00edt. Kiv\u00e1l\u00f3 min\u0151s\u00e9g\u0171 fel\u00e9p\u00edt\u00e9s\u00e9vel \u00e9s fejlett k\u00e9palkot\u00f3 technol\u00f3gi\u00e1j\u00e1val pontos sz\u00edneket \u00e9s \u00e9les r\u00e9szleteket r\u00f6gz\u00edt, lehet\u0151v\u00e9 t\u00e9ve, hogy kapcsolatban maradjon bar\u00e1taival, csal\u00e1dj\u00e1val \u00e9s koll\u00e9g\u00e1ival nagyfelbont\u00e1s\u00fa videoh\u00edv\u00e1sok sor\u00e1n.<\/p>\n<p>Ak\u00e1r virtu\u00e1lis tal\u00e1lkoz\u00f3kon vesz r\u00e9szt, online \u00f3r\u00e1kon vesz r\u00e9szt, vagy egyszer\u0171en csak kapcsolatot tart szeretteivel, egy megb\u00edzhat\u00f3 webkamera elengedhetetlen. Az SC20X55499 Lenovo LCD webkamera kiv\u00e1l\u00f3 k\u00e9p\u00e9rz\u00e9kel\u0151j\u00e9nek \u00e9s fejlett zajsz\u0171r\u0151 technol\u00f3gi\u00e1j\u00e1nak k\u00f6sz\u00f6nhet\u0151en z\u00f6kken\u0151mentes videostreaminget \u00e9s cs\u00f6kkenti az elmos\u00f3d\u00e1st m\u00e9g gyenge f\u00e9nyviszonyok k\u00f6z\u00f6tt is.<\/p>\n<p>Be\u00e9p\u00edtett mikrofonj\u00e1val a webkamera tiszta hangot is biztos\u00edt, \u00edgy a hangja hangosan \u00e9s tiszt\u00e1n hallhat\u00f3 videoh\u00edv\u00e1sok k\u00f6zben. Felhaszn\u00e1l\u00f3bar\u00e1t kialak\u00edt\u00e1sa lehet\u0151v\u00e9 teszi a be\u00e1ll\u00edt\u00e1sok egyszer\u0171 m\u00f3dos\u00edt\u00e1s\u00e1t, \u00edgy k\u00f6nnyed\u00e9n szab\u00e1lyozhatja a f\u00e9nyer\u0151t, a kontrasztot \u00e9s m\u00e1s szempontokat az \u00d6n ig\u00e9nyei szerint.<\/p>\n<p>Emellett az SC20X55499 webkamera tart\u00f3s \u00e9s \u00fagy k\u00e9sz\u00fclt, hogy ellen\u00e1lljon a napi haszn\u00e1latnak, \u00edgy biztos\u00edtva az Ideapad 3 15IIL05 hossz\u00fa t\u00e1v\u00fa teljes\u00edtm\u00e9ny\u00e9t. Z\u00f6kken\u0151mentesen illeszkedik a laptop diz\u00e1jnj\u00e1ba, meg\u0151rizve eleg\u00e1ns megjelen\u00e9s\u00e9t, mik\u00f6zben jobb vide\u00f3kommunik\u00e1ci\u00f3s \u00e9lm\u00e9nyt k\u00edn\u00e1l.<\/p>\n<p>Friss\u00edtse laptopja webkamer\u00e1j\u00e1t az SC20X55499 Lenovo LCD webkamer\u00e1val, \u00e9s emelje videokommunik\u00e1ci\u00f3j\u00e1t teljesen \u00faj szintre. \u00c9lvezze a krist\u00e1lytiszta l\u00e1tv\u00e1nyt, az \u00e9les hangot \u00e9s a k\u00f6nny\u0171 telep\u00edt\u00e9st ezzel az eredeti webkamera modullal. Maradjon kapcsolatban bar\u00e1taival, csal\u00e1dj\u00e1val \u00e9s koll\u00e9g\u00e1ival, mint m\u00e9g soha, ezzel az Ideapad 3 15IIL05 n\u00e9lk\u00fcl\u00f6zhetetlen tartoz\u00e9kkal.<\/p>\n","protected":false},"excerpt":{"rendered":"<p>Friss\u00edtse Ideapad 3 15IIL05 k\u00e9sz\u00fcl\u00e9k\u00e9t az SC20X55499 Lenovo LCD webkamer\u00e1val. Ez az eredeti webkamera modul lehet\u0151v\u00e9 teszi, hogy \u00e9lvezze a tiszta videoh\u00edv\u00e1sokat, online tal\u00e1lkoz\u00f3kat \u00e9s videofelv\u00e9teleket. \u00dagy tervezt\u00e9k, hogy t\u00f6k\u00e9letesen illeszkedjen a laptopj\u00e1ba, egyszer\u0171 telep\u00edt\u00e9st \u00e9s optim\u00e1lis teljes\u00edtm\u00e9nyt biztos\u00edtva.<\/p>\n","protected":false},"featured_media":1004,"template":"","meta":[],"product_brand":[],"product_cat":[23],"product_tag":[26],"class_list":{"0":"post-925","1":"product","2":"type-product","3":"status-publish","4":"has-post-thumbnail","6":"product_cat-laptop-camera","7":"product_tag-lenovo","9":"first","10":"instock","11":"taxable","12":"shipping-taxable","13":"purchasable","14":"product-type-simple"},"_links":{"self":[{"href":"https:\/\/boreait.com\/hu\/wp-json\/wp\/v2\/product\/925","targetHints":{"allow":["GET"]}}],"collection":[{"href":"https:\/\/boreait.com\/hu\/wp-json\/wp\/v2\/product"}],"about":[{"href":"https:\/\/boreait.com\/hu\/wp-json\/wp\/v2\/types\/product"}],"wp:featuredmedia":[{"embeddable":true,"href":"https:\/\/boreait.com\/hu\/wp-json\/wp\/v2\/media\/1004"}],"wp:attachment":[{"href":"https:\/\/boreait.com\/hu\/wp-json\/wp\/v2\/media?parent=925"}],"wp:term":[{"taxonomy":"product_brand","embeddable":true,"href":"https:\/\/boreait.com\/hu\/wp-json\/wp\/v2\/product_brand?post=925"},{"taxonomy":"product_cat","embeddable":true,"href":"https:\/\/boreait.com\/hu\/wp-json\/wp\/v2\/product_cat?post=925"},{"taxonomy":"product_tag","embeddable":true,"href":"https:\/\/boreait.com\/hu\/wp-json\/wp\/v2\/product_tag?post=925"}],"curies":[{"name":"wp","href":"https:\/\/api.w.org\/{rel}","templated":true}]}}